{"id":1381,"date":"2025-11-21T02:05:03","date_gmt":"2025-11-21T02:05:03","guid":{"rendered":"https:\/\/www.billiondaysupplier.com\/?post_type=product&#038;p=1381"},"modified":"2025-11-21T02:05:04","modified_gmt":"2025-11-21T02:05:04","slug":"wholesale-catering-chafing-dish","status":"publish","type":"product","link":"https:\/\/www.billiondaysupplier.com\/de\/product\/wholesale-catering-chafing-dish\/","title":{"rendered":"Gro\u00dfhandel Catering Chafing Dish, Square Food Warmer mit Glasdeckel Custom"},"content":{"rendered":"<div class=\"wp-block-columns is-layout-flex wp-container-core-columns-is-layout-9d6595d7 wp-block-columns-is-layout-flex\">\n<div class=\"wp-block-column is-layout-flow wp-block-column-is-layout-flow\">\n<h2 class=\"wp-block-heading\">Catering Chafing Dish Merkmale:<\/h2>\n\n\n\n<p><strong>Stilvolles Erscheinungsbild:<\/strong> Die galvanische Glanzgoldbeschichtung auf hochwertigem Edelstahl ist korrosions- und oxidationsbest\u00e4ndig und sorgt f\u00fcr zus\u00e4tzlichen Luxus und Klasse.<\/p>\n\n\n\n<p><strong>Glas-Deckel<\/strong>: Erm\u00f6glicht es dem Benutzer, das Innere der Lebensmittel zu sehen, ohne den Deckel \u00f6ffnen zu m\u00fcssen. Dies verhindert W\u00e4rmeverluste durch h\u00e4ufiges \u00d6ffnen des Deckels und bewahrt somit die Temperatur und Feuchtigkeit der Lebensmittel.<\/p>\n\n\n\n<p><strong>Geteilter Innentopf<\/strong>: Sie k\u00f6nnen ein oder zwei verschiedene Gerichte gleichzeitig warmhalten und so die Pr\u00e4sentation f\u00fcr verschiedene Anl\u00e4sse verbessern.<\/p>\n\n\n\n<p><strong>Erh\u00f6hte Beine<\/strong>: Der Backofen wird von der Arbeitsplatte ferngehalten, wodurch er nicht nur sicherer und sch\u00f6ner aussieht, sondern auch leichter zu reinigen ist, was wiederum das Ambiente des Essbereichs verbessert.<\/p>\n\n\n\n<p><strong>Vielseitig:<\/strong> F\u00fcr Hotels, Buffets, Hochzeitsbankette und viele andere Orte erf\u00fcllt er die Anforderungen der kommerziellen Gastronomie: effizient, langlebig und elegant im Aussehen.<\/p>\n\n\n\n<p><strong>Leicht zu reinigen<\/strong>: Die glatte Oberfl\u00e4che aus hochwertigem Edelstahl und Glas erm\u00f6glicht eine einfache Reinigung und Wartung und steigert die Effizienz.<\/p>\n\n\n\n<p><strong>OEM-Dienst<\/strong>: Wir bieten kundenspezifische Logos, Farben, Kapazit\u00e4ten, Stile und Verpackungen, um den unterschiedlichen Marktanforderungen gerecht zu werden.<\/p>\n<\/div>\n\n\n\n<div class=\"wp-block-column is-layout-flow wp-block-column-is-layout-flow\">\n<figure class=\"wp-block-image size-full\"><img decoding=\"async\" width=\"800\" height=\"800\" src=\"https:\/\/www.billiondaysupplier.com\/wp-content\/uploads\/2025\/11\/chafing-dish-manufacturers-in-china.webp\" alt=\"chafing dish hersteller in china\" class=\"wp-image-1384\" srcset=\"https:\/\/www.billiondaysupplier.com\/wp-content\/uploads\/2025\/11\/chafing-dish-manufacturers-in-china.webp 800w, https:\/\/www.billiondaysupplier.com\/wp-content\/uploads\/2025\/11\/chafing-dish-manufacturers-in-china-300x300.webp 300w, https:\/\/www.billiondaysupplier.com\/wp-content\/uploads\/2025\/11\/chafing-dish-manufacturers-in-china-150x150.webp 150w, https:\/\/www.billiondaysupplier.com\/wp-content\/uploads\/2025\/11\/chafing-dish-manufacturers-in-china-768x768.webp 768w, https:\/\/www.billiondaysupplier.com\/wp-content\/uploads\/2025\/11\/chafing-dish-manufacturers-in-china-12x12.webp 12w, https:\/\/www.billiondaysupplier.com\/wp-content\/uploads\/2025\/11\/chafing-dish-manufacturers-in-china-600x600.webp 600w, https:\/\/www.billiondaysupplier.com\/wp-content\/uploads\/2025\/11\/chafing-dish-manufacturers-in-china-100x100.webp 100w\" sizes=\"(max-width: 800px) 100vw, 800px\" \/><\/figure>\n<\/div>\n<\/div>","protected":false},"excerpt":{"rendered":"<p>Gro\u00dfhandel Catering Chafing Dish, hochwertige isolierte Speisenw\u00e4rmer, mit einem hohen Design, einem hydraulischen Deckel mit einem gro\u00dfen Glasfenster und einer unterteilten Innenauskleidung, wodurch sie f\u00fcr Bankette und Hotels geeignet sind. Wir bieten auch OEM-Dienstleistungen an. Wir freuen uns, wenn Sie sich mit uns in Verbindung setzen, um individuelle L\u00f6sungen f\u00fcr Bufet-Ger\u00e4te zu finden!<\/p>\n<h2>Catering Chafing Dish Parameter\uff1a<\/h2>\n<table border=\"0\" width=\"404\" cellspacing=\"0\" cellpadding=\"0\">\n<tbody>\n<tr>\n<td style=\"text-align: left;\" width=\"148\" height=\"24\"><strong>Material<\/strong><\/td>\n<td style=\"text-align: left;\" width=\"256\">Rostfreier Stahl 201<\/td>\n<\/tr>\n<tr>\n<td style=\"text-align: left;\" height=\"69\"><strong>Farbe<\/strong><\/td>\n<td style=\"text-align: left;\" width=\"256\">Gold\/Akzeptieren kundenspezifisch<\/td>\n<\/tr>\n<tr>\n<td style=\"text-align: left;\" height=\"24\"><strong>Heizmethode<\/strong><\/td>\n<td style=\"text-align: left;\">Brennstoff- oder Elektroheizung<\/td>\n<\/tr>\n<tr>\n<td style=\"text-align: left;\" height=\"24\"><strong>Kapazit\u00e4t<\/strong><\/td>\n<td style=\"text-align: left;\">6.0L<\/td>\n<\/tr>\n<tr>\n<td style=\"text-align: left;\" height=\"92\"><strong>Merkmal<\/strong><\/td>\n<td style=\"text-align: left;\" width=\"256\">1. Hydraulischer Deckel mit gro\u00dfem Glasfenster<br \/>2. Hochglanzpolierte abgerundete Kanten<br \/>3. Stabiler, aufrechter Rahmen<\/td>\n<\/tr>\n<tr>\n<td style=\"text-align: left;\" height=\"24\"><strong>Kundenspezifische Option<\/strong><\/td>\n<td style=\"text-align: left;\">Logo\/Farbe\/Gr\u00f6\u00dfe\/Verpackung\/Zubeh\u00f6r<\/td>\n<\/tr>\n<\/tbody>\n<\/table>","protected":false},"featured_media":1384,"comment_status":"closed","ping_status":"closed","template":"","meta":{"_acf_changed":false},"product_brand":[],"product_cat":[18],"product_tag":[],"class_list":{"0":"post-1381","1":"product","2":"type-product","3":"status-publish","4":"has-post-thumbnail","6":"product_cat-wholesale-chafing-dishes","8":"first","9":"instock","10":"shipping-taxable","11":"product-type-simple"},"acf":[],"_links":{"self":[{"href":"https:\/\/www.billiondaysupplier.com\/de\/wp-json\/wp\/v2\/product\/1381","targetHints":{"allow":["GET"]}}],"collection":[{"href":"https:\/\/www.billiondaysupplier.com\/de\/wp-json\/wp\/v2\/product"}],"about":[{"href":"https:\/\/www.billiondaysupplier.com\/de\/wp-json\/wp\/v2\/types\/product"}],"replies":[{"embeddable":true,"href":"https:\/\/www.billiondaysupplier.com\/de\/wp-json\/wp\/v2\/comments?post=1381"}],"wp:featuredmedia":[{"embeddable":true,"href":"https:\/\/www.billiondaysupplier.com\/de\/wp-json\/wp\/v2\/media\/1384"}],"wp:attachment":[{"href":"https:\/\/www.billiondaysupplier.com\/de\/wp-json\/wp\/v2\/media?parent=1381"}],"wp:term":[{"taxonomy":"product_brand","embeddable":true,"href":"https:\/\/www.billiondaysupplier.com\/de\/wp-json\/wp\/v2\/product_brand?post=1381"},{"taxonomy":"product_cat","embeddable":true,"href":"https:\/\/www.billiondaysupplier.com\/de\/wp-json\/wp\/v2\/product_cat?post=1381"},{"taxonomy":"product_tag","embeddable":true,"href":"https:\/\/www.billiondaysupplier.com\/de\/wp-json\/wp\/v2\/product_tag?post=1381"}],"curies":[{"name":"wp","href":"https:\/\/api.w.org\/{rel}","templated":true}]}}