{"id":1349,"date":"2025-10-28T01:55:52","date_gmt":"2025-10-28T01:55:52","guid":{"rendered":"https:\/\/www.billiondaysupplier.com\/?post_type=product&#038;p=1349"},"modified":"2025-11-02T23:53:11","modified_gmt":"2025-11-02T23:53:11","slug":"bulk-serving-tongs","status":"publish","type":"product","link":"https:\/\/www.billiondaysupplier.com\/de\/product\/bulk-serving-tongs\/","title":{"rendered":"Bulk Servierzange, Edelstahl Lebensmittel Clip f\u00fcr Buffet K\u00fcche Gro\u00dfhandel"},"content":{"rendered":"<div class=\"wp-block-columns is-layout-flex wp-container-core-columns-is-layout-9d6595d7 wp-block-columns-is-layout-flex\">\n<div class=\"wp-block-column is-layout-flow wp-block-column-is-layout-flow\">\n<h2 class=\"wp-block-heading\">Servierzange Merkmale:<\/h2>\n\n\n\n<p><strong>Hochwertiger rostfreier Stahl:<\/strong> Hergestellt aus hochfestem, korrosionsbest\u00e4ndigem 304-Edelstahl, der eine lange Lebensdauer gew\u00e4hrleistet und die Kosten f\u00fcr den Austausch von Ger\u00e4ten in der Gastronomie reduziert.<\/p>\n\n\n\n<p><strong>Hochglanzpoliert Oberfl\u00e4che:<\/strong> Glattes Polieren verringert das Anhaften von Lebensmitteln und erleichtert die Reinigung.<\/p>\n\n\n\n<p><strong>Hohle Konstruktion: <\/strong>Erm\u00f6glicht das schnelle Ablaufen von \u00d6l und Wasser, ideal zum Braten und Backen.<\/p>\n\n\n\n<p><strong>Bequemer Griff: <\/strong>Der ergonomisch geformte, verdickte Griff bietet einen sicheren, rutschfesten Halt und verringert das Risiko, dass Lebensmittel versch\u00fcttet werden.<\/p>\n\n\n\n<p><strong>Anpassungsf\u00e4hige Flexibilit\u00e4t<\/strong>: Das schlanke Design, das wahlweise in Gold oder Silber erh\u00e4ltlich ist, l\u00e4sst sich problemlos in die Inneneinrichtung von Restaurants, Schnellrestaurants, B\u00e4ckereien usw. integrieren. Es kann auch in Haushalten, bei Buffets, Picknicks usw. und f\u00fcr andere Unternehmenszwecke verwendet werden.<\/p>\n<\/div>\n\n\n\n<div class=\"wp-block-column is-layout-flow wp-block-column-is-layout-flow\">\n<figure class=\"wp-block-image size-full\"><img decoding=\"async\" width=\"1500\" height=\"1500\" src=\"https:\/\/www.billiondaysupplier.com\/wp-content\/uploads\/2025\/10\/wholesale-stainless-steel-serving-tongs-3.webp\" alt=\"Gro\u00dfhandel Edelstahl Servierzange (3)\" class=\"wp-image-1352\" srcset=\"https:\/\/www.billiondaysupplier.com\/wp-content\/uploads\/2025\/10\/wholesale-stainless-steel-serving-tongs-3.webp 1500w, https:\/\/www.billiondaysupplier.com\/wp-content\/uploads\/2025\/10\/wholesale-stainless-steel-serving-tongs-3-300x300.webp 300w, https:\/\/www.billiondaysupplier.com\/wp-content\/uploads\/2025\/10\/wholesale-stainless-steel-serving-tongs-3-150x150.webp 150w, https:\/\/www.billiondaysupplier.com\/wp-content\/uploads\/2025\/10\/wholesale-stainless-steel-serving-tongs-3-768x768.webp 768w, https:\/\/www.billiondaysupplier.com\/wp-content\/uploads\/2025\/10\/wholesale-stainless-steel-serving-tongs-3-12x12.webp 12w, https:\/\/www.billiondaysupplier.com\/wp-content\/uploads\/2025\/10\/wholesale-stainless-steel-serving-tongs-3-1200x1200.webp 1200w, https:\/\/www.billiondaysupplier.com\/wp-content\/uploads\/2025\/10\/wholesale-stainless-steel-serving-tongs-3-600x600.webp 600w, https:\/\/www.billiondaysupplier.com\/wp-content\/uploads\/2025\/10\/wholesale-stainless-steel-serving-tongs-3-100x100.webp 100w\" sizes=\"(max-width: 1500px) 100vw, 1500px\" \/><\/figure>\n<\/div>\n<\/div>\n\n\n\n<div class=\"wp-block-columns is-layout-flex wp-container-core-columns-is-layout-9d6595d7 wp-block-columns-is-layout-flex\">\n<div class=\"wp-block-column is-layout-flow wp-block-column-is-layout-flow\">\n<figure class=\"wp-block-image size-full\"><img decoding=\"async\" width=\"1500\" height=\"1500\" src=\"https:\/\/www.billiondaysupplier.com\/wp-content\/uploads\/2025\/10\/wholesale-stainless-steel-serving-tongs-2.webp\" alt=\"Gro\u00dfhandel Edelstahl Servierzange (2)\" class=\"wp-image-1351\" srcset=\"https:\/\/www.billiondaysupplier.com\/wp-content\/uploads\/2025\/10\/wholesale-stainless-steel-serving-tongs-2.webp 1500w, https:\/\/www.billiondaysupplier.com\/wp-content\/uploads\/2025\/10\/wholesale-stainless-steel-serving-tongs-2-300x300.webp 300w, https:\/\/www.billiondaysupplier.com\/wp-content\/uploads\/2025\/10\/wholesale-stainless-steel-serving-tongs-2-150x150.webp 150w, https:\/\/www.billiondaysupplier.com\/wp-content\/uploads\/2025\/10\/wholesale-stainless-steel-serving-tongs-2-768x768.webp 768w, https:\/\/www.billiondaysupplier.com\/wp-content\/uploads\/2025\/10\/wholesale-stainless-steel-serving-tongs-2-12x12.webp 12w, https:\/\/www.billiondaysupplier.com\/wp-content\/uploads\/2025\/10\/wholesale-stainless-steel-serving-tongs-2-1200x1200.webp 1200w, https:\/\/www.billiondaysupplier.com\/wp-content\/uploads\/2025\/10\/wholesale-stainless-steel-serving-tongs-2-600x600.webp 600w, https:\/\/www.billiondaysupplier.com\/wp-content\/uploads\/2025\/10\/wholesale-stainless-steel-serving-tongs-2-100x100.webp 100w\" sizes=\"(max-width: 1500px) 100vw, 1500px\" \/><\/figure>\n<\/div>\n\n\n\n<div class=\"wp-block-column is-layout-flow wp-block-column-is-layout-flow\">\n<figure class=\"wp-block-image size-full\"><img decoding=\"async\" width=\"1500\" height=\"1500\" src=\"https:\/\/www.billiondaysupplier.com\/wp-content\/uploads\/2025\/10\/wholesale-stainless-steel-serving-tongs-5.webp\" alt=\"Gro\u00dfhandel Edelstahl Servierzange (5)\" class=\"wp-image-1354\" srcset=\"https:\/\/www.billiondaysupplier.com\/wp-content\/uploads\/2025\/10\/wholesale-stainless-steel-serving-tongs-5.webp 1500w, https:\/\/www.billiondaysupplier.com\/wp-content\/uploads\/2025\/10\/wholesale-stainless-steel-serving-tongs-5-300x300.webp 300w, https:\/\/www.billiondaysupplier.com\/wp-content\/uploads\/2025\/10\/wholesale-stainless-steel-serving-tongs-5-150x150.webp 150w, https:\/\/www.billiondaysupplier.com\/wp-content\/uploads\/2025\/10\/wholesale-stainless-steel-serving-tongs-5-768x768.webp 768w, https:\/\/www.billiondaysupplier.com\/wp-content\/uploads\/2025\/10\/wholesale-stainless-steel-serving-tongs-5-12x12.webp 12w, https:\/\/www.billiondaysupplier.com\/wp-content\/uploads\/2025\/10\/wholesale-stainless-steel-serving-tongs-5-1200x1200.webp 1200w, https:\/\/www.billiondaysupplier.com\/wp-content\/uploads\/2025\/10\/wholesale-stainless-steel-serving-tongs-5-600x600.webp 600w, https:\/\/www.billiondaysupplier.com\/wp-content\/uploads\/2025\/10\/wholesale-stainless-steel-serving-tongs-5-100x100.webp 100w\" sizes=\"(max-width: 1500px) 100vw, 1500px\" \/><\/figure>\n<\/div>\n<\/div>","protected":false},"excerpt":{"rendered":"<p>Die Servierzange besteht aus verdicktem Edelstahl mit einer hohlen, \u00f6lableitenden Struktur. Hitzebest\u00e4ndig und rutschfest, geeignet f\u00fcr Buffets und K\u00fcchen. Fabrik direkt, Gro\u00dfhandelspreise sind vorteilhaft. Erkundigen Sie sich jetzt!<\/p>\n<h2>Servierzange Parameter\uff1a<\/h2>\n<table width=\"378\">\n<tbody>\n<tr>\n<td style=\"text-align: left;\" width=\"155\">Material<\/td>\n<td style=\"text-align: left;\" width=\"223\">Rostfreier Stahl 304 und verchromtes Eisen<\/td>\n<\/tr>\n<tr>\n<td>Farbe<\/td>\n<td width=\"223\">Silber \/ Gold<\/td>\n<\/tr>\n<tr>\n<td width=\"155\">Merkmal<\/td>\n<td width=\"223\">\n<p>1. Verdickter rostfreier Stahl<br \/>2. Hochglanzpolieren<br \/>3. Ausgeh\u00f6hlte Konstruktion<br \/>4. Ergonomischer, verdickter Griff<br \/>5. Kompatibilit\u00e4t mit mehreren Szenen<\/p>\n<\/td>\n<\/tr>\n<tr>\n<td>Kundenspezifische Option<\/td>\n<td style=\"text-align: left;\" width=\"223\">Logo\/Farbe\/Gr\u00f6\u00dfe\/Verpackung\/Zubeh\u00f6r<\/td>\n<\/tr>\n<\/tbody>\n<\/table>","protected":false},"featured_media":1350,"comment_status":"closed","ping_status":"closed","template":"","meta":{"_acf_changed":false},"product_brand":[],"product_cat":[23],"product_tag":[],"class_list":{"0":"post-1349","1":"product","2":"type-product","3":"status-publish","4":"has-post-thumbnail","6":"product_cat-wholesale-buffet-accessories","8":"first","9":"instock","10":"shipping-taxable","11":"product-type-simple"},"acf":[],"_links":{"self":[{"href":"https:\/\/www.billiondaysupplier.com\/de\/wp-json\/wp\/v2\/product\/1349","targetHints":{"allow":["GET"]}}],"collection":[{"href":"https:\/\/www.billiondaysupplier.com\/de\/wp-json\/wp\/v2\/product"}],"about":[{"href":"https:\/\/www.billiondaysupplier.com\/de\/wp-json\/wp\/v2\/types\/product"}],"replies":[{"embeddable":true,"href":"https:\/\/www.billiondaysupplier.com\/de\/wp-json\/wp\/v2\/comments?post=1349"}],"wp:featuredmedia":[{"embeddable":true,"href":"https:\/\/www.billiondaysupplier.com\/de\/wp-json\/wp\/v2\/media\/1350"}],"wp:attachment":[{"href":"https:\/\/www.billiondaysupplier.com\/de\/wp-json\/wp\/v2\/media?parent=1349"}],"wp:term":[{"taxonomy":"product_brand","embeddable":true,"href":"https:\/\/www.billiondaysupplier.com\/de\/wp-json\/wp\/v2\/product_brand?post=1349"},{"taxonomy":"product_cat","embeddable":true,"href":"https:\/\/www.billiondaysupplier.com\/de\/wp-json\/wp\/v2\/product_cat?post=1349"},{"taxonomy":"product_tag","embeddable":true,"href":"https:\/\/www.billiondaysupplier.com\/de\/wp-json\/wp\/v2\/product_tag?post=1349"}],"curies":[{"name":"wp","href":"https:\/\/api.w.org\/{rel}","templated":true}]}}