{"id":1342,"date":"2025-10-28T01:28:43","date_gmt":"2025-10-28T01:28:43","guid":{"rendered":"https:\/\/www.billiondaysupplier.com\/?post_type=product&#038;p=1342"},"modified":"2025-11-03T00:02:19","modified_gmt":"2025-11-03T00:02:19","slug":"wholesale-stainless-steel-spoons","status":"publish","type":"product","link":"https:\/\/www.billiondaysupplier.com\/de\/product\/wholesale-stainless-steel-spoons\/","title":{"rendered":"Gro\u00dfhandel Edelstahl L\u00f6ffel, Silber Gold Runde L\u00f6ffel Bulk"},"content":{"rendered":"<div class=\"wp-block-columns is-layout-flex wp-container-core-columns-is-layout-9d6595d7 wp-block-columns-is-layout-flex\">\n<div class=\"wp-block-column is-layout-flow wp-block-column-is-layout-flow\">\n<h2 class=\"wp-block-heading\">Edelstahl-Suppenl\u00f6ffel Merkmale:<\/h2>\n\n\n\n<p><strong>Ausgezeichnete eingedickte Materialien<\/strong>: Aus schwerem, robustem Edelstahl 304 gefertigt, h\u00e4lt er Verformungen \u00fcber einen langen Zeitraum stand, ist korrosionsbest\u00e4ndig und einfach zu reinigen, was Haltbarkeit und Sicherheit gew\u00e4hrleistet.<\/p>\n\n\n\n<p><strong>Bequemer Halt:<\/strong> Der l\u00e4ngere, dickere Griff liegt gut in der Hand und sorgt f\u00fcr einen sicheren Halt. Einige Modelle sind aus einem St\u00fcck gegossen, was die Gefahr des Verrutschens verringert und das Esserlebnis maximiert.<\/p>\n\n\n\n<p><strong>Zweifarbiges Premium-Design:<\/strong> Zwei zeitlose Farben, Silber und Gold, beide mit einer Hochglanzpolitur, ideal f\u00fcr den Hausgebrauch, das Restaurant oder als Geschenk, um Ihrem Geschirr ein neues Gesicht zu geben.<\/p>\n\n\n\n<p><strong>Maximierte Funktionalit\u00e4t:<\/strong> Der l\u00e4ngere L\u00f6ffelkopf (4 cm) oder die tiefe Schale eignet sich am besten zum Servieren fl\u00fcssiger Speisen wie Suppe und Brei. Der l\u00e4ngere Stiel (z. B. 20,2 cm) ist ergonomisch geformt, um ein genaues Sch\u00f6pfen zu erm\u00f6glichen und ein Versch\u00fctten zu verhindern.<\/p>\n<\/div>\n\n\n\n<div class=\"wp-block-column is-layout-flow wp-block-column-is-layout-flow\">\n<figure class=\"wp-block-image size-full\"><img decoding=\"async\" width=\"800\" height=\"800\" src=\"https:\/\/www.billiondaysupplier.com\/wp-content\/uploads\/2025\/10\/wholesale-soup-spoon-stainless-steel-3.webp\" alt=\"Gro\u00dfhandel Suppenl\u00f6ffel aus Edelstahl (3)\" class=\"wp-image-1345\" srcset=\"https:\/\/www.billiondaysupplier.com\/wp-content\/uploads\/2025\/10\/wholesale-soup-spoon-stainless-steel-3.webp 800w, https:\/\/www.billiondaysupplier.com\/wp-content\/uploads\/2025\/10\/wholesale-soup-spoon-stainless-steel-3-300x300.webp 300w, https:\/\/www.billiondaysupplier.com\/wp-content\/uploads\/2025\/10\/wholesale-soup-spoon-stainless-steel-3-150x150.webp 150w, https:\/\/www.billiondaysupplier.com\/wp-content\/uploads\/2025\/10\/wholesale-soup-spoon-stainless-steel-3-768x768.webp 768w, https:\/\/www.billiondaysupplier.com\/wp-content\/uploads\/2025\/10\/wholesale-soup-spoon-stainless-steel-3-12x12.webp 12w, https:\/\/www.billiondaysupplier.com\/wp-content\/uploads\/2025\/10\/wholesale-soup-spoon-stainless-steel-3-600x600.webp 600w, https:\/\/www.billiondaysupplier.com\/wp-content\/uploads\/2025\/10\/wholesale-soup-spoon-stainless-steel-3-100x100.webp 100w\" sizes=\"(max-width: 800px) 100vw, 800px\" \/><\/figure>\n<\/div>\n<\/div>","protected":false},"excerpt":{"rendered":"<p>Gro\u00dfhandel Edelstahl L\u00f6ffel, hochwertiges Material, erh\u00e4ltlich in Gold und Silber. Verf\u00fcgt \u00fcber einen verl\u00e4ngerten Griff und einen breiten Kopf, perfekt zum Servieren von Suppen, Brei, Desserts und andere Lebensmittel. Fabrikpreise, Massenanfertigung m\u00f6glich. Kontaktieren Sie uns jetzt f\u00fcr ein kostenloses Angebot und Muster!<\/p>\n<h2>Parameter\uff1a L\u00f6ffel aus rostfreiem Stahl<\/h2>\n<table style=\"height: 252px;\" width=\"378\">\n<tbody>\n<tr>\n<td style=\"text-align: left;\" width=\"155\">Material<\/td>\n<td style=\"text-align: left;\" width=\"223\">Rostfreier Stahl 304<\/td>\n<\/tr>\n<tr>\n<td>Farbe<\/td>\n<td width=\"223\">Silber \/ Gold<\/td>\n<\/tr>\n<tr>\n<td style=\"text-align: left;\">Merkmal<\/td>\n<td width=\"223\">\n<p>1. Dicker Edelstahl 304<br \/>2. Verl\u00e4ngerter, dicker Griff<br \/>3. Erh\u00e4ltlich in Gold oder Silber<br \/>4. Ergonomische Gestaltung<\/p>\n<\/td>\n<\/tr>\n<tr>\n<td>Kundenspezifische Option<\/td>\n<td width=\"223\">Logo\/Farbe\/Gr\u00f6\u00dfe\/Verpackung\/Zubeh\u00f6r<\/td>\n<\/tr>\n<\/tbody>\n<\/table>","protected":false},"featured_media":1343,"comment_status":"closed","ping_status":"closed","template":"","meta":{"_acf_changed":true},"product_brand":[],"product_cat":[23],"product_tag":[],"class_list":{"0":"post-1342","1":"product","2":"type-product","3":"status-publish","4":"has-post-thumbnail","6":"product_cat-wholesale-buffet-accessories","8":"first","9":"instock","10":"shipping-taxable","11":"product-type-simple"},"acf":[],"_links":{"self":[{"href":"https:\/\/www.billiondaysupplier.com\/de\/wp-json\/wp\/v2\/product\/1342","targetHints":{"allow":["GET"]}}],"collection":[{"href":"https:\/\/www.billiondaysupplier.com\/de\/wp-json\/wp\/v2\/product"}],"about":[{"href":"https:\/\/www.billiondaysupplier.com\/de\/wp-json\/wp\/v2\/types\/product"}],"replies":[{"embeddable":true,"href":"https:\/\/www.billiondaysupplier.com\/de\/wp-json\/wp\/v2\/comments?post=1342"}],"wp:featuredmedia":[{"embeddable":true,"href":"https:\/\/www.billiondaysupplier.com\/de\/wp-json\/wp\/v2\/media\/1343"}],"wp:attachment":[{"href":"https:\/\/www.billiondaysupplier.com\/de\/wp-json\/wp\/v2\/media?parent=1342"}],"wp:term":[{"taxonomy":"product_brand","embeddable":true,"href":"https:\/\/www.billiondaysupplier.com\/de\/wp-json\/wp\/v2\/product_brand?post=1342"},{"taxonomy":"product_cat","embeddable":true,"href":"https:\/\/www.billiondaysupplier.com\/de\/wp-json\/wp\/v2\/product_cat?post=1342"},{"taxonomy":"product_tag","embeddable":true,"href":"https:\/\/www.billiondaysupplier.com\/de\/wp-json\/wp\/v2\/product_tag?post=1342"}],"curies":[{"name":"wp","href":"https:\/\/api.w.org\/{rel}","templated":true}]}}