{"id":1335,"date":"2025-10-27T09:23:33","date_gmt":"2025-10-27T09:23:33","guid":{"rendered":"https:\/\/www.billiondaysupplier.com\/?post_type=product&#038;p=1335"},"modified":"2025-11-03T08:31:31","modified_gmt":"2025-11-03T08:31:31","slug":"bulk-seasoning-spice-box","status":"publish","type":"product","link":"https:\/\/www.billiondaysupplier.com\/de\/product\/bulk-seasoning-spice-box\/","title":{"rendered":"Bulk Seasoning Spice Box Edelstahl mit mehreren F\u00e4chern japanischen Stil"},"content":{"rendered":"<div class=\"wp-block-columns is-layout-flex wp-container-core-columns-is-layout-9d6595d7 wp-block-columns-is-layout-flex\">\n<div class=\"wp-block-column is-layout-flow wp-block-column-is-layout-flow\">\n<h2 class=\"wp-block-heading\">Seasoning Spice Box Eigenschaften:<\/h2>\n\n\n\n<p><strong>Verschiedene Gr\u00f6\u00dfen verf\u00fcgbar: <\/strong>Die Gew\u00fcrzbeh\u00e4lter sind in Gr\u00f6\u00dfen mit zwei, drei, vier und sechs F\u00e4chern erh\u00e4ltlich, von Modellen mit doppelter Unterteilung bis hin zu Modellen mit gro\u00dfem Fassungsverm\u00f6gen und mehreren F\u00e4chern, und erf\u00fcllen so die unterschiedlichen Anforderungen an die Aufbewahrung von Gew\u00fcrzen in Privathaushalten und Unternehmen.<\/p>\n\n\n\n<p><strong>Japanischer Stil: <\/strong>Mit dem modischen japanischen Aussehen, den schlanken Linien und der effizient organisierten Aufbewahrung wird die K\u00fcche aufger\u00e4umt und \u00fcbersichtlicher.<\/p>\n\n\n\n<p><strong>Unabh\u00e4ngige Kompartimente<\/strong>: Die Gew\u00fcrzf\u00e4cher sind einzeln verschlossen, um die Vermischung von Gew\u00fcrzen, W\u00fcrzmitteln und Saucen zu verhindern, so dass der urspr\u00fcngliche Geschmack erhalten bleibt und eine hygienische Verwendung gew\u00e4hrleistet ist.<\/p>\n\n\n\n<p><strong>Herausnehmbare Innenbox:<\/strong> Die Innenbox ist flexibel herausnehmbar, damit sie leicht sortiert und gereinigt werden kann. So wird sichergestellt, dass sich kein Schmutz in den Ecken ansammelt, was zus\u00e4tzlichen Komfort bietet.<\/p>\n\n\n\n<p><strong>Hochwertiges Material:<\/strong> Er ist aus lebensmittelechtem Edelstahl gefertigt, rost- und korrosionsbest\u00e4ndig und hat eine glatte, leicht zu reinigende Oberfl\u00e4che, die sich perfekt f\u00fcr stark beanspruchte K\u00fcchen eignet.<\/p>\n\n\n\n<p><strong>Hochwertige Textur<\/strong>: Mit einer matten dunkelgrauen oder silbernen Metallic-Oberfl\u00e4che, gepaart mit einer gl\u00e4nzenden reflektierenden Oberseite, verleiht die Box einen minimalistischen japanischen Look, der gut zur allgemeinen Eleganz Ihrer K\u00fcche passt.<\/p>\n\n\n\n<p><strong>Universelle Einsetzbarkeit<\/strong>: Ideal f\u00fcr die Hausmannskost, Restaurantk\u00fcchen, japanische Restaurants, Backstudios und dar\u00fcber hinaus f\u00fcr den privaten, gewerblichen und Gro\u00dfeinkaufsgebrauch.<\/p>\n\n\n\n<p><strong>Verf\u00fcgbar f\u00fcr Gro\u00dfhandel Anpassung<\/strong>: Bietet OEM\/ODM-Kundenanpassung mit anpassbarer Farbe, Gr\u00f6\u00dfe und Gitterl\u00e4nge, um die individuellen Anforderungen von Marken und H\u00e4ndlern zu erf\u00fcllen.<\/p>\n<\/div>\n\n\n\n<div class=\"wp-block-column is-layout-flow wp-block-column-is-layout-flow\">\n<figure class=\"wp-block-image size-full\"><img decoding=\"async\" width=\"2501\" height=\"2501\" src=\"https:\/\/www.billiondaysupplier.com\/wp-content\/uploads\/2025\/10\/wholesale-seasoning-spice-box-2.webp\" alt=\"Gro\u00dfhandel Gew\u00fcrze Gew\u00fcrz-Box (2)\" class=\"wp-image-1337\" srcset=\"https:\/\/www.billiondaysupplier.com\/wp-content\/uploads\/2025\/10\/wholesale-seasoning-spice-box-2.webp 2501w, https:\/\/www.billiondaysupplier.com\/wp-content\/uploads\/2025\/10\/wholesale-seasoning-spice-box-2-300x300.webp 300w, https:\/\/www.billiondaysupplier.com\/wp-content\/uploads\/2025\/10\/wholesale-seasoning-spice-box-2-150x150.webp 150w, https:\/\/www.billiondaysupplier.com\/wp-content\/uploads\/2025\/10\/wholesale-seasoning-spice-box-2-768x768.webp 768w, https:\/\/www.billiondaysupplier.com\/wp-content\/uploads\/2025\/10\/wholesale-seasoning-spice-box-2-12x12.webp 12w, https:\/\/www.billiondaysupplier.com\/wp-content\/uploads\/2025\/10\/wholesale-seasoning-spice-box-2-1200x1200.webp 1200w, https:\/\/www.billiondaysupplier.com\/wp-content\/uploads\/2025\/10\/wholesale-seasoning-spice-box-2-600x600.webp 600w, https:\/\/www.billiondaysupplier.com\/wp-content\/uploads\/2025\/10\/wholesale-seasoning-spice-box-2-100x100.webp 100w\" sizes=\"(max-width: 2501px) 100vw, 2501px\" \/><\/figure>\n<\/div>\n<\/div>","protected":false},"excerpt":{"rendered":"<p>Die Gew\u00fcrzdose im Gro\u00dfhandel zeichnet sich durch einen minimalistischen japanischen Stil aus und ist in verschiedenen Gr\u00f6\u00dfen erh\u00e4ltlich, von 2 bis 6 unabh\u00e4ngigen F\u00e4chern, um die \u00dcbertragung von Ger\u00fcchen zu verhindern, was sie zu einem wichtigen K\u00fcchenhelfer macht. Beste Gro\u00dfhandelspreise verf\u00fcgbar. Kontaktieren Sie uns f\u00fcr Preise!<\/p>\n<h2>Parameter\uff1a W\u00fcrzmittel-Gew\u00fcrzbox<\/h2>\n<table border=\"0\" width=\"404\" cellspacing=\"0\" cellpadding=\"0\">\n<tbody>\n<tr>\n<td style=\"text-align: left;\" width=\"148\" height=\"24\"><strong>Material<\/strong><\/td>\n<td style=\"text-align: left;\" width=\"256\">Rostfreier Stahl 201<\/td>\n<\/tr>\n<tr>\n<td style=\"text-align: left;\" height=\"24\"><strong>Farbe<\/strong><\/td>\n<td style=\"text-align: left;\">Band<\/td>\n<\/tr>\n<tr>\n<td style=\"text-align: left;\" width=\"148\" height=\"24\"><strong>Deckel<\/strong><\/td>\n<td style=\"text-align: left;\" width=\"256\">PP\/Stahl<\/td>\n<\/tr>\n<tr>\n<td style=\"text-align: left;\" height=\"24\"><strong>Abteil<\/strong><\/td>\n<td style=\"text-align: left;\">2\/3\/4\/6 \/8Abschnitt<\/td>\n<\/tr>\n<tr>\n<td style=\"text-align: left;\" height=\"92\"><strong>Merkmal<\/strong><\/td>\n<td style=\"text-align: left;\" width=\"256\">\n<p>1. Angemessene F\u00e4cher<br \/>2. Leicht zu reinigen<br \/>3. Stapelbar<\/p>\n<\/td>\n<\/tr>\n<tr>\n<td style=\"text-align: left;\" height=\"24\"><strong>Kundenspezifische Option<\/strong><\/td>\n<td style=\"text-align: left;\">Logo\/Gr\u00f6\u00dfe\/Verpackung\/Zubeh\u00f6r<\/td>\n<\/tr>\n<\/tbody>\n<\/table>","protected":false},"featured_media":1341,"comment_status":"closed","ping_status":"closed","template":"","meta":{"_acf_changed":false},"product_brand":[],"product_cat":[26],"product_tag":[],"class_list":{"0":"post-1335","1":"product","2":"type-product","3":"status-publish","4":"has-post-thumbnail","6":"product_cat-wholesale-seasoning-box","8":"first","9":"instock","10":"shipping-taxable","11":"product-type-simple"},"acf":[],"_links":{"self":[{"href":"https:\/\/www.billiondaysupplier.com\/de\/wp-json\/wp\/v2\/product\/1335","targetHints":{"allow":["GET"]}}],"collection":[{"href":"https:\/\/www.billiondaysupplier.com\/de\/wp-json\/wp\/v2\/product"}],"about":[{"href":"https:\/\/www.billiondaysupplier.com\/de\/wp-json\/wp\/v2\/types\/product"}],"replies":[{"embeddable":true,"href":"https:\/\/www.billiondaysupplier.com\/de\/wp-json\/wp\/v2\/comments?post=1335"}],"wp:featuredmedia":[{"embeddable":true,"href":"https:\/\/www.billiondaysupplier.com\/de\/wp-json\/wp\/v2\/media\/1341"}],"wp:attachment":[{"href":"https:\/\/www.billiondaysupplier.com\/de\/wp-json\/wp\/v2\/media?parent=1335"}],"wp:term":[{"taxonomy":"product_brand","embeddable":true,"href":"https:\/\/www.billiondaysupplier.com\/de\/wp-json\/wp\/v2\/product_brand?post=1335"},{"taxonomy":"product_cat","embeddable":true,"href":"https:\/\/www.billiondaysupplier.com\/de\/wp-json\/wp\/v2\/product_cat?post=1335"},{"taxonomy":"product_tag","embeddable":true,"href":"https:\/\/www.billiondaysupplier.com\/de\/wp-json\/wp\/v2\/product_tag?post=1335"}],"curies":[{"name":"wp","href":"https:\/\/api.w.org\/{rel}","templated":true}]}}