{"id":1330,"date":"2025-10-27T08:42:49","date_gmt":"2025-10-27T08:42:49","guid":{"rendered":"https:\/\/www.billiondaysupplier.com\/?post_type=product&#038;p=1330"},"modified":"2025-11-03T08:52:01","modified_gmt":"2025-11-03T08:52:01","slug":"bulk-electric-soup-warmer","status":"publish","type":"product","link":"https:\/\/www.billiondaysupplier.com\/de\/product\/bulk-electric-soup-warmer\/","title":{"rendered":"Bulk Elektrische Suppenw\u00e4rmer 13L mit Gewinde, runder Suppenkessel f\u00fcr Buffet Gro\u00dfhandel"},"content":{"rendered":"<div class=\"wp-block-columns is-layout-flex wp-container-core-columns-is-layout-9d6595d7 wp-block-columns-is-layout-flex\">\n<div class=\"wp-block-column is-layout-flow wp-block-column-is-layout-flow\">\n<h2 class=\"wp-block-heading\">Elektrischer Suppenw\u00e4rmer Merkmale:<\/h2>\n\n\n\n<p><strong>Zylindrischer Gewinderohling:<\/strong> Das Gewindedesign verbessert die strukturelle Stabilit\u00e4t und die Gesamtqualit\u00e4t und sorgt f\u00fcr ein hochwertiges, elegantes Aussehen.<\/p>\n\n\n\n<p><strong>Lebensmittelgeeigneter rostfreier Stahl:<\/strong> Die verdickte Edelstahlauskleidung entspricht den Lebensmittelstandards und gew\u00e4hrleistet eine zuverl\u00e4ssige W\u00e4rmespeicherung.<\/p>\n\n\n\n<p><strong>Herausnehmbares Innenfutter: <\/strong>Die Einlage ist leicht herausnehmbar und kann so einfach gereinigt werden, um Suppenflecken zu vermeiden und optimale Hygiene zu gew\u00e4hrleisten.<\/p>\n\n\n\n<p><strong>13L Gro\u00dfe Kapazit\u00e4t<\/strong>: Ausreichend f\u00fcr mehrere Portionen Suppe, ideal f\u00fcr Familientreffen, Restaurantk\u00fcchen, Hotelfr\u00fchst\u00fccke und vieles mehr.<\/p>\n\n\n\n<p>Rationales Gro\u00dfformat: Das schlanke Design von 39\u00d739\u00d742 cm eignet sich f\u00fcr eine Vielzahl von Ausstellungsfl\u00e4chen und verleiht kommerziellen Displays ein professionelles Aussehen.<\/p>\n\n\n\n<p><strong>Mehrere Farboptionen<\/strong>: Erh\u00e4ltlich in einer Vielzahl von eleganten Farben, einschlie\u00dflich Ros\u00e9gold, Silber und Gold, passend zu den verschiedenen Einrichtungsstilen in Restaurants. Anpassbare Optionen sind f\u00fcr den Gro\u00dfhandel verf\u00fcgbar.<\/p>\n\n\n\n<p><strong>Runder Knopf Temperaturregelung:<\/strong> Pr\u00e4zise Temperatureinstellung und einfache Bedienung passen sich dem W\u00e4rmebedarf verschiedener Zutaten an.<\/p>\n\n\n\n<p><strong>Stabile Basis: <\/strong>Es hat c<strong>la<\/strong>W-f\u00f6rmige, rutschfeste F\u00fc\u00dfe an der Unterseite. Stabil und kippsicher, geeignet f\u00fcr eine Vielzahl von Schreibtischen\/Herden und sicherer in der Anwendung.<\/p>\n<\/div>\n\n\n\n<div class=\"wp-block-column is-layout-flow wp-block-column-is-layout-flow\">\n<figure class=\"wp-block-image size-full\"><img decoding=\"async\" width=\"1500\" height=\"1500\" src=\"https:\/\/www.billiondaysupplier.com\/wp-content\/uploads\/2025\/10\/Custom-Soup-Kettle-13L-Threaded-Stainless-Steel-Electric-Soup-Warmer-in-Bulk-2.webp\" alt=\"Kundenspezifischer Suppenkessel 13L mit Gewinde, elektrischer Suppenw\u00e4rmer aus Edelstahl in gro\u00dfen Mengen (2)\" class=\"wp-image-1331\" srcset=\"https:\/\/www.billiondaysupplier.com\/wp-content\/uploads\/2025\/10\/Custom-Soup-Kettle-13L-Threaded-Stainless-Steel-Electric-Soup-Warmer-in-Bulk-2.webp 1500w, https:\/\/www.billiondaysupplier.com\/wp-content\/uploads\/2025\/10\/Custom-Soup-Kettle-13L-Threaded-Stainless-Steel-Electric-Soup-Warmer-in-Bulk-2-300x300.webp 300w, https:\/\/www.billiondaysupplier.com\/wp-content\/uploads\/2025\/10\/Custom-Soup-Kettle-13L-Threaded-Stainless-Steel-Electric-Soup-Warmer-in-Bulk-2-150x150.webp 150w, https:\/\/www.billiondaysupplier.com\/wp-content\/uploads\/2025\/10\/Custom-Soup-Kettle-13L-Threaded-Stainless-Steel-Electric-Soup-Warmer-in-Bulk-2-768x768.webp 768w, https:\/\/www.billiondaysupplier.com\/wp-content\/uploads\/2025\/10\/Custom-Soup-Kettle-13L-Threaded-Stainless-Steel-Electric-Soup-Warmer-in-Bulk-2-12x12.webp 12w, https:\/\/www.billiondaysupplier.com\/wp-content\/uploads\/2025\/10\/Custom-Soup-Kettle-13L-Threaded-Stainless-Steel-Electric-Soup-Warmer-in-Bulk-2-1200x1200.webp 1200w, https:\/\/www.billiondaysupplier.com\/wp-content\/uploads\/2025\/10\/Custom-Soup-Kettle-13L-Threaded-Stainless-Steel-Electric-Soup-Warmer-in-Bulk-2-600x600.webp 600w, https:\/\/www.billiondaysupplier.com\/wp-content\/uploads\/2025\/10\/Custom-Soup-Kettle-13L-Threaded-Stainless-Steel-Electric-Soup-Warmer-in-Bulk-2-100x100.webp 100w\" sizes=\"(max-width: 1500px) 100vw, 1500px\" \/><\/figure>\n<\/div>\n<\/div>","protected":false},"excerpt":{"rendered":"<p>Der elektrische Suppenw\u00e4rmer Bulk Custom bietet ein gro\u00dfes Fassungsverm\u00f6gen von 13 Litern, ein hochwertiges Gewindedesign, lebensmittelechten Edelstahl und eine pr\u00e4zise Temperaturregelung.  Mehrere Farben verf\u00fcgbar. Geeignet f\u00fcr Restaurants\/Hotels\/H\u00e4user, unterst\u00fctzt individuelle Anpassung, bitte anfragen!<\/p>\n<h2>Elektrische Suppenw\u00e4rmer Parameter\uff1a<\/h2>\n<table border=\"0\" width=\"404\" cellspacing=\"0\" cellpadding=\"0\">\n<tbody>\n<tr>\n<td style=\"text-align: left;\" width=\"148\" height=\"24\"><strong>Material<\/strong><\/td>\n<td style=\"text-align: left;\" width=\"256\">Rostfreier Stahl 201\/304<\/td>\n<\/tr>\n<tr>\n<td style=\"text-align: left;\" width=\"148\" height=\"24\"><strong>Farbe<\/strong><\/td>\n<td style=\"text-align: left;\" width=\"256\">Silber\/Gold\/Rosegold<\/td>\n<\/tr>\n<tr>\n<td style=\"text-align: left;\" width=\"148\" height=\"24\"><strong>Kapazit\u00e4t<\/strong><\/td>\n<td style=\"text-align: left;\" width=\"256\">10 L\/ 13L<\/td>\n<\/tr>\n<tr>\n<td style=\"text-align: left;\" height=\"92\"><strong>Merkmal<\/strong><\/td>\n<td style=\"text-align: left;\" width=\"256\">\n<p>1. Anti-Verbr\u00fchungs-Design<br \/>2. Stabile F\u00fc\u00dfe<br \/>3. Entwurf des Hammermusters<br \/>4. Aluminiumverkleidung<br \/>5. Temperaturregelknopf<\/p>\n<\/td>\n<\/tr>\n<tr>\n<td style=\"text-align: left;\" height=\"24\"><strong>Kundenspezifische Option<\/strong><\/td>\n<td style=\"text-align: left;\">Logo\/Gr\u00f6\u00dfe\/Verpackung\/Zubeh\u00f6r<\/td>\n<\/tr>\n<\/tbody>\n<\/table>","protected":false},"featured_media":1334,"comment_status":"closed","ping_status":"closed","template":"","meta":{"_acf_changed":true},"product_brand":[],"product_cat":[20],"product_tag":[],"class_list":{"0":"post-1330","1":"product","2":"type-product","3":"status-publish","4":"has-post-thumbnail","6":"product_cat-wholesale-soup-warmer","8":"first","9":"instock","10":"shipping-taxable","11":"product-type-simple"},"acf":[],"_links":{"self":[{"href":"https:\/\/www.billiondaysupplier.com\/de\/wp-json\/wp\/v2\/product\/1330","targetHints":{"allow":["GET"]}}],"collection":[{"href":"https:\/\/www.billiondaysupplier.com\/de\/wp-json\/wp\/v2\/product"}],"about":[{"href":"https:\/\/www.billiondaysupplier.com\/de\/wp-json\/wp\/v2\/types\/product"}],"replies":[{"embeddable":true,"href":"https:\/\/www.billiondaysupplier.com\/de\/wp-json\/wp\/v2\/comments?post=1330"}],"wp:featuredmedia":[{"embeddable":true,"href":"https:\/\/www.billiondaysupplier.com\/de\/wp-json\/wp\/v2\/media\/1334"}],"wp:attachment":[{"href":"https:\/\/www.billiondaysupplier.com\/de\/wp-json\/wp\/v2\/media?parent=1330"}],"wp:term":[{"taxonomy":"product_brand","embeddable":true,"href":"https:\/\/www.billiondaysupplier.com\/de\/wp-json\/wp\/v2\/product_brand?post=1330"},{"taxonomy":"product_cat","embeddable":true,"href":"https:\/\/www.billiondaysupplier.com\/de\/wp-json\/wp\/v2\/product_cat?post=1330"},{"taxonomy":"product_tag","embeddable":true,"href":"https:\/\/www.billiondaysupplier.com\/de\/wp-json\/wp\/v2\/product_tag?post=1330"}],"curies":[{"name":"wp","href":"https:\/\/api.w.org\/{rel}","templated":true}]}}