{"id":1323,"date":"2025-10-27T08:05:43","date_gmt":"2025-10-27T08:05:43","guid":{"rendered":"https:\/\/www.billiondaysupplier.com\/?post_type=product&#038;p=1323"},"modified":"2025-11-03T09:02:01","modified_gmt":"2025-11-03T09:02:01","slug":"custom-cooking-pots","status":"publish","type":"product","link":"https:\/\/www.billiondaysupplier.com\/de\/product\/custom-cooking-pots\/","title":{"rendered":"Custom Cooking Pots 6-teiliges Edelstahl-Topfset in loser Sch\u00fcttung"},"content":{"rendered":"<div class=\"wp-block-columns is-layout-flex wp-container-core-columns-is-layout-9d6595d7 wp-block-columns-is-layout-flex\">\n<div class=\"wp-block-column is-layout-flow wp-block-column-is-layout-flow\">\n<h2 class=\"wp-block-heading\">Kocht\u00f6pfe Merkmale:<\/h2>\n\n\n\n<p><strong>Hochwertiger rostfreier Stahl:<\/strong> Hergestellt aus hochgl\u00e4nzendem, hochreflektierendem, lebensmittelechtem Edelstahl, rost- und korrosionsfrei, daher sicher und gesund f\u00fcr private und gewerbliche K\u00fcchen.<\/p>\n\n\n\n<p><strong>6-teiliges Set<\/strong>: In Sets von 20-30 cm Gr\u00f6\u00dfe. Der abgestufte Topfk\u00f6rper (von Mini bis tief) macht ihn vielseitig einsetzbar, z. B. zum Garen, Schmoren, Kochen, Braten und D\u00fcnsten, und ist ideal f\u00fcr Einzel- und Familienportionen.<\/p>\n\n\n\n<p><strong>Mit einem transparenten Glasdeckel<\/strong>: Beobachten Sie den Zustand der Zutaten und vermeiden Sie Dampf, um das Garen zu erleichtern.<\/p>\n\n\n\n<p><strong>Ergonomische Gestaltung<\/strong>: Die abgerundeten Griffe sind ergonomisch geformt und bieten einen festen, rutschfreien Halt. Der Griff am Deckel aus Metall\/Edelstahl erm\u00f6glicht ein einfaches \u00d6ffnen und Schlie\u00dfen. Gleichm\u00e4\u00dfige W\u00e4rmeleitung, schnelles Aufheizen, zeit- und stromsparendes Kochen.<\/p>\n\n\n\n<p><strong>Glatte Oberfl\u00e4che<\/strong>: Der Topfk\u00f6rper und der Deckel sind aus hochglanzpoliertem Edelstahl und geh\u00e4rtetem Glas gefertigt und bieten eine robuste Metalloberfl\u00e4che. Dieser kosmopolitische und elegante Deckel verleiht Ihrer K\u00fcche einen Hauch von Eleganz.<\/p>\n\n\n\n<p><strong>Exquisite Details:<\/strong> Glatte und robuste Griffe, ein glatter Deckelknauf und abgerundete Kanten verk\u00f6rpern die hohen handwerklichen Standards der Marke Tianze.<\/p>\n\n\n\n<p><strong>Vielf\u00e4ltig einsetzbar:<\/strong> Geeignet f\u00fcr den t\u00e4glichen Gebrauch zu Hause, in Restaurants, gewerblichen Einrichtungen und in Hotelk\u00fcchen, auch als Geschenk geeignet. Gro\u00dfhandel f\u00fcr K\u00fcchenbedarf.<\/p>\n<\/div>\n\n\n\n<div class=\"wp-block-column is-layout-flow wp-block-column-is-layout-flow\">\n<figure class=\"wp-block-image size-full\"><img decoding=\"async\" width=\"720\" height=\"720\" src=\"https:\/\/www.billiondaysupplier.com\/wp-content\/uploads\/2025\/10\/custom-cooking-pots-2.webp\" alt=\"Kocht\u00f6pfe nach Ma\u00df (2)\" class=\"wp-image-1325\" style=\"object-fit:cover\" srcset=\"https:\/\/www.billiondaysupplier.com\/wp-content\/uploads\/2025\/10\/custom-cooking-pots-2.webp 720w, https:\/\/www.billiondaysupplier.com\/wp-content\/uploads\/2025\/10\/custom-cooking-pots-2-300x300.webp 300w, https:\/\/www.billiondaysupplier.com\/wp-content\/uploads\/2025\/10\/custom-cooking-pots-2-150x150.webp 150w, https:\/\/www.billiondaysupplier.com\/wp-content\/uploads\/2025\/10\/custom-cooking-pots-2-12x12.webp 12w, https:\/\/www.billiondaysupplier.com\/wp-content\/uploads\/2025\/10\/custom-cooking-pots-2-600x600.webp 600w, https:\/\/www.billiondaysupplier.com\/wp-content\/uploads\/2025\/10\/custom-cooking-pots-2-100x100.webp 100w\" sizes=\"(max-width: 720px) 100vw, 720px\" \/><\/figure>\n<\/div>\n<\/div>","protected":false},"excerpt":{"rendered":"<p>Kocht\u00f6pfe nach Ma\u00df, 6-teilige Edelstahlt\u00f6pfe, sowohl f\u00fcr den gewerblichen als auch f\u00fcr den privaten Gebrauch geeignet! Erh\u00e4ltlich in den Gr\u00f6\u00dfen 20-30 cm, leitet er die W\u00e4rme schnell, ist antihaftbeschichtet und rostfrei und verf\u00fcgt \u00fcber einen Glasdeckel f\u00fcr eine gute Sicht. Wir bieten einen tollen Gro\u00dfhandelspreis! Kontaktieren Sie uns, um ein Angebot zu erhalten!<\/p>\n<h2>Parameter\uff1a Kocht\u00f6pfe<\/h2>\n<table border=\"0\" width=\"404\" cellspacing=\"0\" cellpadding=\"0\">\n<tbody>\n<tr>\n<td style=\"text-align: left;\" width=\"148\" height=\"24\"><strong>Material<\/strong><\/td>\n<td style=\"text-align: left;\" width=\"256\">Rostfreier Stahl 410<\/td>\n<\/tr>\n<tr>\n<td style=\"text-align: left;\" width=\"148\" height=\"24\"><strong>Farbe<\/strong><\/td>\n<td style=\"text-align: left;\" width=\"256\">Splitter<\/td>\n<\/tr>\n<tr>\n<td style=\"text-align: left;\" width=\"148\" height=\"24\"><strong>Gr\u00f6\u00dfe<\/strong><\/td>\n<td style=\"text-align: left;\" width=\"256\">20\/22\/24\/26\/28\/30cm<\/td>\n<\/tr>\n<tr>\n<td style=\"text-align: left;\" height=\"92\"><strong>Merkmal<\/strong><\/td>\n<td style=\"text-align: left;\" width=\"256\">1. Hochwertiges, langlebiges Material<br \/>2. Effiziente W\u00e4rmeableitung<br \/>3. Multifunktionale Kochfunktion<br \/>4. Leicht zu reinigendes Design<\/td>\n<\/tr>\n<tr>\n<td style=\"text-align: left;\" height=\"24\"><strong>Kundenspezifische Option<\/strong><\/td>\n<td style=\"text-align: left;\">Logo\/Gr\u00f6\u00dfe\/Verpackung\/Zubeh\u00f6r<\/td>\n<\/tr>\n<\/tbody>\n<\/table>","protected":false},"featured_media":1324,"comment_status":"closed","ping_status":"closed","template":"","meta":{"_acf_changed":false},"product_brand":[],"product_cat":[28],"product_tag":[],"class_list":{"0":"post-1323","1":"product","2":"type-product","3":"status-publish","4":"has-post-thumbnail","6":"product_cat-wholesale-cooking-pot","8":"first","9":"instock","10":"shipping-taxable","11":"product-type-simple"},"acf":[],"_links":{"self":[{"href":"https:\/\/www.billiondaysupplier.com\/de\/wp-json\/wp\/v2\/product\/1323","targetHints":{"allow":["GET"]}}],"collection":[{"href":"https:\/\/www.billiondaysupplier.com\/de\/wp-json\/wp\/v2\/product"}],"about":[{"href":"https:\/\/www.billiondaysupplier.com\/de\/wp-json\/wp\/v2\/types\/product"}],"replies":[{"embeddable":true,"href":"https:\/\/www.billiondaysupplier.com\/de\/wp-json\/wp\/v2\/comments?post=1323"}],"wp:featuredmedia":[{"embeddable":true,"href":"https:\/\/www.billiondaysupplier.com\/de\/wp-json\/wp\/v2\/media\/1324"}],"wp:attachment":[{"href":"https:\/\/www.billiondaysupplier.com\/de\/wp-json\/wp\/v2\/media?parent=1323"}],"wp:term":[{"taxonomy":"product_brand","embeddable":true,"href":"https:\/\/www.billiondaysupplier.com\/de\/wp-json\/wp\/v2\/product_brand?post=1323"},{"taxonomy":"product_cat","embeddable":true,"href":"https:\/\/www.billiondaysupplier.com\/de\/wp-json\/wp\/v2\/product_cat?post=1323"},{"taxonomy":"product_tag","embeddable":true,"href":"https:\/\/www.billiondaysupplier.com\/de\/wp-json\/wp\/v2\/product_tag?post=1323"}],"curies":[{"name":"wp","href":"https:\/\/api.w.org\/{rel}","templated":true}]}}