{"id":1281,"date":"2025-10-21T07:31:43","date_gmt":"2025-10-21T07:31:43","guid":{"rendered":"https:\/\/www.billiondaysupplier.com\/?post_type=product&#038;p=1281"},"modified":"2025-10-24T06:52:19","modified_gmt":"2025-10-24T06:52:19","slug":"cooking-pots-wholesale","status":"publish","type":"product","link":"https:\/\/www.billiondaysupplier.com\/de\/product\/cooking-pots-wholesale\/","title":{"rendered":"Kocht\u00f6pfe Gro\u00dfhandel, Edelstahl Hot Pot Hammered Kochgeschirr Set Lieferant"},"content":{"rendered":"<div class=\"wp-block-columns is-layout-flex wp-container-core-columns-is-layout-9d6595d7 wp-block-columns-is-layout-flex\">\n<div class=\"wp-block-column is-layout-flow wp-block-column-is-layout-flow\">\n<h2 class=\"wp-block-heading\">Kocht\u00f6pfe Merkmale:<\/h2>\n\n\n\n<p><strong>Hochwertige geh\u00e4mmerte Handwerkskunst:<\/strong> Der Topfk\u00f6rper ist von Hand geh\u00e4mmert, um eine dauerhafte, hochwertige Oberfl\u00e4che zu erhalten, die \u00c4sthetik mit einem rutschfesten Griff verbindet.<\/p>\n\n\n\n<p><strong>Gro\u00dfe Kapazit\u00e4t<\/strong>: Die Bratpfanne hat ein gro\u00dfz\u00fcgiges Fassungsverm\u00f6gen und eignet sich perfekt zum Anbraten, Schmoren und Anbraten von Steaks; der Suppentopf ist f\u00fcr Suppen, Eint\u00f6pfe und hei\u00dfe T\u00f6pfe geeignet; und der Shuangyang-Hottopf erm\u00f6glicht zwei Geschmacksrichtungen in einem Topf und erf\u00fcllt so die unterschiedlichsten Kochanforderungen.<\/p>\n\n\n\n<p><strong>Induktionsherd-Kompatibilit\u00e4t:<\/strong> Der flache, breite Boden des Topfes ist mit Gas-, Induktions-, Keramik- und Halogenkochfeldern kompatibel und erm\u00f6glicht ein vielseitiges Kochen.<\/p>\n\n\n\n<p><strong>Glas-Deckel:<\/strong> Der transparente Deckel erm\u00f6glicht eine einfache Beobachtung des Garvorgangs und verf\u00fcgt \u00fcber einen dekorativen Griff. Er ist sowohl praktisch als auch \u00e4sthetisch ansprechend und perfekt, um das langsame Garen und Schmoren im Auge zu behalten.<\/p>\n\n\n\n<p><strong>Lebensmittelgeeigneter Edelstahl<\/strong>: Rost- und korrosionsbest\u00e4ndig, antihaftbeschichtet und leicht zu reinigen.<\/p>\n<\/div>\n\n\n\n<div class=\"wp-block-column is-layout-flow wp-block-column-is-layout-flow\">\n<figure class=\"wp-block-image size-full\"><img decoding=\"async\" width=\"2953\" height=\"2953\" src=\"https:\/\/www.billiondaysupplier.com\/wp-content\/uploads\/2025\/10\/cooking-pots-wholesale-4.webp\" alt=\"Kocht\u00f6pfe Gro\u00dfhandel (4)\" class=\"wp-image-1285\" style=\"object-fit:cover\" srcset=\"https:\/\/www.billiondaysupplier.com\/wp-content\/uploads\/2025\/10\/cooking-pots-wholesale-4.webp 2953w, https:\/\/www.billiondaysupplier.com\/wp-content\/uploads\/2025\/10\/cooking-pots-wholesale-4-300x300.webp 300w, https:\/\/www.billiondaysupplier.com\/wp-content\/uploads\/2025\/10\/cooking-pots-wholesale-4-150x150.webp 150w, https:\/\/www.billiondaysupplier.com\/wp-content\/uploads\/2025\/10\/cooking-pots-wholesale-4-768x768.webp 768w, https:\/\/www.billiondaysupplier.com\/wp-content\/uploads\/2025\/10\/cooking-pots-wholesale-4-12x12.webp 12w, https:\/\/www.billiondaysupplier.com\/wp-content\/uploads\/2025\/10\/cooking-pots-wholesale-4-1200x1200.webp 1200w, https:\/\/www.billiondaysupplier.com\/wp-content\/uploads\/2025\/10\/cooking-pots-wholesale-4-600x600.webp 600w, https:\/\/www.billiondaysupplier.com\/wp-content\/uploads\/2025\/10\/cooking-pots-wholesale-4-100x100.webp 100w\" sizes=\"(max-width: 2953px) 100vw, 2953px\" \/><\/figure>\n<\/div>\n<\/div>","protected":false},"excerpt":{"rendered":"<p>Kocht\u00f6pfe Gro\u00dfhandel, aus rostfreiem Stahl mit einem handgeh\u00e4mmerten Design und einem magnetischen Boden kompatibel mit allen Herdplatten. Erh\u00e4ltlich in einer Vielzahl von Gr\u00f6\u00dfen, mit Mehrzweck, sind sie ideal f\u00fcr Heim-und Gro\u00dfk\u00fcchen. Kontaktieren Sie uns f\u00fcr einen Produktkatalog und Gro\u00dfhandelspreis Angebot!<\/p>\n<h2 class=\"wp-block-heading\">Kocht\u00f6pfe Merkmale:<\/h2>\n<table border=\"0\" width=\"404\" cellspacing=\"0\" cellpadding=\"0\">\n<tbody>\n<tr>\n<td style=\"text-align: left;\" width=\"148\" height=\"24\"><strong>Material<\/strong><\/td>\n<td style=\"text-align: left;\" width=\"256\">Rostfreier Stahl 304<\/td>\n<\/tr>\n<tr>\n<td style=\"text-align: left;\" width=\"148\" height=\"24\"><strong>Farbe<\/strong><\/td>\n<td style=\"text-align: left;\" width=\"256\">Silber\/Gold\/Rosegold<\/td>\n<\/tr>\n<tr>\n<td style=\"text-align: left;\" width=\"148\" height=\"24\"><strong>Deckel<\/strong><\/td>\n<td style=\"text-align: left;\" width=\"256\">Glas\/Stahl<\/td>\n<\/tr>\n<tr>\n<td style=\"text-align: left;\" width=\"148\" height=\"24\"><strong>Gr\u00f6\u00dfe<\/strong><\/td>\n<td style=\"text-align: left;\" width=\"256\">26\/28\/30\/32cm<\/td>\n<\/tr>\n<tr>\n<td style=\"text-align: left;\" height=\"92\"><strong>Merkmal<\/strong><\/td>\n<td style=\"text-align: left;\" width=\"256\">1. Hochwertiges, langlebiges Material<br \/>2. Effiziente W\u00e4rmeableitung<br \/>3. Multifunktionale Kochfunktion<br \/>4. Leicht zu reinigendes Design<\/td>\n<\/tr>\n<tr>\n<td style=\"text-align: left;\" height=\"24\"><strong>Kundenspezifische Option<\/strong><\/td>\n<td style=\"text-align: left;\">Logo\/Gr\u00f6\u00dfe\/Verpackung\/Zubeh\u00f6r<\/td>\n<\/tr>\n<\/tbody>\n<\/table>","protected":false},"featured_media":1282,"comment_status":"closed","ping_status":"closed","template":"","meta":{"_acf_changed":true},"product_brand":[],"product_cat":[28],"product_tag":[],"class_list":{"0":"post-1281","1":"product","2":"type-product","3":"status-publish","4":"has-post-thumbnail","6":"product_cat-wholesale-cooking-pot","8":"first","9":"instock","10":"shipping-taxable","11":"product-type-simple"},"acf":[],"_links":{"self":[{"href":"https:\/\/www.billiondaysupplier.com\/de\/wp-json\/wp\/v2\/product\/1281","targetHints":{"allow":["GET"]}}],"collection":[{"href":"https:\/\/www.billiondaysupplier.com\/de\/wp-json\/wp\/v2\/product"}],"about":[{"href":"https:\/\/www.billiondaysupplier.com\/de\/wp-json\/wp\/v2\/types\/product"}],"replies":[{"embeddable":true,"href":"https:\/\/www.billiondaysupplier.com\/de\/wp-json\/wp\/v2\/comments?post=1281"}],"wp:featuredmedia":[{"embeddable":true,"href":"https:\/\/www.billiondaysupplier.com\/de\/wp-json\/wp\/v2\/media\/1282"}],"wp:attachment":[{"href":"https:\/\/www.billiondaysupplier.com\/de\/wp-json\/wp\/v2\/media?parent=1281"}],"wp:term":[{"taxonomy":"product_brand","embeddable":true,"href":"https:\/\/www.billiondaysupplier.com\/de\/wp-json\/wp\/v2\/product_brand?post=1281"},{"taxonomy":"product_cat","embeddable":true,"href":"https:\/\/www.billiondaysupplier.com\/de\/wp-json\/wp\/v2\/product_cat?post=1281"},{"taxonomy":"product_tag","embeddable":true,"href":"https:\/\/www.billiondaysupplier.com\/de\/wp-json\/wp\/v2\/product_tag?post=1281"}],"curies":[{"name":"wp","href":"https:\/\/api.w.org\/{rel}","templated":true}]}}