{"id":1274,"date":"2025-10-21T06:52:16","date_gmt":"2025-10-21T06:52:16","guid":{"rendered":"https:\/\/www.billiondaysupplier.com\/?post_type=product&#038;p=1274"},"modified":"2025-10-24T06:59:11","modified_gmt":"2025-10-24T06:59:11","slug":"wholesale-slanted-bowls","status":"publish","type":"product","link":"https:\/\/www.billiondaysupplier.com\/de\/product\/wholesale-slanted-bowls\/","title":{"rendered":"Gro\u00dfhandel abgeschr\u00e4gten Schalen Edelstahl, Gew\u00fcrz Sch\u00fcssel Sliver schwarz Multisize"},"content":{"rendered":"<div class=\"wp-block-columns is-layout-flex wp-container-core-columns-is-layout-9d6595d7 wp-block-columns-is-layout-flex\">\n<div class=\"wp-block-column is-layout-flow wp-block-column-is-layout-flow\">\n<h2 class=\"wp-block-heading\">Abgeschr\u00e4gte Schalen aus Edelstahl Merkmale:<\/h2>\n\n\n\n<p><strong>Abgeschr\u00e4gtes Felgendesign: <\/strong>Erm\u00f6glicht einen einfachen Zugriff auf die Gew\u00fcrze, so dass man nicht mehr danach suchen muss und das Kochen effizienter wird.<\/p>\n\n\n\n<p><strong>Abgerundeter, rutschfester Boden: <\/strong>Einige verf\u00fcgen \u00fcber hohe Standf\u00fc\u00dfe, die f\u00fcr einen stabilen Stand sorgen und ein Umkippen verhindern, so dass Ihre Tischplatte sauber bleibt.<\/p>\n\n\n\n<p><strong>Mehrere Gr\u00f6\u00dfen<\/strong>: Erh\u00e4ltlich in verschiedenen Gr\u00f6\u00dfen, von klein bis gro\u00df, f\u00fcr flexible Kombinationen, die den unterschiedlichsten Anforderungen an die Aufbewahrung von Gew\u00fcrzen gerecht werden.<\/p>\n\n\n\n<p><strong>Verschiedene Farben:<\/strong> Erh\u00e4ltlich in verschiedenen Ausf\u00fchrungen, darunter Silber, Gold und Mattschwarz, mit rotem Rand und kontrastierenden schwarz-goldenen\/silber-goldenen Akzenten, ist diese stilvolle und raffinierte Schale sowohl eine praktische K\u00fcchenausstattung als auch ein dekoratives Accessoire.<\/p>\n\n\n\n<p><strong>Langlebig und leicht zu reinigen<\/strong>: Aus lebensmittelechtem Edelstahl gefertigt, rost- und korrosionsbest\u00e4ndig, mit glatter Oberfl\u00e4che und makellosen Ecken. Er l\u00e4sst sich leicht absp\u00fclen und sieht auch nach h\u00e4ufigem Gebrauch noch wie neu aus.<\/p>\n<\/div>\n\n\n\n<div class=\"wp-block-column is-layout-flow wp-block-column-is-layout-flow\">\n<figure class=\"wp-block-image size-full\"><img decoding=\"async\" width=\"1000\" height=\"1000\" src=\"https:\/\/www.billiondaysupplier.com\/wp-content\/uploads\/2025\/10\/Wholesale-Slanted-Bowls-3.webp\" alt=\"Gro\u00dfhandel schr\u00e4ge Schalen (3)\" class=\"wp-image-1277\" srcset=\"https:\/\/www.billiondaysupplier.com\/wp-content\/uploads\/2025\/10\/Wholesale-Slanted-Bowls-3.webp 1000w, https:\/\/www.billiondaysupplier.com\/wp-content\/uploads\/2025\/10\/Wholesale-Slanted-Bowls-3-300x300.webp 300w, https:\/\/www.billiondaysupplier.com\/wp-content\/uploads\/2025\/10\/Wholesale-Slanted-Bowls-3-150x150.webp 150w, https:\/\/www.billiondaysupplier.com\/wp-content\/uploads\/2025\/10\/Wholesale-Slanted-Bowls-3-768x768.webp 768w, https:\/\/www.billiondaysupplier.com\/wp-content\/uploads\/2025\/10\/Wholesale-Slanted-Bowls-3-12x12.webp 12w, https:\/\/www.billiondaysupplier.com\/wp-content\/uploads\/2025\/10\/Wholesale-Slanted-Bowls-3-600x600.webp 600w, https:\/\/www.billiondaysupplier.com\/wp-content\/uploads\/2025\/10\/Wholesale-Slanted-Bowls-3-100x100.webp 100w\" sizes=\"(max-width: 1000px) 100vw, 1000px\" \/><\/figure>\n<\/div>\n<\/div>","protected":false},"excerpt":{"rendered":"<p>Abgeschr\u00e4gte Schalen f\u00fcr den Gro\u00dfhandel sind in Silber, Schwarz und Schwarzgold erh\u00e4ltlich. Das geneigte Design erm\u00f6glicht einen einfachen Zugang. Sie sind aus lebensmittelechtem Edelstahl gefertigt, haben einen rutschfesten Boden und hohe F\u00fc\u00dfe und sind stilvoll und langlebig. Sie sind in verschiedenen Gr\u00f6\u00dfen erh\u00e4ltlich und sowohl praktisch als auch dekorativ. Setzen Sie sich mit uns in Verbindung, um mehr \u00fcber unseren Gro\u00dfhandelsservice f\u00fcr individuelles Geschirr zu erfahren.<\/p>\n<h2>Gro\u00dfhandel abgeschr\u00e4gten Schalen Parameter\uff1a<\/h2>\n<table border=\"0\" width=\"404\" cellspacing=\"0\" cellpadding=\"0\">\n<tbody>\n<tr>\n<td style=\"text-align: left;\" width=\"148\" height=\"24\"><strong>Material<\/strong><\/td>\n<td style=\"text-align: left;\" width=\"256\">Rostfreier Stahl 201<\/td>\n<\/tr>\n<tr>\n<td style=\"text-align: left;\" height=\"24\"><strong>Farbe<\/strong><\/td>\n<td style=\"text-align: left;\">Splitter\/Gold\/Schwarzgold<\/td>\n<\/tr>\n<tr>\n<td style=\"text-align: left;\" width=\"148\" height=\"24\"><strong>Form<\/strong><\/td>\n<td style=\"text-align: left;\" width=\"256\">Abgeschr\u00e4gte Form<\/td>\n<\/tr>\n<tr>\n<td style=\"text-align: left;\" height=\"92\"><strong>Merkmal<\/strong><\/td>\n<td style=\"text-align: left;\" width=\"256\">\n<p>1. Schr\u00e4ges Design<br \/>2. Rutschfester Sockel mit hohen Beinen<br \/>3. Erh\u00e4ltlich in einer Vielzahl von Farben und Gr\u00f6\u00dfen<br \/>4. Leicht zu reinigen<\/p>\n<\/td>\n<\/tr>\n<tr>\n<td style=\"text-align: left;\" height=\"24\"><strong>Kundenspezifische Option<\/strong><\/td>\n<td style=\"text-align: left;\">Logo\/Gr\u00f6\u00dfe\/Verpackung\/Zubeh\u00f6r<\/td>\n<\/tr>\n<\/tbody>\n<\/table>","protected":false},"featured_media":1275,"comment_status":"closed","ping_status":"closed","template":"","meta":{"_acf_changed":false},"product_brand":[],"product_cat":[26],"product_tag":[],"class_list":{"0":"post-1274","1":"product","2":"type-product","3":"status-publish","4":"has-post-thumbnail","6":"product_cat-wholesale-seasoning-box","8":"first","9":"instock","10":"shipping-taxable","11":"product-type-simple"},"acf":[],"_links":{"self":[{"href":"https:\/\/www.billiondaysupplier.com\/de\/wp-json\/wp\/v2\/product\/1274","targetHints":{"allow":["GET"]}}],"collection":[{"href":"https:\/\/www.billiondaysupplier.com\/de\/wp-json\/wp\/v2\/product"}],"about":[{"href":"https:\/\/www.billiondaysupplier.com\/de\/wp-json\/wp\/v2\/types\/product"}],"replies":[{"embeddable":true,"href":"https:\/\/www.billiondaysupplier.com\/de\/wp-json\/wp\/v2\/comments?post=1274"}],"wp:featuredmedia":[{"embeddable":true,"href":"https:\/\/www.billiondaysupplier.com\/de\/wp-json\/wp\/v2\/media\/1275"}],"wp:attachment":[{"href":"https:\/\/www.billiondaysupplier.com\/de\/wp-json\/wp\/v2\/media?parent=1274"}],"wp:term":[{"taxonomy":"product_brand","embeddable":true,"href":"https:\/\/www.billiondaysupplier.com\/de\/wp-json\/wp\/v2\/product_brand?post=1274"},{"taxonomy":"product_cat","embeddable":true,"href":"https:\/\/www.billiondaysupplier.com\/de\/wp-json\/wp\/v2\/product_cat?post=1274"},{"taxonomy":"product_tag","embeddable":true,"href":"https:\/\/www.billiondaysupplier.com\/de\/wp-json\/wp\/v2\/product_tag?post=1274"}],"curies":[{"name":"wp","href":"https:\/\/api.w.org\/{rel}","templated":true}]}}