{"id":1264,"date":"2025-10-21T03:35:04","date_gmt":"2025-10-21T03:35:04","guid":{"rendered":"https:\/\/www.billiondaysupplier.com\/?post_type=product&#038;p=1264"},"modified":"2025-10-24T07:03:09","modified_gmt":"2025-10-24T07:03:09","slug":"wholesale-seasoning-box","status":"publish","type":"product","link":"https:\/\/www.billiondaysupplier.com\/de\/product\/wholesale-seasoning-box\/","title":{"rendered":"Gro\u00dfhandel Gew\u00fcrz Box Edelstahl Multi-Size-F\u00e4cher f\u00fcr Catering"},"content":{"rendered":"<div class=\"wp-block-columns is-layout-flex wp-container-core-columns-is-layout-9d6595d7 wp-block-columns-is-layout-flex\">\n<div class=\"wp-block-column is-layout-flow wp-block-column-is-layout-flow\">\n<h2 class=\"wp-block-heading\">Gew\u00fcrzdose Edelstahl Merkmale:<\/h2>\n\n\n\n<p><strong>Hochwertiger rostfreier Stahl: <\/strong>Er ist aus lebensmittelechtem Edelstahl gefertigt, korrosionsbest\u00e4ndig, rostfrei und leicht zu reinigen, so dass eine langfristige Nutzung ohne Verformung oder Ausbleichen m\u00f6glich ist und Sicherheit und Hygiene gew\u00e4hrleistet werden.<\/p>\n\n\n\n<p><strong>Internes Rasterdesign<\/strong>: Herausnehmbare Trennw\u00e4nde erm\u00f6glichen eine einfache Aufbewahrung der verschiedenen Gew\u00fcrze, verhindern eine Vermischung und gew\u00e4hrleisten einen bequemen Zugriff.<\/p>\n\n\n\n<p><strong>Verschiedene Gr\u00f6\u00dfen verf\u00fcgbar<\/strong>: Der Beh\u00e4lter ist in den Gr\u00f6\u00dfen 23 cm\/30,5 cm\/38,5 cm\/45,5 cm erh\u00e4ltlich und eignet sich sowohl f\u00fcr den privaten als auch f\u00fcr den kommerziellen Gebrauch, da er ein gro\u00dfes Fassungsverm\u00f6gen hat und wenig Platz ben\u00f6tigt.<\/p>\n\n\n\n<p><strong>Vielf\u00e4ltig einsetzbar<\/strong>: Es kann in der heimischen K\u00fcche verwendet werden, um h\u00e4ufig verwendete Gew\u00fcrze kategorisiert aufzubewahren. Durch das robuste Material ist es f\u00fcr den h\u00e4ufigen Gebrauch in Restaurants und f\u00fcr den gewerblichen Einsatz geeignet.<\/p>\n<\/div>\n\n\n\n<div class=\"wp-block-column is-layout-flow wp-block-column-is-layout-flow\">\n<figure class=\"wp-block-image size-full\"><img decoding=\"async\" width=\"2362\" height=\"2362\" src=\"https:\/\/www.billiondaysupplier.com\/wp-content\/uploads\/2025\/10\/Wholesale-Seasoning-Box-Stainless-Steel-Multi-Size-for-Catering-1.webp\" alt=\"Gro\u00dfhandel Gew\u00fcrz Box Edelstahl Multi-Size f\u00fcr Catering (1)\" class=\"wp-image-1265\" srcset=\"https:\/\/www.billiondaysupplier.com\/wp-content\/uploads\/2025\/10\/Wholesale-Seasoning-Box-Stainless-Steel-Multi-Size-for-Catering-1.webp 2362w, https:\/\/www.billiondaysupplier.com\/wp-content\/uploads\/2025\/10\/Wholesale-Seasoning-Box-Stainless-Steel-Multi-Size-for-Catering-1-300x300.webp 300w, https:\/\/www.billiondaysupplier.com\/wp-content\/uploads\/2025\/10\/Wholesale-Seasoning-Box-Stainless-Steel-Multi-Size-for-Catering-1-150x150.webp 150w, https:\/\/www.billiondaysupplier.com\/wp-content\/uploads\/2025\/10\/Wholesale-Seasoning-Box-Stainless-Steel-Multi-Size-for-Catering-1-768x768.webp 768w, https:\/\/www.billiondaysupplier.com\/wp-content\/uploads\/2025\/10\/Wholesale-Seasoning-Box-Stainless-Steel-Multi-Size-for-Catering-1-12x12.webp 12w, https:\/\/www.billiondaysupplier.com\/wp-content\/uploads\/2025\/10\/Wholesale-Seasoning-Box-Stainless-Steel-Multi-Size-for-Catering-1-1200x1200.webp 1200w, https:\/\/www.billiondaysupplier.com\/wp-content\/uploads\/2025\/10\/Wholesale-Seasoning-Box-Stainless-Steel-Multi-Size-for-Catering-1-600x600.webp 600w, https:\/\/www.billiondaysupplier.com\/wp-content\/uploads\/2025\/10\/Wholesale-Seasoning-Box-Stainless-Steel-Multi-Size-for-Catering-1-100x100.webp 100w\" sizes=\"(max-width: 2362px) 100vw, 2362px\" \/><\/figure>\n<\/div>\n<\/div>\n\n\n\n<div class=\"wp-block-columns is-layout-flex wp-container-core-columns-is-layout-9d6595d7 wp-block-columns-is-layout-flex\">\n<div class=\"wp-block-column is-layout-flow wp-block-column-is-layout-flow\">\n<figure class=\"wp-block-image size-full\"><img decoding=\"async\" width=\"2362\" height=\"2362\" src=\"https:\/\/www.billiondaysupplier.com\/wp-content\/uploads\/2025\/10\/Wholesale-Seasoning-Box-Stainless-Steel-Multi-Size-for-Catering-4.webp\" alt=\"Gro\u00dfhandel Gew\u00fcrz Box Edelstahl Multi-Size f\u00fcr Catering (4)\" class=\"wp-image-1267\" style=\"aspect-ratio:1;object-fit:cover\" srcset=\"https:\/\/www.billiondaysupplier.com\/wp-content\/uploads\/2025\/10\/Wholesale-Seasoning-Box-Stainless-Steel-Multi-Size-for-Catering-4.webp 2362w, https:\/\/www.billiondaysupplier.com\/wp-content\/uploads\/2025\/10\/Wholesale-Seasoning-Box-Stainless-Steel-Multi-Size-for-Catering-4-300x300.webp 300w, https:\/\/www.billiondaysupplier.com\/wp-content\/uploads\/2025\/10\/Wholesale-Seasoning-Box-Stainless-Steel-Multi-Size-for-Catering-4-150x150.webp 150w, https:\/\/www.billiondaysupplier.com\/wp-content\/uploads\/2025\/10\/Wholesale-Seasoning-Box-Stainless-Steel-Multi-Size-for-Catering-4-768x768.webp 768w, https:\/\/www.billiondaysupplier.com\/wp-content\/uploads\/2025\/10\/Wholesale-Seasoning-Box-Stainless-Steel-Multi-Size-for-Catering-4-12x12.webp 12w, https:\/\/www.billiondaysupplier.com\/wp-content\/uploads\/2025\/10\/Wholesale-Seasoning-Box-Stainless-Steel-Multi-Size-for-Catering-4-1200x1200.webp 1200w, https:\/\/www.billiondaysupplier.com\/wp-content\/uploads\/2025\/10\/Wholesale-Seasoning-Box-Stainless-Steel-Multi-Size-for-Catering-4-600x600.webp 600w, https:\/\/www.billiondaysupplier.com\/wp-content\/uploads\/2025\/10\/Wholesale-Seasoning-Box-Stainless-Steel-Multi-Size-for-Catering-4-100x100.webp 100w\" sizes=\"(max-width: 2362px) 100vw, 2362px\" \/><\/figure>\n<\/div>\n\n\n\n<div class=\"wp-block-column is-layout-flow wp-block-column-is-layout-flow\">\n<figure class=\"wp-block-image size-full\"><img decoding=\"async\" width=\"800\" height=\"800\" src=\"https:\/\/www.billiondaysupplier.com\/wp-content\/uploads\/2025\/10\/Wholesale-Seasoning-Box-Stainless-Steel-Multi-Size-for-Catering-2.webp\" alt=\"Gro\u00dfhandel Gew\u00fcrz Box Edelstahl Multi-Size f\u00fcr Catering (2)\" class=\"wp-image-1266\" srcset=\"https:\/\/www.billiondaysupplier.com\/wp-content\/uploads\/2025\/10\/Wholesale-Seasoning-Box-Stainless-Steel-Multi-Size-for-Catering-2.webp 800w, https:\/\/www.billiondaysupplier.com\/wp-content\/uploads\/2025\/10\/Wholesale-Seasoning-Box-Stainless-Steel-Multi-Size-for-Catering-2-300x300.webp 300w, https:\/\/www.billiondaysupplier.com\/wp-content\/uploads\/2025\/10\/Wholesale-Seasoning-Box-Stainless-Steel-Multi-Size-for-Catering-2-150x150.webp 150w, https:\/\/www.billiondaysupplier.com\/wp-content\/uploads\/2025\/10\/Wholesale-Seasoning-Box-Stainless-Steel-Multi-Size-for-Catering-2-768x768.webp 768w, https:\/\/www.billiondaysupplier.com\/wp-content\/uploads\/2025\/10\/Wholesale-Seasoning-Box-Stainless-Steel-Multi-Size-for-Catering-2-12x12.webp 12w, https:\/\/www.billiondaysupplier.com\/wp-content\/uploads\/2025\/10\/Wholesale-Seasoning-Box-Stainless-Steel-Multi-Size-for-Catering-2-600x600.webp 600w, https:\/\/www.billiondaysupplier.com\/wp-content\/uploads\/2025\/10\/Wholesale-Seasoning-Box-Stainless-Steel-Multi-Size-for-Catering-2-100x100.webp 100w\" sizes=\"(max-width: 800px) 100vw, 800px\" \/><\/figure>\n<\/div>\n<\/div>","protected":false},"excerpt":{"rendered":"<p>Die Gro\u00dfhandelsgew\u00fcrzbox aus hochwertigem Edelstahl mit PP\/Stahldeckel ist langlebig und sicher. Die gitterf\u00f6rmigen F\u00e4cher verhindern, dass sich Ger\u00fcche vermischen, und sie sind leicht zu zerlegen und zu reinigen. Wir bieten eine Vielzahl von Gr\u00f6\u00dfen an, die sowohl f\u00fcr den gewerblichen als auch f\u00fcr den privaten Gebrauch geeignet sind. Wir unterst\u00fctzen Gro\u00dfhandels- und Sonderbestellungen, also fragen Sie uns bitte an!<\/p>\n<h2>Parameter der W\u00fcrzbox\uff1a<\/h2>\n<table border=\"0\" width=\"404\" cellspacing=\"0\" cellpadding=\"0\">\n<tbody>\n<tr>\n<td style=\"text-align: left;\" width=\"148\" height=\"24\"><strong>Material<\/strong><\/td>\n<td style=\"text-align: left;\" width=\"256\">Rostfreier Stahl 201\/304<\/td>\n<\/tr>\n<tr>\n<td style=\"text-align: left;\" height=\"24\"><strong>Farbe<\/strong><\/td>\n<td style=\"text-align: left;\">Band<\/td>\n<\/tr>\n<tr>\n<td style=\"text-align: left;\" width=\"148\" height=\"24\"><strong>Deckel<\/strong><\/td>\n<td style=\"text-align: left;\" width=\"256\">PP\/Stahl<\/td>\n<\/tr>\n<tr>\n<td style=\"text-align: left;\" height=\"24\"><strong>Abteil<\/strong><\/td>\n<td style=\"text-align: left;\">3\/4\/5\/6 Abschnitt<\/td>\n<\/tr>\n<tr>\n<td style=\"text-align: left;\" height=\"92\"><strong>Merkmal<\/strong><\/td>\n<td style=\"text-align: left;\" width=\"256\">\n<p>1. Angemessene F\u00e4cher<br \/>2. Leicht zu reinigen<br \/>3. Stapelbar<\/p>\n<\/td>\n<\/tr>\n<tr>\n<td style=\"text-align: left;\" height=\"24\"><strong>Kundenspezifische Option<\/strong><\/td>\n<td style=\"text-align: left;\">Logo\/Gr\u00f6\u00dfe\/Verpackung\/Zubeh\u00f6r<\/td>\n<\/tr>\n<\/tbody>\n<\/table>","protected":false},"featured_media":1273,"comment_status":"closed","ping_status":"closed","template":"","meta":{"_acf_changed":false},"product_brand":[],"product_cat":[26],"product_tag":[],"class_list":{"0":"post-1264","1":"product","2":"type-product","3":"status-publish","4":"has-post-thumbnail","6":"product_cat-wholesale-seasoning-box","8":"first","9":"instock","10":"shipping-taxable","11":"product-type-simple"},"acf":[],"_links":{"self":[{"href":"https:\/\/www.billiondaysupplier.com\/de\/wp-json\/wp\/v2\/product\/1264","targetHints":{"allow":["GET"]}}],"collection":[{"href":"https:\/\/www.billiondaysupplier.com\/de\/wp-json\/wp\/v2\/product"}],"about":[{"href":"https:\/\/www.billiondaysupplier.com\/de\/wp-json\/wp\/v2\/types\/product"}],"replies":[{"embeddable":true,"href":"https:\/\/www.billiondaysupplier.com\/de\/wp-json\/wp\/v2\/comments?post=1264"}],"wp:featuredmedia":[{"embeddable":true,"href":"https:\/\/www.billiondaysupplier.com\/de\/wp-json\/wp\/v2\/media\/1273"}],"wp:attachment":[{"href":"https:\/\/www.billiondaysupplier.com\/de\/wp-json\/wp\/v2\/media?parent=1264"}],"wp:term":[{"taxonomy":"product_brand","embeddable":true,"href":"https:\/\/www.billiondaysupplier.com\/de\/wp-json\/wp\/v2\/product_brand?post=1264"},{"taxonomy":"product_cat","embeddable":true,"href":"https:\/\/www.billiondaysupplier.com\/de\/wp-json\/wp\/v2\/product_cat?post=1264"},{"taxonomy":"product_tag","embeddable":true,"href":"https:\/\/www.billiondaysupplier.com\/de\/wp-json\/wp\/v2\/product_tag?post=1264"}],"curies":[{"name":"wp","href":"https:\/\/api.w.org\/{rel}","templated":true}]}}