{"id":1245,"date":"2025-10-17T10:23:20","date_gmt":"2025-10-17T10:23:20","guid":{"rendered":"https:\/\/www.billiondaysupplier.com\/?post_type=product&#038;p=1245"},"modified":"2025-10-18T03:55:53","modified_gmt":"2025-10-18T03:55:53","slug":"wholesale-cooking-pot","status":"publish","type":"product","link":"https:\/\/www.billiondaysupplier.com\/de\/product\/wholesale-cooking-pot\/","title":{"rendered":"Gro\u00dfhandel Kocht\u00f6pfe mit Glasdeckel 5 St\u00fcck Set Custom"},"content":{"rendered":"<div class=\"wp-block-columns is-layout-flex wp-container-core-columns-is-layout-9d6595d7 wp-block-columns-is-layout-flex\">\n<div class=\"wp-block-column is-layout-flow wp-block-column-is-layout-flow\">\n<h2 class=\"wp-block-heading\">Kochtopf Eigenschaften:<\/h2>\n\n\n\n<p><strong>Hochwertige Materialien:<\/strong> Er besteht aus hochwertigem Edelstahl, ist langlebig, korrosionsbest\u00e4ndig und leicht zu reinigen und garantiert eine lange Lebensdauer.<\/p>\n\n\n\n<p><strong>Praktisches Design<\/strong>: Ausgestattet mit einem Glasdeckel, kann man das Essen w\u00e4hrend des Kochens gut sehen. Der komfortable Griff macht es einfach zu halten und sicherer zu bedienen.<\/p>\n\n\n\n<p><strong>Verschiedene Gr\u00f6\u00dfenoptionen<\/strong>: Erh\u00e4ltlich in Gr\u00f6\u00dfen von 16 bis 24 cm, erf\u00fcllt er verschiedene Kochbed\u00fcrfnisse, egal ob kleine Portionen oder gro\u00dfe Gruppen zubereitet werden.<\/p>\n\n\n\n<p><strong>Vielseitigkeit: <\/strong>Er kann f\u00fcr eine Vielzahl von Kochmethoden verwendet werden, darunter D\u00e4mpfen, Schmoren und mehr. Er eignet sich perfekt f\u00fcr das D\u00e4mpfen von Br\u00f6tchen, das Kochen von Nudeln, das Schmoren von Fleisch und die Zubereitung von Suppen und damit f\u00fcr eine Vielzahl von Kochsituationen.<\/p>\n<\/div>\n\n\n\n<div class=\"wp-block-column is-layout-flow wp-block-column-is-layout-flow\">\n<figure class=\"wp-block-image size-full\"><img decoding=\"async\" width=\"720\" height=\"720\" src=\"https:\/\/www.billiondaysupplier.com\/wp-content\/uploads\/2025\/10\/wholesale-stainless-steel-cooking-pot-2.webp\" alt=\"Gro\u00dfhandel Edelstahl Kochtopf (2)\" class=\"wp-image-1247\" style=\"object-fit:cover\" srcset=\"https:\/\/www.billiondaysupplier.com\/wp-content\/uploads\/2025\/10\/wholesale-stainless-steel-cooking-pot-2.webp 720w, https:\/\/www.billiondaysupplier.com\/wp-content\/uploads\/2025\/10\/wholesale-stainless-steel-cooking-pot-2-300x300.webp 300w, https:\/\/www.billiondaysupplier.com\/wp-content\/uploads\/2025\/10\/wholesale-stainless-steel-cooking-pot-2-150x150.webp 150w, https:\/\/www.billiondaysupplier.com\/wp-content\/uploads\/2025\/10\/wholesale-stainless-steel-cooking-pot-2-12x12.webp 12w, https:\/\/www.billiondaysupplier.com\/wp-content\/uploads\/2025\/10\/wholesale-stainless-steel-cooking-pot-2-600x600.webp 600w, https:\/\/www.billiondaysupplier.com\/wp-content\/uploads\/2025\/10\/wholesale-stainless-steel-cooking-pot-2-100x100.webp 100w\" sizes=\"(max-width: 720px) 100vw, 720px\" \/><\/figure>\n<\/div>\n<\/div>\n\n\n\n<p><\/p>","protected":false},"excerpt":{"rendered":"<p>Gro\u00dfhandel Kocht\u00f6pfe mit Glasdeckeln, Edelstahl, sicher und langlebig, verschiedene Gr\u00f6\u00dfen von klein bis gro\u00df, geeignet f\u00fcr eine Vielzahl von Kochmethoden. Fabrik direkt, wettbewerbsf\u00e4hige Preise. Kontaktieren Sie uns f\u00fcr eine schnelle Lieferung Ihrer Bestellung.<\/p>\n<h2>Kochtopf-Parameter\uff1a<\/h2>\n<table border=\"0\" width=\"404\" cellspacing=\"0\" cellpadding=\"0\">\n<tbody>\n<tr>\n<td style=\"text-align: left;\" width=\"148\" height=\"24\"><strong>Material<\/strong><\/td>\n<td style=\"text-align: left;\" width=\"256\">Rostfreier Stahl 410<\/td>\n<\/tr>\n<tr>\n<td style=\"text-align: left;\" width=\"148\" height=\"24\"><strong>Farbe<\/strong><\/td>\n<td style=\"text-align: left;\" width=\"256\">Splitter<\/td>\n<\/tr>\n<tr>\n<td style=\"text-align: left;\" width=\"148\" height=\"24\"><strong>Gr\u00f6\u00dfe<\/strong><\/td>\n<td style=\"text-align: left;\" width=\"256\">20\/22\/24\/26\/28\/30cm<\/td>\n<\/tr>\n<tr>\n<td style=\"text-align: left;\" height=\"92\"><strong>Merkmal<\/strong><\/td>\n<td style=\"text-align: left;\" width=\"256\">1. Hochwertiges, langlebiges Material<br \/>2. Effiziente W\u00e4rmeableitung<br \/>3. Multifunktionale Kochfunktion<br \/>4. Leicht zu reinigendes Design<\/td>\n<\/tr>\n<tr>\n<td style=\"text-align: left;\" height=\"24\"><strong>Kundenspezifische Option<\/strong><\/td>\n<td style=\"text-align: left;\">Logo\/Gr\u00f6\u00dfe\/Verpackung\/Zubeh\u00f6r<\/td>\n<\/tr>\n<\/tbody>\n<\/table>","protected":false},"featured_media":1246,"comment_status":"closed","ping_status":"closed","template":"","meta":{"_acf_changed":false},"product_brand":[],"product_cat":[28],"product_tag":[],"class_list":{"0":"post-1245","1":"product","2":"type-product","3":"status-publish","4":"has-post-thumbnail","6":"product_cat-wholesale-cooking-pot","8":"first","9":"instock","10":"shipping-taxable","11":"product-type-simple"},"acf":[],"_links":{"self":[{"href":"https:\/\/www.billiondaysupplier.com\/de\/wp-json\/wp\/v2\/product\/1245","targetHints":{"allow":["GET"]}}],"collection":[{"href":"https:\/\/www.billiondaysupplier.com\/de\/wp-json\/wp\/v2\/product"}],"about":[{"href":"https:\/\/www.billiondaysupplier.com\/de\/wp-json\/wp\/v2\/types\/product"}],"replies":[{"embeddable":true,"href":"https:\/\/www.billiondaysupplier.com\/de\/wp-json\/wp\/v2\/comments?post=1245"}],"wp:featuredmedia":[{"embeddable":true,"href":"https:\/\/www.billiondaysupplier.com\/de\/wp-json\/wp\/v2\/media\/1246"}],"wp:attachment":[{"href":"https:\/\/www.billiondaysupplier.com\/de\/wp-json\/wp\/v2\/media?parent=1245"}],"wp:term":[{"taxonomy":"product_brand","embeddable":true,"href":"https:\/\/www.billiondaysupplier.com\/de\/wp-json\/wp\/v2\/product_brand?post=1245"},{"taxonomy":"product_cat","embeddable":true,"href":"https:\/\/www.billiondaysupplier.com\/de\/wp-json\/wp\/v2\/product_cat?post=1245"},{"taxonomy":"product_tag","embeddable":true,"href":"https:\/\/www.billiondaysupplier.com\/de\/wp-json\/wp\/v2\/product_tag?post=1245"}],"curies":[{"name":"wp","href":"https:\/\/api.w.org\/{rel}","templated":true}]}}