{"id":1232,"date":"2025-10-17T08:44:51","date_gmt":"2025-10-17T08:44:51","guid":{"rendered":"https:\/\/www.billiondaysupplier.com\/?post_type=product&#038;p=1232"},"modified":"2025-10-18T08:26:03","modified_gmt":"2025-10-18T08:26:03","slug":"bulk-stainless-steel-ladle-holder","status":"publish","type":"product","link":"https:\/\/www.billiondaysupplier.com\/de\/product\/bulk-stainless-steel-ladle-holder\/","title":{"rendered":"Bulk Edelstahl Sch\u00f6pfl\u00f6ffel Halter, Gold L\u00f6ffel Rest Halter Set Gro\u00dfhandel"},"content":{"rendered":"<div class=\"wp-block-columns is-layout-flex wp-container-core-columns-is-layout-9d6595d7 wp-block-columns-is-layout-flex\">\n<div class=\"wp-block-column is-layout-flow wp-block-column-is-layout-flow\">\n<h2 class=\"wp-block-heading\">Sch\u00f6pfl\u00f6ffelhalter aus Edelstahl Merkmale:<\/h2>\n\n\n\n<p> <strong>Hochwertiger rostfreier Stahl:<\/strong> Aus korrosionsbest\u00e4ndigem Edelstahl gefertigt, ist es verschlei\u00dffest, rostfrei und langlebig und kann lange Zeit f\u00fcr ein Buffet verwendet werden.<\/p>\n\n\n\n<p><strong>High-End-Vergoldung:<\/strong> Die hochwertige Goldbeschichtung wertet die Gesamtqualit\u00e4t der Tischplatte auf, gleichzeitig ist sie fingerabdruckresistent und leicht zu reinigen, so dass sie ordentlich und sch\u00f6n aussieht.<\/p>\n\n\n\n<p><strong>U-f\u00f6rmig geschlitzter L\u00f6ffelr\u00fccken<\/strong>: Es kann den L\u00f6ffel fest halten und ist leicht zu entfernen<\/p>\n\n\n\n<p><strong>Ausgeh\u00f6hlte Konstruktion<\/strong>: Bessere Bel\u00fcftung, leicht und atmungsaktiv, l\u00e4sst kein Wasser durch und bietet einen schnellen und bequemen L\u00f6ffelzugang.<\/p>\n\n\n\n<p><strong>Einzelne oder doppelte L\u00f6ffelhalter<\/strong>: Praktisch und anpassungsf\u00e4hig f\u00fcr eine Vielzahl von Mahlzeiten, ob Bankette, Hotelbuffets oder Familienfeiern.<\/p>\n\n\n\n<p><strong>Praktische Funktion<\/strong>: mit abnehmbarem Keramiktablett, leicht zu reinigen und zu ersetzen, vielseitig einsetzbar.<\/p>\n\n\n\n<p><strong>Idealer Begleiter f\u00fcr das Buffet:<\/strong> Maximiert die Sauberkeit der Tische und die Effizienz des Layouts und bietet eine professionelle und praktische Erg\u00e4nzung f\u00fcr ein Restaurant oder ein Bankett.<\/p>\n<\/div>\n\n\n\n<div class=\"wp-block-column is-layout-flow wp-block-column-is-layout-flow\">\n<figure class=\"wp-block-image size-full\"><img decoding=\"async\" width=\"1280\" height=\"1280\" src=\"https:\/\/www.billiondaysupplier.com\/wp-content\/uploads\/2025\/10\/Wholesale-Stainless-Steel-Ladle-Holder-Buffet-Accessories-Spoon-Set-Gold-Custom-4.webp\" alt=\"Gro\u00dfhandel Edelstahl Sch\u00f6pfl\u00f6ffel Halter, Buffet Zubeh\u00f6r L\u00f6ffel Set Gold Custom (4)\" class=\"wp-image-1236\" srcset=\"https:\/\/www.billiondaysupplier.com\/wp-content\/uploads\/2025\/10\/Wholesale-Stainless-Steel-Ladle-Holder-Buffet-Accessories-Spoon-Set-Gold-Custom-4.webp 1280w, https:\/\/www.billiondaysupplier.com\/wp-content\/uploads\/2025\/10\/Wholesale-Stainless-Steel-Ladle-Holder-Buffet-Accessories-Spoon-Set-Gold-Custom-4-300x300.webp 300w, https:\/\/www.billiondaysupplier.com\/wp-content\/uploads\/2025\/10\/Wholesale-Stainless-Steel-Ladle-Holder-Buffet-Accessories-Spoon-Set-Gold-Custom-4-150x150.webp 150w, https:\/\/www.billiondaysupplier.com\/wp-content\/uploads\/2025\/10\/Wholesale-Stainless-Steel-Ladle-Holder-Buffet-Accessories-Spoon-Set-Gold-Custom-4-768x768.webp 768w, https:\/\/www.billiondaysupplier.com\/wp-content\/uploads\/2025\/10\/Wholesale-Stainless-Steel-Ladle-Holder-Buffet-Accessories-Spoon-Set-Gold-Custom-4-12x12.webp 12w, https:\/\/www.billiondaysupplier.com\/wp-content\/uploads\/2025\/10\/Wholesale-Stainless-Steel-Ladle-Holder-Buffet-Accessories-Spoon-Set-Gold-Custom-4-1200x1200.webp 1200w, https:\/\/www.billiondaysupplier.com\/wp-content\/uploads\/2025\/10\/Wholesale-Stainless-Steel-Ladle-Holder-Buffet-Accessories-Spoon-Set-Gold-Custom-4-600x600.webp 600w, https:\/\/www.billiondaysupplier.com\/wp-content\/uploads\/2025\/10\/Wholesale-Stainless-Steel-Ladle-Holder-Buffet-Accessories-Spoon-Set-Gold-Custom-4-100x100.webp 100w\" sizes=\"(max-width: 1280px) 100vw, 1280px\" \/><\/figure>\n<\/div>\n<\/div>\n\n\n\n<div class=\"wp-block-columns is-layout-flex wp-container-core-columns-is-layout-9d6595d7 wp-block-columns-is-layout-flex\">\n<div class=\"wp-block-column is-layout-flow wp-block-column-is-layout-flow\">\n<figure class=\"wp-block-image size-large\"><img decoding=\"async\" width=\"3200\" height=\"3200\" src=\"https:\/\/www.billiondaysupplier.com\/wp-content\/uploads\/2025\/10\/Wholesale-Stainless-Steel-Ladle-Holder-Buffet-Accessories-Spoon-Set-Gold-Custom-6.webp\" alt=\"Gro\u00dfhandel Edelstahl Sch\u00f6pfl\u00f6ffel Halter, Buffet Zubeh\u00f6r L\u00f6ffel Set Gold Custom (6)\" class=\"wp-image-1238\" srcset=\"https:\/\/www.billiondaysupplier.com\/wp-content\/uploads\/2025\/10\/Wholesale-Stainless-Steel-Ladle-Holder-Buffet-Accessories-Spoon-Set-Gold-Custom-6.webp 3200w, https:\/\/www.billiondaysupplier.com\/wp-content\/uploads\/2025\/10\/Wholesale-Stainless-Steel-Ladle-Holder-Buffet-Accessories-Spoon-Set-Gold-Custom-6-300x300.webp 300w, https:\/\/www.billiondaysupplier.com\/wp-content\/uploads\/2025\/10\/Wholesale-Stainless-Steel-Ladle-Holder-Buffet-Accessories-Spoon-Set-Gold-Custom-6-150x150.webp 150w, https:\/\/www.billiondaysupplier.com\/wp-content\/uploads\/2025\/10\/Wholesale-Stainless-Steel-Ladle-Holder-Buffet-Accessories-Spoon-Set-Gold-Custom-6-768x768.webp 768w, https:\/\/www.billiondaysupplier.com\/wp-content\/uploads\/2025\/10\/Wholesale-Stainless-Steel-Ladle-Holder-Buffet-Accessories-Spoon-Set-Gold-Custom-6-12x12.webp 12w, https:\/\/www.billiondaysupplier.com\/wp-content\/uploads\/2025\/10\/Wholesale-Stainless-Steel-Ladle-Holder-Buffet-Accessories-Spoon-Set-Gold-Custom-6-1200x1200.webp 1200w, https:\/\/www.billiondaysupplier.com\/wp-content\/uploads\/2025\/10\/Wholesale-Stainless-Steel-Ladle-Holder-Buffet-Accessories-Spoon-Set-Gold-Custom-6-600x600.webp 600w, https:\/\/www.billiondaysupplier.com\/wp-content\/uploads\/2025\/10\/Wholesale-Stainless-Steel-Ladle-Holder-Buffet-Accessories-Spoon-Set-Gold-Custom-6-100x100.webp 100w\" sizes=\"(max-width: 3200px) 100vw, 3200px\" \/><\/figure>\n<\/div>\n\n\n\n<div class=\"wp-block-column is-layout-flow wp-block-column-is-layout-flow\">\n<figure class=\"wp-block-image size-full\"><img decoding=\"async\" width=\"1500\" height=\"1500\" src=\"https:\/\/www.billiondaysupplier.com\/wp-content\/uploads\/2025\/10\/Wholesale-Stainless-Steel-Ladle-Holder-Buffet-Accessories-Spoon-Set-Gold-Custom-5.webp\" alt=\"Gro\u00dfhandel Edelstahl Sch\u00f6pfl\u00f6ffel Halter, Buffet Zubeh\u00f6r L\u00f6ffel Set Gold Custom (5)\" class=\"wp-image-1237\" srcset=\"https:\/\/www.billiondaysupplier.com\/wp-content\/uploads\/2025\/10\/Wholesale-Stainless-Steel-Ladle-Holder-Buffet-Accessories-Spoon-Set-Gold-Custom-5.webp 1500w, https:\/\/www.billiondaysupplier.com\/wp-content\/uploads\/2025\/10\/Wholesale-Stainless-Steel-Ladle-Holder-Buffet-Accessories-Spoon-Set-Gold-Custom-5-300x300.webp 300w, https:\/\/www.billiondaysupplier.com\/wp-content\/uploads\/2025\/10\/Wholesale-Stainless-Steel-Ladle-Holder-Buffet-Accessories-Spoon-Set-Gold-Custom-5-150x150.webp 150w, https:\/\/www.billiondaysupplier.com\/wp-content\/uploads\/2025\/10\/Wholesale-Stainless-Steel-Ladle-Holder-Buffet-Accessories-Spoon-Set-Gold-Custom-5-768x768.webp 768w, https:\/\/www.billiondaysupplier.com\/wp-content\/uploads\/2025\/10\/Wholesale-Stainless-Steel-Ladle-Holder-Buffet-Accessories-Spoon-Set-Gold-Custom-5-12x12.webp 12w, https:\/\/www.billiondaysupplier.com\/wp-content\/uploads\/2025\/10\/Wholesale-Stainless-Steel-Ladle-Holder-Buffet-Accessories-Spoon-Set-Gold-Custom-5-1200x1200.webp 1200w, https:\/\/www.billiondaysupplier.com\/wp-content\/uploads\/2025\/10\/Wholesale-Stainless-Steel-Ladle-Holder-Buffet-Accessories-Spoon-Set-Gold-Custom-5-600x600.webp 600w, https:\/\/www.billiondaysupplier.com\/wp-content\/uploads\/2025\/10\/Wholesale-Stainless-Steel-Ladle-Holder-Buffet-Accessories-Spoon-Set-Gold-Custom-5-100x100.webp 100w\" sizes=\"(max-width: 1500px) 100vw, 1500px\" \/><\/figure>\n<\/div>\n<\/div>","protected":false},"excerpt":{"rendered":"<p>Gro\u00dfhandel Edelstahl L\u00f6ffelhalter, langlebig, elegant Gold, und leicht zu reinigen, f\u00fcr Buffets und Catering konzipiert. Erh\u00e4ltlich in Einzel-oder Doppel-L\u00f6ffel. Erkundigen Sie sich jetzt f\u00fcr die Fabrik Preis Buffet Zubeh\u00f6r liefern L\u00f6sung!<\/p>\n<h2>Sch\u00f6pfl\u00f6ffelhalter aus Edelstahl Parameter\uff1a<\/h2>\n<table width=\"378\">\n<tbody>\n<tr>\n<td width=\"155\">Material<\/td>\n<td width=\"223\">Rostfreier Stahl 304 und verchromtes Eisen<\/td>\n<\/tr>\n<tr>\n<td>Farbe<\/td>\n<td width=\"223\">Silber \/ Gold<\/td>\n<\/tr>\n<tr>\n<td>L\u00f6ffelrest<\/td>\n<td>Einzel\/Doppel<\/td>\n<\/tr>\n<tr>\n<td style=\"text-align: left;\">Merkmal<\/td>\n<td width=\"223\">\n<p>1. Langlebige Metallkonstruktion<br \/>2. Einzelne oder doppelte L\u00f6ffelhalter verf\u00fcgbar<br \/>3. Herausnehmbare Keramikschale<br \/>4. Leicht zu reinigende Konstruktion<\/p>\n<\/td>\n<\/tr>\n<tr>\n<td>Kundenspezifische Option<\/td>\n<td width=\"223\">Logo\/Farbe\/Gr\u00f6\u00dfe\/Verpackung\/Zubeh\u00f6r<\/td>\n<\/tr>\n<\/tbody>\n<\/table>","protected":false},"featured_media":1233,"comment_status":"closed","ping_status":"closed","template":"","meta":{"_acf_changed":true},"product_brand":[],"product_cat":[23],"product_tag":[],"class_list":{"0":"post-1232","1":"product","2":"type-product","3":"status-publish","4":"has-post-thumbnail","6":"product_cat-wholesale-buffet-accessories","8":"first","9":"instock","10":"shipping-taxable","11":"product-type-simple"},"acf":[],"_links":{"self":[{"href":"https:\/\/www.billiondaysupplier.com\/de\/wp-json\/wp\/v2\/product\/1232","targetHints":{"allow":["GET"]}}],"collection":[{"href":"https:\/\/www.billiondaysupplier.com\/de\/wp-json\/wp\/v2\/product"}],"about":[{"href":"https:\/\/www.billiondaysupplier.com\/de\/wp-json\/wp\/v2\/types\/product"}],"replies":[{"embeddable":true,"href":"https:\/\/www.billiondaysupplier.com\/de\/wp-json\/wp\/v2\/comments?post=1232"}],"wp:featuredmedia":[{"embeddable":true,"href":"https:\/\/www.billiondaysupplier.com\/de\/wp-json\/wp\/v2\/media\/1233"}],"wp:attachment":[{"href":"https:\/\/www.billiondaysupplier.com\/de\/wp-json\/wp\/v2\/media?parent=1232"}],"wp:term":[{"taxonomy":"product_brand","embeddable":true,"href":"https:\/\/www.billiondaysupplier.com\/de\/wp-json\/wp\/v2\/product_brand?post=1232"},{"taxonomy":"product_cat","embeddable":true,"href":"https:\/\/www.billiondaysupplier.com\/de\/wp-json\/wp\/v2\/product_cat?post=1232"},{"taxonomy":"product_tag","embeddable":true,"href":"https:\/\/www.billiondaysupplier.com\/de\/wp-json\/wp\/v2\/product_tag?post=1232"}],"curies":[{"name":"wp","href":"https:\/\/api.w.org\/{rel}","templated":true}]}}