{"id":1109,"date":"2025-09-01T08:04:00","date_gmt":"2025-09-01T08:04:00","guid":{"rendered":"https:\/\/www.billiondaysupplier.com\/?post_type=product&#038;p=1109"},"modified":"2025-09-07T22:51:03","modified_gmt":"2025-09-07T22:51:03","slug":"wholesale-mixing-bowls","status":"publish","type":"product","link":"https:\/\/www.billiondaysupplier.com\/de\/product\/wholesale-mixing-bowls\/","title":{"rendered":"Gro\u00dfhandel Mischen Schalen, bunte Edelstahl-Sch\u00fcssel mit Deckel f\u00fcr Restaurant Lieferant"},"content":{"rendered":"<div class=\"wp-block-columns is-layout-flex wp-container-core-columns-is-layout-9d6595d7 wp-block-columns-is-layout-flex\">\n<div class=\"wp-block-column is-layout-flow wp-block-column-is-layout-flow\">\n<h2 class=\"wp-block-heading\">Edelstahl-Mixersch\u00fcssel Merkmale:<\/h2>\n\n\n\n<p><strong> Hochwertiger rostfreier Stahl:<\/strong> Das aus lebensmittelechtem Edelstahl gefertigte Produkt ist korrosionsbest\u00e4ndig, rostfrei und langlebig, so dass es auch nach jahrelangem Gebrauch makellos bleibt.<\/p>\n\n\n\n<p><strong>Vielseitiges Design<\/strong>: Als R\u00fchrsch\u00fcssel, Salatsch\u00fcssel, Aufbewahrungssch\u00fcssel, Obstsch\u00fcssel, Nudelsch\u00fcssel oder Sch\u00fcssel f\u00fcr die Zubereitung von Mahlzeiten - f\u00fcr die unterschiedlichsten K\u00fcchenbed\u00fcrfnisse.<\/p>\n\n\n\n<p><strong>Mehrere Gr\u00f6\u00dfen verf\u00fcgbar<\/strong>: Erh\u00e4ltlich in einer Vielzahl von Gr\u00f6\u00dfen, geeignet f\u00fcr die Hausmannskost, die Gastronomie und die unterschiedlichen Kapazit\u00e4tsanforderungen von Gro\u00dfk\u00fcchen.<\/p>\n\n\n\n<p><strong>Ausgestattet mit einem Dichtungsdeckel<\/strong>: Bietet eine starke Versiegelung, die die Inhaltsstoffe sch\u00fctzt und die \u00dcbertragung von Ger\u00fcchen verhindert, so dass sie f\u00fcr die Aufbewahrung im K\u00fchlschrank und den Transport geeignet ist.<\/p>\n\n\n\n<p><strong>Mehrere Farboptionen<\/strong>: Erh\u00e4ltlich in einer Vielzahl von stilvollen Au\u00dfenfarben, gepaart mit bunten Deckeln (Lila, Orange, Gr\u00fcn, Gelb, Blau, Rot, Rosa), die sowohl \u00e4sthetisch als auch praktisch sind.<\/p>\n\n\n\n<p><strong>Einfache Lagerung<\/strong>: Die Sch\u00fcsseln lassen sich ineinander schieben und stapeln, was Platz spart und die Organisation in Ihrer K\u00fcche erleichtert.<\/p>\n\n\n\n<p><strong>Einfache Reinigung<\/strong>: Die glatte, antihaftbeschichtete Innenseite erleichtert die Reinigung, ob von Hand oder in der Sp\u00fclmaschine.<\/p>\n<\/div>\n\n\n\n<div class=\"wp-block-column is-layout-flow wp-block-column-is-layout-flow\">\n<figure class=\"wp-block-image size-full\"><img decoding=\"async\" width=\"720\" height=\"720\" src=\"https:\/\/www.billiondaysupplier.com\/wp-content\/uploads\/2025\/09\/stainless-mixer-bowl-bulk-5.webp\" alt=\"Edelstahl-R\u00fchrsch\u00fcssel lose (5)\" class=\"wp-image-1114\" srcset=\"https:\/\/www.billiondaysupplier.com\/wp-content\/uploads\/2025\/09\/stainless-mixer-bowl-bulk-5.webp 720w, https:\/\/www.billiondaysupplier.com\/wp-content\/uploads\/2025\/09\/stainless-mixer-bowl-bulk-5-300x300.webp 300w, https:\/\/www.billiondaysupplier.com\/wp-content\/uploads\/2025\/09\/stainless-mixer-bowl-bulk-5-150x150.webp 150w, https:\/\/www.billiondaysupplier.com\/wp-content\/uploads\/2025\/09\/stainless-mixer-bowl-bulk-5-12x12.webp 12w, https:\/\/www.billiondaysupplier.com\/wp-content\/uploads\/2025\/09\/stainless-mixer-bowl-bulk-5-600x600.webp 600w, https:\/\/www.billiondaysupplier.com\/wp-content\/uploads\/2025\/09\/stainless-mixer-bowl-bulk-5-100x100.webp 100w\" sizes=\"(max-width: 720px) 100vw, 720px\" \/><\/figure>\n<\/div>\n<\/div>\n\n\n\n<div class=\"wp-block-columns is-layout-flex wp-container-core-columns-is-layout-9d6595d7 wp-block-columns-is-layout-flex\">\n<div class=\"wp-block-column is-layout-flow wp-block-column-is-layout-flow\">\n<figure class=\"wp-block-image size-full\"><img decoding=\"async\" width=\"720\" height=\"720\" src=\"https:\/\/www.billiondaysupplier.com\/wp-content\/uploads\/2025\/09\/stainless-mixer-bowl-bulk-2.webp\" alt=\"Edelstahl-Mixtopf lose (2)\" class=\"wp-image-1111\" srcset=\"https:\/\/www.billiondaysupplier.com\/wp-content\/uploads\/2025\/09\/stainless-mixer-bowl-bulk-2.webp 720w, https:\/\/www.billiondaysupplier.com\/wp-content\/uploads\/2025\/09\/stainless-mixer-bowl-bulk-2-300x300.webp 300w, https:\/\/www.billiondaysupplier.com\/wp-content\/uploads\/2025\/09\/stainless-mixer-bowl-bulk-2-150x150.webp 150w, https:\/\/www.billiondaysupplier.com\/wp-content\/uploads\/2025\/09\/stainless-mixer-bowl-bulk-2-12x12.webp 12w, https:\/\/www.billiondaysupplier.com\/wp-content\/uploads\/2025\/09\/stainless-mixer-bowl-bulk-2-600x600.webp 600w, https:\/\/www.billiondaysupplier.com\/wp-content\/uploads\/2025\/09\/stainless-mixer-bowl-bulk-2-100x100.webp 100w\" sizes=\"(max-width: 720px) 100vw, 720px\" \/><\/figure>\n<\/div>\n\n\n\n<div class=\"wp-block-column is-layout-flow wp-block-column-is-layout-flow\">\n<figure class=\"wp-block-image size-full\"><img decoding=\"async\" width=\"720\" height=\"720\" src=\"https:\/\/www.billiondaysupplier.com\/wp-content\/uploads\/2025\/09\/stainless-mixer-bowl-bulk-3.webp\" alt=\"Edelstahl-R\u00fchrsch\u00fcssel lose (3)\" class=\"wp-image-1112\" srcset=\"https:\/\/www.billiondaysupplier.com\/wp-content\/uploads\/2025\/09\/stainless-mixer-bowl-bulk-3.webp 720w, https:\/\/www.billiondaysupplier.com\/wp-content\/uploads\/2025\/09\/stainless-mixer-bowl-bulk-3-300x300.webp 300w, https:\/\/www.billiondaysupplier.com\/wp-content\/uploads\/2025\/09\/stainless-mixer-bowl-bulk-3-150x150.webp 150w, https:\/\/www.billiondaysupplier.com\/wp-content\/uploads\/2025\/09\/stainless-mixer-bowl-bulk-3-12x12.webp 12w, https:\/\/www.billiondaysupplier.com\/wp-content\/uploads\/2025\/09\/stainless-mixer-bowl-bulk-3-600x600.webp 600w, https:\/\/www.billiondaysupplier.com\/wp-content\/uploads\/2025\/09\/stainless-mixer-bowl-bulk-3-100x100.webp 100w\" sizes=\"(max-width: 720px) 100vw, 720px\" \/><\/figure>\n<\/div>\n<\/div>","protected":false},"excerpt":{"rendered":"<p>Gro\u00dfhandel Mischen Schalen, Lebensmittelqualit\u00e4t Edelstahl, in mehreren Gr\u00f6\u00dfen und Farben erh\u00e4ltlich, mit einem versiegelten Deckel Design, geeignet f\u00fcr Haus, Hotel, Restaurant und Gro\u00dfk\u00fcchen. Unterst\u00fctzung Bulk-Anpassung, willkommen, uns f\u00fcr ein Angebot zu kontaktieren!<\/p>\n<h2>R\u00fchrsch\u00fcsseln Parameter\uff1a<\/h2>\n<table border=\"0\" width=\"404\" cellspacing=\"0\" cellpadding=\"0\">\n<tbody>\n<tr>\n<td style=\"text-align: left;\" width=\"148\" height=\"24\"><strong>Material<\/strong><\/td>\n<td style=\"text-align: left;\" width=\"256\">Rostfreier Stahl 201<\/td>\n<\/tr>\n<tr>\n<td style=\"text-align: left;\" height=\"69\"><strong>Farbe<\/strong><\/td>\n<td style=\"text-align: left;\" width=\"256\">Lila, orange, gr\u00fcn, gelb, blau, rot, rosa<\/td>\n<\/tr>\n<tr>\n<td style=\"text-align: left;\" height=\"69\"><strong>Anmeldung<\/strong><\/td>\n<td style=\"text-align: left;\" width=\"256\">Umr\u00fchren, Salat mischen, Teig kneten, So\u00dfen zubereiten, Zutaten servieren<\/td>\n<\/tr>\n<tr>\n<td style=\"text-align: left;\" height=\"69\"><strong>Occasin<\/strong><\/td>\n<td style=\"text-align: left;\" width=\"256\">Heimk\u00fcchen, Cafeterias, B\u00e4ckereien, Gro\u00dfk\u00fcchen, Buffets und Camping.<\/td>\n<\/tr>\n<tr>\n<td style=\"text-align: left;\" height=\"92\"><strong>Merkmal<\/strong><\/td>\n<td style=\"text-align: left;\" width=\"256\">1. Leicht zu reinigen<br \/>2. Dauerhaft<\/td>\n<\/tr>\n<tr>\n<td style=\"text-align: left;\" height=\"24\"><strong>Kundenspezifische Option<\/strong><\/td>\n<td style=\"text-align: left;\">Logo\/Deckel\/Verpackung\/Zubeh\u00f6r<\/td>\n<\/tr>\n<\/tbody>\n<\/table>","protected":false},"featured_media":1110,"comment_status":"closed","ping_status":"closed","template":"","meta":{"_acf_changed":true},"product_brand":[],"product_cat":[25],"product_tag":[],"class_list":{"0":"post-1109","1":"product","2":"type-product","3":"status-publish","4":"has-post-thumbnail","6":"product_cat-bulk-custom-mixing-bowls","8":"first","9":"instock","10":"shipping-taxable","11":"product-type-simple"},"acf":[],"_links":{"self":[{"href":"https:\/\/www.billiondaysupplier.com\/de\/wp-json\/wp\/v2\/product\/1109","targetHints":{"allow":["GET"]}}],"collection":[{"href":"https:\/\/www.billiondaysupplier.com\/de\/wp-json\/wp\/v2\/product"}],"about":[{"href":"https:\/\/www.billiondaysupplier.com\/de\/wp-json\/wp\/v2\/types\/product"}],"replies":[{"embeddable":true,"href":"https:\/\/www.billiondaysupplier.com\/de\/wp-json\/wp\/v2\/comments?post=1109"}],"wp:featuredmedia":[{"embeddable":true,"href":"https:\/\/www.billiondaysupplier.com\/de\/wp-json\/wp\/v2\/media\/1110"}],"wp:attachment":[{"href":"https:\/\/www.billiondaysupplier.com\/de\/wp-json\/wp\/v2\/media?parent=1109"}],"wp:term":[{"taxonomy":"product_brand","embeddable":true,"href":"https:\/\/www.billiondaysupplier.com\/de\/wp-json\/wp\/v2\/product_brand?post=1109"},{"taxonomy":"product_cat","embeddable":true,"href":"https:\/\/www.billiondaysupplier.com\/de\/wp-json\/wp\/v2\/product_cat?post=1109"},{"taxonomy":"product_tag","embeddable":true,"href":"https:\/\/www.billiondaysupplier.com\/de\/wp-json\/wp\/v2\/product_tag?post=1109"}],"curies":[{"name":"wp","href":"https:\/\/api.w.org\/{rel}","templated":true}]}}