{"id":1102,"date":"2025-09-01T07:46:51","date_gmt":"2025-09-01T07:46:51","guid":{"rendered":"https:\/\/www.billiondaysupplier.com\/?post_type=product&#038;p=1102"},"modified":"2025-10-18T11:16:19","modified_gmt":"2025-10-18T11:16:19","slug":"bulk-stainless-steel-baking-pan","status":"publish","type":"product","link":"https:\/\/www.billiondaysupplier.com\/de\/product\/bulk-stainless-steel-baking-pan\/","title":{"rendered":"Bulk-Edelstahl-Backform, quadratische Platte mit Grill Custom"},"content":{"rendered":"<div class=\"wp-block-columns is-layout-flex wp-container-core-columns-is-layout-9d6595d7 wp-block-columns-is-layout-flex\">\n<div class=\"wp-block-column is-layout-flow wp-block-column-is-layout-flow\">\n<h2 class=\"wp-block-heading\">Edelstahl-Backform Merkmale:<\/h2>\n\n\n\n<p><strong>Hochwertige Materialien<\/strong>: Hergestellt aus lebensmittelechtem Edelstahl mit einer Dicke von bis zu 0,85 mm, ist es hitzebest\u00e4ndig und korrosionsbest\u00e4ndig, was Sicherheit und Haltbarkeit gew\u00e4hrleistet.<\/p>\n\n\n\n<p><strong>Quadratischer Teller und Grill Combo<\/strong>: Dieses vielseitige Set kann als Backblech oder zusammen mit einem Grill zum D\u00e4mpfen, Backen, K\u00fchlen und f\u00fcr andere vielseitige Verwendungszwecke eingesetzt werden und erf\u00fcllt so die unterschiedlichsten K\u00fcchenanforderungen.<\/p>\n\n\n\n<p><strong>Glatte, gratfreie Kanten<\/strong>: Glatte, abgerundete Kanten verhindern Kratzer und sorgen f\u00fcr mehr Sicherheit und Komfort.<\/p>\n\n\n\n<p><strong>Flach, rutschfeste Unterseite: <\/strong>Der flache Boden verteilt die W\u00e4rme gleichm\u00e4\u00dfig und leitet sie schnell weiter, was ein effizienteres Kochen erm\u00f6glicht.<\/p>\n\n\n\n<p><strong>Stapelbar<\/strong>: Mehrere Teller k\u00f6nnen zusammen gestapelt werden, was Platz in der K\u00fcche spart und den Transport und die Lagerung erleichtert. Er ist besonders f\u00fcr Restaurants und Gro\u00dfh\u00e4ndler geeignet.<\/p>\n\n\n\n<p><strong>Leicht zu reinigen<\/strong>: Die glatte, antihaftbeschichtete Oberfl\u00e4che macht die Reinigung einfach und ist sp\u00fclmaschinenfest, was Zeit spart.<\/p>\n<\/div>\n\n\n\n<div class=\"wp-block-column is-layout-flow wp-block-column-is-layout-flow\">\n<figure class=\"wp-block-image size-full\"><img decoding=\"async\" width=\"720\" height=\"720\" src=\"https:\/\/www.billiondaysupplier.com\/wp-content\/uploads\/2025\/09\/custom-stainless-steel-square-plate-5.webp\" alt=\"kundenspezifische quadratische Platte aus Edelstahl (5)\" class=\"wp-image-1107\" srcset=\"https:\/\/www.billiondaysupplier.com\/wp-content\/uploads\/2025\/09\/custom-stainless-steel-square-plate-5.webp 720w, https:\/\/www.billiondaysupplier.com\/wp-content\/uploads\/2025\/09\/custom-stainless-steel-square-plate-5-300x300.webp 300w, https:\/\/www.billiondaysupplier.com\/wp-content\/uploads\/2025\/09\/custom-stainless-steel-square-plate-5-150x150.webp 150w, https:\/\/www.billiondaysupplier.com\/wp-content\/uploads\/2025\/09\/custom-stainless-steel-square-plate-5-12x12.webp 12w, https:\/\/www.billiondaysupplier.com\/wp-content\/uploads\/2025\/09\/custom-stainless-steel-square-plate-5-600x600.webp 600w, https:\/\/www.billiondaysupplier.com\/wp-content\/uploads\/2025\/09\/custom-stainless-steel-square-plate-5-100x100.webp 100w\" sizes=\"(max-width: 720px) 100vw, 720px\" \/><\/figure>\n<\/div>\n<\/div>\n\n\n\n<div class=\"wp-block-columns is-layout-flex wp-container-core-columns-is-layout-9d6595d7 wp-block-columns-is-layout-flex\">\n<div class=\"wp-block-column is-layout-flow wp-block-column-is-layout-flow\">\n<figure class=\"wp-block-image size-full\"><img decoding=\"async\" width=\"720\" height=\"720\" src=\"https:\/\/www.billiondaysupplier.com\/wp-content\/uploads\/2025\/09\/custom-stainless-steel-square-plate-6.webp\" alt=\"kundenspezifische quadratische Platte aus rostfreiem Stahl (6)\" class=\"wp-image-1108\" srcset=\"https:\/\/www.billiondaysupplier.com\/wp-content\/uploads\/2025\/09\/custom-stainless-steel-square-plate-6.webp 720w, https:\/\/www.billiondaysupplier.com\/wp-content\/uploads\/2025\/09\/custom-stainless-steel-square-plate-6-300x300.webp 300w, https:\/\/www.billiondaysupplier.com\/wp-content\/uploads\/2025\/09\/custom-stainless-steel-square-plate-6-150x150.webp 150w, https:\/\/www.billiondaysupplier.com\/wp-content\/uploads\/2025\/09\/custom-stainless-steel-square-plate-6-12x12.webp 12w, https:\/\/www.billiondaysupplier.com\/wp-content\/uploads\/2025\/09\/custom-stainless-steel-square-plate-6-600x600.webp 600w, https:\/\/www.billiondaysupplier.com\/wp-content\/uploads\/2025\/09\/custom-stainless-steel-square-plate-6-100x100.webp 100w\" sizes=\"(max-width: 720px) 100vw, 720px\" \/><\/figure>\n<\/div>\n\n\n\n<div class=\"wp-block-column is-layout-flow wp-block-column-is-layout-flow\">\n<figure class=\"wp-block-image size-full\"><img decoding=\"async\" width=\"720\" height=\"720\" src=\"https:\/\/www.billiondaysupplier.com\/wp-content\/uploads\/2025\/09\/custom-stainless-steel-square-plate-3.webp\" alt=\"kundenspezifische quadratische Platte aus rostfreiem Stahl (3)\" class=\"wp-image-1105\" srcset=\"https:\/\/www.billiondaysupplier.com\/wp-content\/uploads\/2025\/09\/custom-stainless-steel-square-plate-3.webp 720w, https:\/\/www.billiondaysupplier.com\/wp-content\/uploads\/2025\/09\/custom-stainless-steel-square-plate-3-300x300.webp 300w, https:\/\/www.billiondaysupplier.com\/wp-content\/uploads\/2025\/09\/custom-stainless-steel-square-plate-3-150x150.webp 150w, https:\/\/www.billiondaysupplier.com\/wp-content\/uploads\/2025\/09\/custom-stainless-steel-square-plate-3-12x12.webp 12w, https:\/\/www.billiondaysupplier.com\/wp-content\/uploads\/2025\/09\/custom-stainless-steel-square-plate-3-600x600.webp 600w, https:\/\/www.billiondaysupplier.com\/wp-content\/uploads\/2025\/09\/custom-stainless-steel-square-plate-3-100x100.webp 100w\" sizes=\"(max-width: 720px) 100vw, 720px\" \/><\/figure>\n<\/div>\n<\/div>","protected":false},"excerpt":{"rendered":"<p>Bulk benutzerdefinierte Edelstahl-Backformen sind quadratisch und kommen in verschiedenen Gr\u00f6\u00dfen, geeignet f\u00fcr \u00d6fen oder Food-Service, und vieles mehr. Billion Day Factory direkte Lieferung, Gro\u00dfhandelspreis und kundenspezifische L\u00f6sung ist verf\u00fcgbar! Z\u00f6gern Sie nicht, uns zu kontaktieren!<\/p>\n<h2>Edelstahl-Backform Parameter\uff1a<\/h2>\n<table border=\"0\" width=\"404\" cellspacing=\"0\" cellpadding=\"0\">\n<tbody>\n<tr>\n<td style=\"text-align: left;\" width=\"148\" height=\"24\"><strong>Material<\/strong><\/td>\n<td style=\"text-align: left;\" width=\"256\">Rostfreier Stahl 201<\/td>\n<\/tr>\n<tr>\n<td style=\"text-align: left;\" width=\"148\" height=\"24\"><strong>Farbe<\/strong><\/td>\n<td style=\"text-align: left;\" width=\"256\">Silber<\/td>\n<\/tr>\n<tr>\n<td style=\"text-align: left;\" width=\"148\" height=\"24\"><strong>Deckel<\/strong><\/td>\n<td style=\"text-align: left;\" width=\"256\">PC\/Stahl<\/td>\n<\/tr>\n<tr>\n<td style=\"text-align: left;\" height=\"92\"><strong>Merkmal<\/strong><\/td>\n<td style=\"text-align: left;\" width=\"256\">1. mit Backofengrill<br \/>2. Langlebig und umweltfreundlich<br \/>3. Stapelbar<\/td>\n<\/tr>\n<tr>\n<td style=\"text-align: left;\" height=\"24\"><strong>Kundenspezifische Option<\/strong><\/td>\n<td style=\"text-align: left;\">Logo\/Gr\u00f6\u00dfe\/Verpackung\/Zubeh\u00f6r<\/td>\n<\/tr>\n<\/tbody>\n<\/table>","protected":false},"featured_media":1107,"comment_status":"closed","ping_status":"closed","template":"","meta":{"_acf_changed":false},"product_brand":[],"product_cat":[24],"product_tag":[],"class_list":{"0":"post-1102","1":"product","2":"type-product","3":"status-publish","4":"has-post-thumbnail","6":"product_cat-bulk-custom-food-tray","8":"first","9":"instock","10":"shipping-taxable","11":"product-type-simple"},"acf":[],"_links":{"self":[{"href":"https:\/\/www.billiondaysupplier.com\/de\/wp-json\/wp\/v2\/product\/1102","targetHints":{"allow":["GET"]}}],"collection":[{"href":"https:\/\/www.billiondaysupplier.com\/de\/wp-json\/wp\/v2\/product"}],"about":[{"href":"https:\/\/www.billiondaysupplier.com\/de\/wp-json\/wp\/v2\/types\/product"}],"replies":[{"embeddable":true,"href":"https:\/\/www.billiondaysupplier.com\/de\/wp-json\/wp\/v2\/comments?post=1102"}],"wp:featuredmedia":[{"embeddable":true,"href":"https:\/\/www.billiondaysupplier.com\/de\/wp-json\/wp\/v2\/media\/1107"}],"wp:attachment":[{"href":"https:\/\/www.billiondaysupplier.com\/de\/wp-json\/wp\/v2\/media?parent=1102"}],"wp:term":[{"taxonomy":"product_brand","embeddable":true,"href":"https:\/\/www.billiondaysupplier.com\/de\/wp-json\/wp\/v2\/product_brand?post=1102"},{"taxonomy":"product_cat","embeddable":true,"href":"https:\/\/www.billiondaysupplier.com\/de\/wp-json\/wp\/v2\/product_cat?post=1102"},{"taxonomy":"product_tag","embeddable":true,"href":"https:\/\/www.billiondaysupplier.com\/de\/wp-json\/wp\/v2\/product_tag?post=1102"}],"curies":[{"name":"wp","href":"https:\/\/api.w.org\/{rel}","templated":true}]}}