{"id":1095,"date":"2025-09-01T06:46:53","date_gmt":"2025-09-01T06:46:53","guid":{"rendered":"https:\/\/www.billiondaysupplier.com\/?post_type=product&#038;p=1095"},"modified":"2025-10-18T12:11:40","modified_gmt":"2025-10-18T12:11:40","slug":"bulk-stainless-steel-square-plates","status":"publish","type":"product","link":"https:\/\/www.billiondaysupplier.com\/de\/product\/bulk-stainless-steel-square-plates\/","title":{"rendered":"Quadratische Teller aus Edelstahl, Japanisches Essenstablett-Set rechteckig in verschiedenen Gr\u00f6\u00dfen"},"content":{"rendered":"<div class=\"wp-block-columns is-layout-flex wp-container-core-columns-is-layout-9d6595d7 wp-block-columns-is-layout-flex\">\n<div class=\"wp-block-column is-layout-flow wp-block-column-is-layout-flow\">\n<h2 class=\"wp-block-heading\">Vierkant-Edelstahlplatten Merkmale:<\/h2>\n\n\n\n<p><strong>Hochwertiges Material:<\/strong> Langlebiger, hochwertiger, lebensmittelechter Edelstahl ist korrosions- und hitzebest\u00e4ndig und sorgt f\u00fcr dauerhafte Lebensmittelsicherheit.<\/p>\n\n\n\n<p><strong>Japanisch inspiriertes minimalistisches Design<\/strong>: Der quadratische Teller hat klare Linien und eignet sich zum Servieren von japanischen, westlichen und chinesischen Gerichten.<\/p>\n\n\n\n<p><strong>Mehrere Gr\u00f6\u00dfen verf\u00fcgbar:<\/strong> Erh\u00e4ltlich in sechs Gr\u00f6\u00dfen, von klein bis gro\u00df, um den unterschiedlichen Anforderungen von Restaurants, Hotels, Cafeterias und Haushalten gerecht zu werden.<\/p>\n\n\n\n<p><strong>Leicht stapelbar<\/strong>: Die Teller sind so konzipiert, dass sie sich sauber stapeln lassen und nur wenig Platz f\u00fcr eine einfache Lagerung und einen einfachen Transport ben\u00f6tigen.<\/p>\n\n\n\n<p><strong>Leicht zu reinigen<\/strong>: Die glatte, antihaftbeschichtete Oberfl\u00e4che l\u00e4sst sich leicht reinigen und ist sp\u00fclmaschinenfest.<\/p>\n\n\n\n<p><strong>Gro\u00dfhandelssets verf\u00fcgbar<\/strong>: Erh\u00e4ltlich in verschiedenen Gr\u00f6\u00dfen, geeignet f\u00fcr Gro\u00dfeink\u00e4ufe in der Gastronomie, im Gro\u00dfhandel und im Einzelhandel.<\/p>\n<\/div>\n\n\n\n<div class=\"wp-block-column is-layout-flow wp-block-column-is-layout-flow\">\n<figure class=\"wp-block-image size-full\"><img decoding=\"async\" width=\"720\" height=\"720\" src=\"https:\/\/www.billiondaysupplier.com\/wp-content\/uploads\/2025\/09\/wholesale-square-stainless-steel-plates-4.webp\" alt=\"Gro\u00dfhandel quadratische Platten aus rostfreiem Stahl (4)\" class=\"wp-image-1099\" srcset=\"https:\/\/www.billiondaysupplier.com\/wp-content\/uploads\/2025\/09\/wholesale-square-stainless-steel-plates-4.webp 720w, https:\/\/www.billiondaysupplier.com\/wp-content\/uploads\/2025\/09\/wholesale-square-stainless-steel-plates-4-300x300.webp 300w, https:\/\/www.billiondaysupplier.com\/wp-content\/uploads\/2025\/09\/wholesale-square-stainless-steel-plates-4-150x150.webp 150w, https:\/\/www.billiondaysupplier.com\/wp-content\/uploads\/2025\/09\/wholesale-square-stainless-steel-plates-4-12x12.webp 12w, https:\/\/www.billiondaysupplier.com\/wp-content\/uploads\/2025\/09\/wholesale-square-stainless-steel-plates-4-600x600.webp 600w, https:\/\/www.billiondaysupplier.com\/wp-content\/uploads\/2025\/09\/wholesale-square-stainless-steel-plates-4-100x100.webp 100w\" sizes=\"(max-width: 720px) 100vw, 720px\" \/><\/figure>\n<\/div>\n<\/div>\n\n\n\n<div class=\"wp-block-columns is-layout-flex wp-container-core-columns-is-layout-9d6595d7 wp-block-columns-is-layout-flex\">\n<div class=\"wp-block-column is-layout-flow wp-block-column-is-layout-flow\">\n<figure class=\"wp-block-image size-large\"><img decoding=\"async\" width=\"720\" height=\"720\" src=\"https:\/\/www.billiondaysupplier.com\/wp-content\/uploads\/2025\/09\/wholesale-square-stainless-steel-plates-5.webp\" alt=\"Gro\u00dfhandel mit quadratischen Platten aus rostfreiem Stahl (5)\" class=\"wp-image-1100\" srcset=\"https:\/\/www.billiondaysupplier.com\/wp-content\/uploads\/2025\/09\/wholesale-square-stainless-steel-plates-5.webp 720w, https:\/\/www.billiondaysupplier.com\/wp-content\/uploads\/2025\/09\/wholesale-square-stainless-steel-plates-5-300x300.webp 300w, https:\/\/www.billiondaysupplier.com\/wp-content\/uploads\/2025\/09\/wholesale-square-stainless-steel-plates-5-150x150.webp 150w, https:\/\/www.billiondaysupplier.com\/wp-content\/uploads\/2025\/09\/wholesale-square-stainless-steel-plates-5-12x12.webp 12w, https:\/\/www.billiondaysupplier.com\/wp-content\/uploads\/2025\/09\/wholesale-square-stainless-steel-plates-5-600x600.webp 600w, https:\/\/www.billiondaysupplier.com\/wp-content\/uploads\/2025\/09\/wholesale-square-stainless-steel-plates-5-100x100.webp 100w\" sizes=\"(max-width: 720px) 100vw, 720px\" \/><\/figure>\n<\/div>\n\n\n\n<div class=\"wp-block-column is-layout-flow wp-block-column-is-layout-flow\">\n<figure class=\"wp-block-image size-large\"><img decoding=\"async\" width=\"601\" height=\"602\" src=\"https:\/\/www.billiondaysupplier.com\/wp-content\/uploads\/2025\/09\/wholesale-square-stainless-steel-plates-3.webp\" alt=\"Gro\u00dfhandel mit quadratischen Platten aus rostfreiem Stahl (3)\" class=\"wp-image-1098\" srcset=\"https:\/\/www.billiondaysupplier.com\/wp-content\/uploads\/2025\/09\/wholesale-square-stainless-steel-plates-3.webp 601w, https:\/\/www.billiondaysupplier.com\/wp-content\/uploads\/2025\/09\/wholesale-square-stainless-steel-plates-3-300x300.webp 300w, https:\/\/www.billiondaysupplier.com\/wp-content\/uploads\/2025\/09\/wholesale-square-stainless-steel-plates-3-150x150.webp 150w, https:\/\/www.billiondaysupplier.com\/wp-content\/uploads\/2025\/09\/wholesale-square-stainless-steel-plates-3-12x12.webp 12w, https:\/\/www.billiondaysupplier.com\/wp-content\/uploads\/2025\/09\/wholesale-square-stainless-steel-plates-3-600x600.webp 600w, https:\/\/www.billiondaysupplier.com\/wp-content\/uploads\/2025\/09\/wholesale-square-stainless-steel-plates-3-100x100.webp 100w\" sizes=\"(max-width: 601px) 100vw, 601px\" \/><\/figure>\n<\/div>\n<\/div>","protected":false},"excerpt":{"rendered":"<p>Die quadratischen Edelstahlteller des Gro\u00dfhandels, die in verschiedenen Gr\u00f6\u00dfen erh\u00e4ltlich sind, werden aus lebensmittelechten Materialien hergestellt und weisen ein japanisches Design auf. Sie sind langlebig und leicht zu reinigen und eignen sich daher perfekt f\u00fcr Restaurants, Hotels und Cateringdienste. Kontaktieren Sie uns f\u00fcr ein Angebot f\u00fcr gro\u00dfe Mengen!<\/p>\n<h2>Quadratische Platten aus Edelstahl Parameter\uff1a<\/h2>\n<table border=\"0\" width=\"404\" cellspacing=\"0\" cellpadding=\"0\">\n<tbody>\n<tr>\n<td style=\"text-align: left;\" width=\"148\" height=\"24\"><strong>Material<\/strong><\/td>\n<td style=\"text-align: left;\" width=\"256\">Rostfreier Stahl 201\/304<\/td>\n<\/tr>\n<\/tr>\n<tr>\n<td style=\"text-align: left;\" height=\"92\"><strong>Merkmal<\/strong><\/td>\n<td style=\"text-align: left;\" width=\"256\">1. Angemessene F\u00e4cher<br \/>2. Langlebig und umweltfreundlich<br \/>3. Stapelbar<\/td>\n<\/tr>\n<tr>\n<td style=\"text-align: left;\" height=\"24\"><strong>Kundenspezifische Option<\/strong><\/td>\n<td style=\"text-align: left;\">Logo\/Gr\u00f6\u00dfe\/Verpackung\/Zubeh\u00f6r<\/td>\n<\/tr>\n<\/tbody>\n<\/table>","protected":false},"featured_media":1097,"comment_status":"closed","ping_status":"closed","template":"","meta":{"_acf_changed":true},"product_brand":[],"product_cat":[24],"product_tag":[],"class_list":{"0":"post-1095","1":"product","2":"type-product","3":"status-publish","4":"has-post-thumbnail","6":"product_cat-bulk-custom-food-tray","8":"first","9":"instock","10":"shipping-taxable","11":"product-type-simple"},"acf":[],"_links":{"self":[{"href":"https:\/\/www.billiondaysupplier.com\/de\/wp-json\/wp\/v2\/product\/1095","targetHints":{"allow":["GET"]}}],"collection":[{"href":"https:\/\/www.billiondaysupplier.com\/de\/wp-json\/wp\/v2\/product"}],"about":[{"href":"https:\/\/www.billiondaysupplier.com\/de\/wp-json\/wp\/v2\/types\/product"}],"replies":[{"embeddable":true,"href":"https:\/\/www.billiondaysupplier.com\/de\/wp-json\/wp\/v2\/comments?post=1095"}],"wp:featuredmedia":[{"embeddable":true,"href":"https:\/\/www.billiondaysupplier.com\/de\/wp-json\/wp\/v2\/media\/1097"}],"wp:attachment":[{"href":"https:\/\/www.billiondaysupplier.com\/de\/wp-json\/wp\/v2\/media?parent=1095"}],"wp:term":[{"taxonomy":"product_brand","embeddable":true,"href":"https:\/\/www.billiondaysupplier.com\/de\/wp-json\/wp\/v2\/product_brand?post=1095"},{"taxonomy":"product_cat","embeddable":true,"href":"https:\/\/www.billiondaysupplier.com\/de\/wp-json\/wp\/v2\/product_cat?post=1095"},{"taxonomy":"product_tag","embeddable":true,"href":"https:\/\/www.billiondaysupplier.com\/de\/wp-json\/wp\/v2\/product_tag?post=1095"}],"curies":[{"name":"wp","href":"https:\/\/api.w.org\/{rel}","templated":true}]}}