{"id":1082,"date":"2025-09-07T23:04:33","date_gmt":"2025-09-07T23:04:33","guid":{"rendered":"https:\/\/www.billiondaysupplier.com\/?post_type=product&#038;p=1082"},"modified":"2025-09-07T23:04:34","modified_gmt":"2025-09-07T23:04:34","slug":"wholesale-divided-food-trays","status":"publish","type":"product","link":"https:\/\/www.billiondaysupplier.com\/de\/product\/wholesale-divided-food-trays\/","title":{"rendered":"Gro\u00dfhandel geteilt Lebensmittel Tabletts Food-Grade-Edelstahl-Fach Platte f\u00fcr Schulkantine"},"content":{"rendered":"<div class=\"wp-block-columns is-layout-flex wp-container-core-columns-is-layout-9d6595d7 wp-block-columns-is-layout-flex\">\n<div class=\"wp-block-column is-layout-flow wp-block-column-is-layout-flow\">\n<h2 class=\"wp-block-heading\">Geteilte Lebensmittelschalen Merkmale:<\/h2>\n\n\n\n<p><strong>Dauerhaft<\/strong>: Er ist aus Edelstahl 304 gefertigt und h\u00e4lt den hohen Anforderungen in der Gastronomie stand. Er eignet sich f\u00fcr den h\u00e4ufigen Einsatz mit hoher Belastung, z. B. in Schulen und Betriebskantinen.<\/p>\n\n\n\n<p><strong>Praktische Trennw\u00e4nde<\/strong>: Das Design mit vier F\u00e4chern erm\u00f6glicht eine pr\u00e4zise Verteilung der Speisen, was die Zubereitung der Mahlzeiten beschleunigt, die Wartezeiten verk\u00fcrzt und die Effizienz des Essens erh\u00f6ht.<\/p>\n\n\n\n<p><strong>Erh\u00f6hte Hygiene und Sicherheit:<\/strong> Edelstahl ist von Natur aus antibakteriell, und seine glatte Oberfl\u00e4che l\u00e4sst sich leicht reinigen, wodurch \u00d6lr\u00fcckst\u00e4nde minimiert werden und die Normen f\u00fcr Lebensmittelsicherheit erf\u00fcllt werden.<\/p>\n\n\n\n<p><strong>Pr\u00e4zise Gr\u00f6\u00dfen<\/strong>: Die Gr\u00f6\u00dfe von 28x22cm und die moderate Tiefe bieten Platz f\u00fcr Standardportionen und erf\u00fcllen die Bed\u00fcrfnisse von Gro\u00dfk\u00fcchen.<\/p>\n\n\n\n<p><strong>Flexibles Design:<\/strong> Die standardisierten, leichten und stapelbaren Teller lassen sich leicht lagern und eignen sich daher besonders f\u00fcr Gro\u00dfk\u00fcchen mit h\u00e4ufiger Handhabung und Lagerung.<\/p>\n\n\n\n<p><strong>Bereitstellung von Anpassungsservice:<\/strong> Individuelle Anpassungsm\u00f6glichkeiten wie Logos, Abmessungen und Verpackungen sind auf Anfrage erh\u00e4ltlich, um sicherzustellen, dass das Produkt den Kundenanforderungen entspricht.<\/p>\n<\/div>\n\n\n\n<div class=\"wp-block-column is-layout-flow wp-block-column-is-layout-flow\">\n<figure class=\"wp-block-image size-full\"><img decoding=\"async\" width=\"2362\" height=\"2362\" src=\"https:\/\/www.billiondaysupplier.com\/wp-content\/uploads\/2025\/08\/wholesale-divided-food-trays-5.webp\" alt=\"Gro\u00dfhandel unterteilte Lebensmittelschalen (5)\" class=\"wp-image-1087\" style=\"aspect-ratio:1;object-fit:cover\" srcset=\"https:\/\/www.billiondaysupplier.com\/wp-content\/uploads\/2025\/08\/wholesale-divided-food-trays-5.webp 2362w, https:\/\/www.billiondaysupplier.com\/wp-content\/uploads\/2025\/08\/wholesale-divided-food-trays-5-300x300.webp 300w, https:\/\/www.billiondaysupplier.com\/wp-content\/uploads\/2025\/08\/wholesale-divided-food-trays-5-150x150.webp 150w, https:\/\/www.billiondaysupplier.com\/wp-content\/uploads\/2025\/08\/wholesale-divided-food-trays-5-768x768.webp 768w, https:\/\/www.billiondaysupplier.com\/wp-content\/uploads\/2025\/08\/wholesale-divided-food-trays-5-12x12.webp 12w, https:\/\/www.billiondaysupplier.com\/wp-content\/uploads\/2025\/08\/wholesale-divided-food-trays-5-1200x1200.webp 1200w, https:\/\/www.billiondaysupplier.com\/wp-content\/uploads\/2025\/08\/wholesale-divided-food-trays-5-600x600.webp 600w, https:\/\/www.billiondaysupplier.com\/wp-content\/uploads\/2025\/08\/wholesale-divided-food-trays-5-100x100.webp 100w\" sizes=\"(max-width: 2362px) 100vw, 2362px\" \/><\/figure>\n<\/div>\n<\/div>\n\n\n\n<div class=\"wp-block-columns is-layout-flex wp-container-core-columns-is-layout-9d6595d7 wp-block-columns-is-layout-flex\">\n<div class=\"wp-block-column is-layout-flow wp-block-column-is-layout-flow\">\n<figure class=\"wp-block-image size-full\"><img decoding=\"async\" width=\"3200\" height=\"3200\" src=\"https:\/\/www.billiondaysupplier.com\/wp-content\/uploads\/2025\/08\/wholesale-divided-food-trays-3.webp\" alt=\"Gro\u00dfhandel geteilt Lebensmittel Tabletts (3)\" class=\"wp-image-1085\" style=\"aspect-ratio:1;object-fit:cover\" srcset=\"https:\/\/www.billiondaysupplier.com\/wp-content\/uploads\/2025\/08\/wholesale-divided-food-trays-3.webp 3200w, https:\/\/www.billiondaysupplier.com\/wp-content\/uploads\/2025\/08\/wholesale-divided-food-trays-3-300x300.webp 300w, https:\/\/www.billiondaysupplier.com\/wp-content\/uploads\/2025\/08\/wholesale-divided-food-trays-3-150x150.webp 150w, https:\/\/www.billiondaysupplier.com\/wp-content\/uploads\/2025\/08\/wholesale-divided-food-trays-3-768x768.webp 768w, https:\/\/www.billiondaysupplier.com\/wp-content\/uploads\/2025\/08\/wholesale-divided-food-trays-3-12x12.webp 12w, https:\/\/www.billiondaysupplier.com\/wp-content\/uploads\/2025\/08\/wholesale-divided-food-trays-3-1200x1200.webp 1200w, https:\/\/www.billiondaysupplier.com\/wp-content\/uploads\/2025\/08\/wholesale-divided-food-trays-3-600x600.webp 600w, https:\/\/www.billiondaysupplier.com\/wp-content\/uploads\/2025\/08\/wholesale-divided-food-trays-3-100x100.webp 100w\" sizes=\"(max-width: 3200px) 100vw, 3200px\" \/><\/figure>\n<\/div>\n\n\n\n<div class=\"wp-block-column is-layout-flow wp-block-column-is-layout-flow\">\n<figure class=\"wp-block-image size-full\"><img decoding=\"async\" width=\"2362\" height=\"2362\" src=\"https:\/\/www.billiondaysupplier.com\/wp-content\/uploads\/2025\/08\/wholesale-divided-food-trays-2.webp\" alt=\"Gro\u00dfhandel geteilt Lebensmittel Tabletts (2)\" class=\"wp-image-1084\" style=\"aspect-ratio:1;object-fit:cover\" srcset=\"https:\/\/www.billiondaysupplier.com\/wp-content\/uploads\/2025\/08\/wholesale-divided-food-trays-2.webp 2362w, https:\/\/www.billiondaysupplier.com\/wp-content\/uploads\/2025\/08\/wholesale-divided-food-trays-2-300x300.webp 300w, https:\/\/www.billiondaysupplier.com\/wp-content\/uploads\/2025\/08\/wholesale-divided-food-trays-2-150x150.webp 150w, https:\/\/www.billiondaysupplier.com\/wp-content\/uploads\/2025\/08\/wholesale-divided-food-trays-2-768x768.webp 768w, https:\/\/www.billiondaysupplier.com\/wp-content\/uploads\/2025\/08\/wholesale-divided-food-trays-2-12x12.webp 12w, https:\/\/www.billiondaysupplier.com\/wp-content\/uploads\/2025\/08\/wholesale-divided-food-trays-2-1200x1200.webp 1200w, https:\/\/www.billiondaysupplier.com\/wp-content\/uploads\/2025\/08\/wholesale-divided-food-trays-2-600x600.webp 600w, https:\/\/www.billiondaysupplier.com\/wp-content\/uploads\/2025\/08\/wholesale-divided-food-trays-2-100x100.webp 100w\" sizes=\"(max-width: 2362px) 100vw, 2362px\" \/><\/figure>\n<\/div>\n<\/div>","protected":false},"excerpt":{"rendered":"<p>Unterteilte Speisetabletts f\u00fcr den Gro\u00dfhandel aus lebensmittelechtem Edelstahl, mit hochwertiger Konstruktion und stapelbarer Ausf\u00fchrung, perfekt f\u00fcr Schulen, Kantinen und Gro\u00dfk\u00fcchen. Die unterteilten F\u00e4cher gew\u00e4hrleisten eine effiziente Portionierung der Mahlzeiten, w\u00e4hrend die glatte, leicht zu reinigende Oberfl\u00e4che Hygiene und Langlebigkeit garantiert. Kontaktieren Sie uns f\u00fcr Gro\u00dfhandelspreise und individuelle L\u00f6sungen!<\/p>\n<h2>Parameter\uff1a geteilte Lebensmittelschalen<\/h2>\n<table border=\"0\" width=\"404\" cellspacing=\"0\" cellpadding=\"0\">\n<tbody>\n<tr>\n<td style=\"text-align: left;\" width=\"148\" height=\"24\"><strong>Material<\/strong><\/td>\n<td style=\"text-align: left;\" width=\"256\">Rostfreier Stahl 304<\/td>\n<\/tr>\n<tr>\n<td style=\"text-align: left;\" width=\"148\" height=\"24\"><strong>Farbe<\/strong><\/td>\n<td style=\"text-align: left;\" width=\"256\">Silber<\/td>\n<\/tr>\n<tr>\n<td style=\"text-align: left;\" width=\"148\" height=\"24\"><strong>Deckel<\/strong><\/td>\n<td style=\"text-align: left;\" width=\"256\">PP\/Stahl<\/td>\n<\/tr>\n<tr>\n<td style=\"text-align: left;\" width=\"148\" height=\"24\"><strong>Gr\u00f6\u00dfe<\/strong><\/td>\n<td style=\"text-align: left;\" width=\"256\">26*19*4cm<\/td>\n<\/tr>\n<tr>\n<td style=\"text-align: left;\" width=\"148\" height=\"24\"><strong>Gewicht<\/strong><\/td>\n<td style=\"text-align: left;\" width=\"256\">150g<\/td>\n<\/tr>\n<tr>\n<td style=\"text-align: left;\" height=\"92\"><strong>Merkmal<\/strong><\/td>\n<td style=\"text-align: left;\" width=\"256\">1. Angemessene F\u00e4cher<br \/>2. Langlebig und umweltfreundlich<br \/>3. Stapelbar<\/td>\n<\/tr>\n<tr>\n<td style=\"text-align: left;\" height=\"24\"><strong>Kundenspezifische Option<\/strong><\/td>\n<td style=\"text-align: left;\">Logo\/Gr\u00f6\u00dfe\/Verpackung\/Zubeh\u00f6r<\/td>\n<\/tr>\n<\/tbody>\n<\/table>","protected":false},"featured_media":1086,"comment_status":"closed","ping_status":"closed","template":"","meta":{"_acf_changed":false},"product_brand":[],"product_cat":[24],"product_tag":[],"class_list":{"0":"post-1082","1":"product","2":"type-product","3":"status-publish","4":"has-post-thumbnail","6":"product_cat-bulk-custom-food-tray","8":"first","9":"instock","10":"shipping-taxable","11":"product-type-simple"},"acf":[],"_links":{"self":[{"href":"https:\/\/www.billiondaysupplier.com\/de\/wp-json\/wp\/v2\/product\/1082","targetHints":{"allow":["GET"]}}],"collection":[{"href":"https:\/\/www.billiondaysupplier.com\/de\/wp-json\/wp\/v2\/product"}],"about":[{"href":"https:\/\/www.billiondaysupplier.com\/de\/wp-json\/wp\/v2\/types\/product"}],"replies":[{"embeddable":true,"href":"https:\/\/www.billiondaysupplier.com\/de\/wp-json\/wp\/v2\/comments?post=1082"}],"wp:featuredmedia":[{"embeddable":true,"href":"https:\/\/www.billiondaysupplier.com\/de\/wp-json\/wp\/v2\/media\/1086"}],"wp:attachment":[{"href":"https:\/\/www.billiondaysupplier.com\/de\/wp-json\/wp\/v2\/media?parent=1082"}],"wp:term":[{"taxonomy":"product_brand","embeddable":true,"href":"https:\/\/www.billiondaysupplier.com\/de\/wp-json\/wp\/v2\/product_brand?post=1082"},{"taxonomy":"product_cat","embeddable":true,"href":"https:\/\/www.billiondaysupplier.com\/de\/wp-json\/wp\/v2\/product_cat?post=1082"},{"taxonomy":"product_tag","embeddable":true,"href":"https:\/\/www.billiondaysupplier.com\/de\/wp-json\/wp\/v2\/product_tag?post=1082"}],"curies":[{"name":"wp","href":"https:\/\/api.w.org\/{rel}","templated":true}]}}