{"id":1068,"date":"2025-09-07T23:04:35","date_gmt":"2025-09-07T23:04:35","guid":{"rendered":"https:\/\/www.billiondaysupplier.com\/?post_type=product&#038;p=1068"},"modified":"2025-09-22T01:51:36","modified_gmt":"2025-09-22T01:51:36","slug":"wholesale-compartment-food-trays","status":"publish","type":"product","link":"https:\/\/www.billiondaysupplier.com\/de\/product\/wholesale-compartment-food-trays\/","title":{"rendered":"Gro\u00dfhandel Compartment Food Trays Edelstahl geteilt Platten Multi-Size Silber in Bulk"},"content":{"rendered":"<div class=\"wp-block-columns is-layout-flex wp-container-core-columns-is-layout-9d6595d7 wp-block-columns-is-layout-flex\">\n<div class=\"wp-block-column is-layout-flow wp-block-column-is-layout-flow\">\n<h2 class=\"wp-block-heading\">F\u00e4cher-Lebensmittelschalen Merkmale:<\/h2>\n\n\n\n<p><strong>Lebensmittelgeeigneter rostfreier Stahl<\/strong>: Das Material aus Edelstahl ist korrosionsbest\u00e4ndig und kratzfest und damit ideal f\u00fcr den h\u00e4ufigen Gebrauch.<\/p>\n\n\n\n<p><strong>Design mit f\u00fcnf F\u00e4chern:<\/strong> Die effektive Trennung von Speisen hilft Restaurants und Cafeterias, die Zubereitung und Pr\u00e4sentation von Speisen zu optimieren.<\/p>\n\n\n\n<p><strong>Perfekte Gr\u00f6\u00dfe<\/strong>: Die Standardma\u00dfe von 31x25x2,1 cm sind ideal f\u00fcr stark frequentierte Speiselokale wie gro\u00dfe und mittelgro\u00dfe Cafeterien, Universit\u00e4tskantinen und Betriebskantinen.<\/p>\n\n\n\n<p><strong>Einfach zu pflegen<\/strong>: Das Essenstablett ist pr\u00e4zise poliert f\u00fcr eine glatte, nahtlose Oberfl\u00e4che und sp\u00fclmaschinenfest, was den Wartungsaufwand minimiert.<\/p>\n<\/div>\n\n\n\n<div class=\"wp-block-column is-layout-flow wp-block-column-is-layout-flow\">\n<figure class=\"wp-block-image size-full\"><img decoding=\"async\" width=\"265\" height=\"206\" src=\"https:\/\/www.billiondaysupplier.com\/wp-content\/uploads\/2025\/08\/wholesale-compartment-food-trays-3.webp\" alt=\"Gro\u00dfhandel Fach Lebensmittel Tabletts (3)\" class=\"wp-image-1071\" style=\"aspect-ratio:1;object-fit:cover\" srcset=\"https:\/\/www.billiondaysupplier.com\/wp-content\/uploads\/2025\/08\/wholesale-compartment-food-trays-3.webp 265w, https:\/\/www.billiondaysupplier.com\/wp-content\/uploads\/2025\/08\/wholesale-compartment-food-trays-3-15x12.webp 15w\" sizes=\"(max-width: 265px) 100vw, 265px\" \/><\/figure>\n<\/div>\n<\/div>\n\n\n\n<div class=\"wp-block-columns is-layout-flex wp-container-core-columns-is-layout-9d6595d7 wp-block-columns-is-layout-flex\">\n<div class=\"wp-block-column is-layout-flow wp-block-column-is-layout-flow\">\n<figure class=\"wp-block-image size-full\"><img decoding=\"async\" width=\"788\" height=\"555\" src=\"https:\/\/www.billiondaysupplier.com\/wp-content\/uploads\/2025\/08\/wholesale-compartment-food-trays-4.webp\" alt=\"Gro\u00dfhandel Fach Lebensmittel Tabletts (4)\" class=\"wp-image-1072\" style=\"aspect-ratio:1;object-fit:cover\" srcset=\"https:\/\/www.billiondaysupplier.com\/wp-content\/uploads\/2025\/08\/wholesale-compartment-food-trays-4.webp 788w, https:\/\/www.billiondaysupplier.com\/wp-content\/uploads\/2025\/08\/wholesale-compartment-food-trays-4-300x211.webp 300w, https:\/\/www.billiondaysupplier.com\/wp-content\/uploads\/2025\/08\/wholesale-compartment-food-trays-4-768x541.webp 768w, https:\/\/www.billiondaysupplier.com\/wp-content\/uploads\/2025\/08\/wholesale-compartment-food-trays-4-18x12.webp 18w, https:\/\/www.billiondaysupplier.com\/wp-content\/uploads\/2025\/08\/wholesale-compartment-food-trays-4-600x423.webp 600w\" sizes=\"(max-width: 788px) 100vw, 788px\" \/><\/figure>\n<\/div>\n\n\n\n<div class=\"wp-block-column is-layout-flow wp-block-column-is-layout-flow\">\n<figure class=\"wp-block-image size-full\"><img decoding=\"async\" width=\"800\" height=\"800\" src=\"https:\/\/www.billiondaysupplier.com\/wp-content\/uploads\/2025\/08\/wholesale-compartment-food-trays-5.webp\" alt=\"Gro\u00dfhandel Fach Lebensmittel Tabletts (5)\" class=\"wp-image-1073\" style=\"aspect-ratio:1;object-fit:cover\" srcset=\"https:\/\/www.billiondaysupplier.com\/wp-content\/uploads\/2025\/08\/wholesale-compartment-food-trays-5.webp 800w, https:\/\/www.billiondaysupplier.com\/wp-content\/uploads\/2025\/08\/wholesale-compartment-food-trays-5-300x300.webp 300w, https:\/\/www.billiondaysupplier.com\/wp-content\/uploads\/2025\/08\/wholesale-compartment-food-trays-5-150x150.webp 150w, https:\/\/www.billiondaysupplier.com\/wp-content\/uploads\/2025\/08\/wholesale-compartment-food-trays-5-768x768.webp 768w, https:\/\/www.billiondaysupplier.com\/wp-content\/uploads\/2025\/08\/wholesale-compartment-food-trays-5-12x12.webp 12w, https:\/\/www.billiondaysupplier.com\/wp-content\/uploads\/2025\/08\/wholesale-compartment-food-trays-5-600x600.webp 600w, https:\/\/www.billiondaysupplier.com\/wp-content\/uploads\/2025\/08\/wholesale-compartment-food-trays-5-100x100.webp 100w\" sizes=\"(max-width: 800px) 100vw, 800px\" \/><\/figure>\n<\/div>\n<\/div>","protected":false},"excerpt":{"rendered":"<p>Gro\u00dfhandelsf\u00e4cher aus lebensmittelechtem Edelstahl 304, mit 5 F\u00e4chern, ideal f\u00fcr Schulen, Kantinen und Restaurants. Leicht zu reinigen, stapelbar und f\u00fcr hohe St\u00fcckzahlen ausgelegt. Kundenspezifische Gr\u00f6\u00dfen, Logos und Verpackungen erh\u00e4ltlich. Kontaktieren Sie uns f\u00fcr Mengenpreise!<\/p>\n<h2>F\u00e4cher-Lebensmittelschalen Parameter\uff1a<\/h2>\n<table border=\"0\" width=\"404\" cellspacing=\"0\" cellpadding=\"0\">\n<tbody>\n<tr>\n<td style=\"text-align: left;\" width=\"148\" height=\"24\"><strong>Material<\/strong><\/td>\n<td style=\"text-align: left;\" width=\"256\">Rostfreier Stahl 201\/304<\/td>\n<\/tr>\n<tr>\n<td style=\"text-align: left;\" width=\"148\" height=\"24\"><strong>Farbe<\/strong><\/td>\n<td style=\"text-align: left;\" width=\"256\">Silber<\/td>\n<\/tr>\n<tr>\n<td style=\"text-align: left;\" width=\"148\" height=\"24\"><strong>Deckel<\/strong><\/td>\n<td style=\"text-align: left;\" width=\"256\">PP\/Stahl<\/td>\n<\/tr>\n<tr>\n<td style=\"text-align: left;\" width=\"148\" height=\"24\"><strong>Gr\u00f6\u00dfe<\/strong><\/td>\n<td style=\"text-align: left;\" width=\"256\">31*25*2cm<\/td>\n<\/tr>\n<tr>\n<td style=\"text-align: left;\" width=\"148\" height=\"24\"><strong>Gewicht<\/strong><\/td>\n<td style=\"text-align: left;\" width=\"256\">270g<\/td>\n<\/tr>\n<tr>\n<td style=\"text-align: left;\" height=\"92\"><strong>Merkmal<\/strong><\/td>\n<td style=\"text-align: left;\" width=\"256\">1. Angemessene F\u00e4cher<br \/>2. Langlebig und umweltfreundlich<br \/>3. Stapelbar<\/td>\n<\/tr>\n<tr>\n<td style=\"text-align: left;\" height=\"24\"><strong>Kundenspezifische Option<\/strong><\/td>\n<td style=\"text-align: left;\">Logo\/Gr\u00f6\u00dfe\/Verpackung\/Zubeh\u00f6r<\/td>\n<\/tr>\n<\/tbody>\n<\/table>","protected":false},"featured_media":1166,"comment_status":"closed","ping_status":"closed","template":"","meta":{"_acf_changed":false},"product_brand":[],"product_cat":[24],"product_tag":[],"class_list":{"0":"post-1068","1":"product","2":"type-product","3":"status-publish","4":"has-post-thumbnail","6":"product_cat-bulk-custom-food-tray","8":"first","9":"instock","10":"shipping-taxable","11":"product-type-simple"},"acf":[],"_links":{"self":[{"href":"https:\/\/www.billiondaysupplier.com\/de\/wp-json\/wp\/v2\/product\/1068","targetHints":{"allow":["GET"]}}],"collection":[{"href":"https:\/\/www.billiondaysupplier.com\/de\/wp-json\/wp\/v2\/product"}],"about":[{"href":"https:\/\/www.billiondaysupplier.com\/de\/wp-json\/wp\/v2\/types\/product"}],"replies":[{"embeddable":true,"href":"https:\/\/www.billiondaysupplier.com\/de\/wp-json\/wp\/v2\/comments?post=1068"}],"wp:featuredmedia":[{"embeddable":true,"href":"https:\/\/www.billiondaysupplier.com\/de\/wp-json\/wp\/v2\/media\/1166"}],"wp:attachment":[{"href":"https:\/\/www.billiondaysupplier.com\/de\/wp-json\/wp\/v2\/media?parent=1068"}],"wp:term":[{"taxonomy":"product_brand","embeddable":true,"href":"https:\/\/www.billiondaysupplier.com\/de\/wp-json\/wp\/v2\/product_brand?post=1068"},{"taxonomy":"product_cat","embeddable":true,"href":"https:\/\/www.billiondaysupplier.com\/de\/wp-json\/wp\/v2\/product_cat?post=1068"},{"taxonomy":"product_tag","embeddable":true,"href":"https:\/\/www.billiondaysupplier.com\/de\/wp-json\/wp\/v2\/product_tag?post=1068"}],"curies":[{"name":"wp","href":"https:\/\/api.w.org\/{rel}","templated":true}]}}