{"id":1031,"date":"2025-08-28T06:06:38","date_gmt":"2025-08-28T06:06:38","guid":{"rendered":"https:\/\/www.billiondaysupplier.com\/?post_type=product&#038;p=1031"},"modified":"2025-09-07T22:48:32","modified_gmt":"2025-09-07T22:48:32","slug":"bulk-stainless-steel-mixing-bowls-with-lids","status":"publish","type":"product","link":"https:\/\/www.billiondaysupplier.com\/de\/product\/bulk-stainless-steel-mixing-bowls-with-lids\/","title":{"rendered":"Bulk Edelstahl Mischen Schalen mit Deckel, Spiegel Polieren Salatsch\u00fcsseln Multisize Gro\u00dfhandel"},"content":{"rendered":"<div class=\"wp-block-columns is-layout-flex wp-container-core-columns-is-layout-9d6595d7 wp-block-columns-is-layout-flex\">\n<div class=\"wp-block-column is-layout-flow wp-block-column-is-layout-flow\">\n<h2 class=\"wp-block-heading\">R\u00fchrsch\u00fcsseln aus Edelstahl mit Deckeln Merkmale:<\/h2>\n\n\n\n<p><strong>Lebensmittelgeeigneter rostfreier Stahl<\/strong>: Langlebig, korrosions- und oxidationsbest\u00e4ndig, garantiert eine langfristige, sichere und geruchsfreie Verwendung und ist somit ideal f\u00fcr das Gastst\u00e4ttengewerbe und professionelle K\u00fcchen.<\/p>\n\n\n\n<p><strong>Hochglanzpolitur<\/strong>: Die glatte, spiegel\u00e4hnliche Oberfl\u00e4che unterstreicht die Eleganz jeder K\u00fcche oder jedes Restaurants, ist aber gleichzeitig leicht zu reinigen und resistent gegen Flecken und Ger\u00fcche.<\/p>\n\n\n\n<p><strong>Versiegelter Deckel:<\/strong> Ein fest sitzender Deckel sorgt f\u00fcr eine bequeme Aufbewahrung und Konservierung der Zutaten und verhindert Geruchs\u00fcbertragung und Staub.<\/p>\n\n\n\n<p><strong>Anti-Rutsch-Boden: <\/strong>Ein Anti-Rutsch-Ring am Boden sorgt f\u00fcr Stabilit\u00e4t beim R\u00fchren oder Mischen von Zutaten, verhindert das Ausrutschen und Versch\u00fctten und erh\u00f6ht die Betriebssicherheit.<\/p>\n\n\n\n<p><strong>Verschiedene Gr\u00f6\u00dfen verf\u00fcgbar<\/strong>: Erh\u00e4ltlich in einer Vielzahl von Kapazit\u00e4ten, von klein bis gro\u00df, um Ihren Bed\u00fcrfnissen beim Mischen von Salaten, Kneten von Teig, Marinieren, Mischen von So\u00dfen, K\u00fchlen oder Servieren einer Vielzahl von Zutaten gerecht zu werden.<\/p>\n\n\n\n<p><strong>Multifunktionales K\u00fcchenger\u00e4t<\/strong>: Geeignet f\u00fcr die Zubereitung von Salaten, das Mischen von Kuchenteig, die Aufbewahrung von Lebensmitteln, das Marinieren von Fleisch, das Vorbacken und das K\u00fchlen. Diese vielseitige Sch\u00fcssel verbessert die Effizienz im Gastst\u00e4ttengewerbe.<\/p>\n\n\n\n<p><strong>Billion Day Fabrik direkt liefern<\/strong>Unterst\u00fctzt gro\u00dfe Lieferungen und kundenspezifische LOGO\/Farben, geeignet f\u00fcr Restaurants, Hotels, Superm\u00e4rkte und Gro\u00dfh\u00e4ndler f\u00fcr K\u00fcchenbedarf.<\/p>\n<\/div>\n\n\n\n<div class=\"wp-block-column is-layout-flow wp-block-column-is-layout-flow\">\n<figure class=\"wp-block-image size-full\"><img decoding=\"async\" width=\"3125\" height=\"3125\" src=\"https:\/\/www.billiondaysupplier.com\/wp-content\/uploads\/2025\/08\/bulk-stainless-steel-mixing-bowls-with-lids-4.webp\" alt=\"lose Mischsch\u00fcsseln aus Edelstahl mit Deckeln (4)\" class=\"wp-image-1035\" srcset=\"https:\/\/www.billiondaysupplier.com\/wp-content\/uploads\/2025\/08\/bulk-stainless-steel-mixing-bowls-with-lids-4.webp 3125w, https:\/\/www.billiondaysupplier.com\/wp-content\/uploads\/2025\/08\/bulk-stainless-steel-mixing-bowls-with-lids-4-300x300.webp 300w, https:\/\/www.billiondaysupplier.com\/wp-content\/uploads\/2025\/08\/bulk-stainless-steel-mixing-bowls-with-lids-4-150x150.webp 150w, https:\/\/www.billiondaysupplier.com\/wp-content\/uploads\/2025\/08\/bulk-stainless-steel-mixing-bowls-with-lids-4-768x768.webp 768w, https:\/\/www.billiondaysupplier.com\/wp-content\/uploads\/2025\/08\/bulk-stainless-steel-mixing-bowls-with-lids-4-12x12.webp 12w, https:\/\/www.billiondaysupplier.com\/wp-content\/uploads\/2025\/08\/bulk-stainless-steel-mixing-bowls-with-lids-4-1200x1200.webp 1200w, https:\/\/www.billiondaysupplier.com\/wp-content\/uploads\/2025\/08\/bulk-stainless-steel-mixing-bowls-with-lids-4-600x600.webp 600w, https:\/\/www.billiondaysupplier.com\/wp-content\/uploads\/2025\/08\/bulk-stainless-steel-mixing-bowls-with-lids-4-100x100.webp 100w\" sizes=\"(max-width: 3125px) 100vw, 3125px\" \/><\/figure>\n<\/div>\n<\/div>\n\n\n\n<div class=\"wp-block-columns is-layout-flex wp-container-core-columns-is-layout-9d6595d7 wp-block-columns-is-layout-flex\">\n<div class=\"wp-block-column is-layout-flow wp-block-column-is-layout-flow\">\n<figure class=\"wp-block-image size-full\"><img decoding=\"async\" width=\"2829\" height=\"2858\" src=\"https:\/\/www.billiondaysupplier.com\/wp-content\/uploads\/2025\/08\/bulk-stainless-steel-mixing-bowls-with-lids-3.webp\" alt=\"lose Mischsch\u00fcsseln aus Edelstahl mit Deckeln (3)\" class=\"wp-image-1034\" srcset=\"https:\/\/www.billiondaysupplier.com\/wp-content\/uploads\/2025\/08\/bulk-stainless-steel-mixing-bowls-with-lids-3.webp 2829w, https:\/\/www.billiondaysupplier.com\/wp-content\/uploads\/2025\/08\/bulk-stainless-steel-mixing-bowls-with-lids-3-297x300.webp 297w, https:\/\/www.billiondaysupplier.com\/wp-content\/uploads\/2025\/08\/bulk-stainless-steel-mixing-bowls-with-lids-3-768x776.webp 768w, https:\/\/www.billiondaysupplier.com\/wp-content\/uploads\/2025\/08\/bulk-stainless-steel-mixing-bowls-with-lids-3-12x12.webp 12w, https:\/\/www.billiondaysupplier.com\/wp-content\/uploads\/2025\/08\/bulk-stainless-steel-mixing-bowls-with-lids-3-1200x1212.webp 1200w, https:\/\/www.billiondaysupplier.com\/wp-content\/uploads\/2025\/08\/bulk-stainless-steel-mixing-bowls-with-lids-3-600x606.webp 600w, https:\/\/www.billiondaysupplier.com\/wp-content\/uploads\/2025\/08\/bulk-stainless-steel-mixing-bowls-with-lids-3-100x100.webp 100w\" sizes=\"(max-width: 2829px) 100vw, 2829px\" \/><\/figure>\n<\/div>\n\n\n\n<div class=\"wp-block-column is-layout-flow wp-block-column-is-layout-flow\">\n<figure class=\"wp-block-image size-full\"><img decoding=\"async\" width=\"2829\" height=\"2829\" src=\"https:\/\/www.billiondaysupplier.com\/wp-content\/uploads\/2025\/08\/bulk-stainless-steel-mixing-bowls-with-lids-5.webp\" alt=\"lose Mischsch\u00fcsseln aus Edelstahl mit Deckeln (5)\" class=\"wp-image-1036\" srcset=\"https:\/\/www.billiondaysupplier.com\/wp-content\/uploads\/2025\/08\/bulk-stainless-steel-mixing-bowls-with-lids-5.webp 2829w, https:\/\/www.billiondaysupplier.com\/wp-content\/uploads\/2025\/08\/bulk-stainless-steel-mixing-bowls-with-lids-5-300x300.webp 300w, https:\/\/www.billiondaysupplier.com\/wp-content\/uploads\/2025\/08\/bulk-stainless-steel-mixing-bowls-with-lids-5-150x150.webp 150w, https:\/\/www.billiondaysupplier.com\/wp-content\/uploads\/2025\/08\/bulk-stainless-steel-mixing-bowls-with-lids-5-768x768.webp 768w, https:\/\/www.billiondaysupplier.com\/wp-content\/uploads\/2025\/08\/bulk-stainless-steel-mixing-bowls-with-lids-5-12x12.webp 12w, https:\/\/www.billiondaysupplier.com\/wp-content\/uploads\/2025\/08\/bulk-stainless-steel-mixing-bowls-with-lids-5-1200x1200.webp 1200w, https:\/\/www.billiondaysupplier.com\/wp-content\/uploads\/2025\/08\/bulk-stainless-steel-mixing-bowls-with-lids-5-600x600.webp 600w, https:\/\/www.billiondaysupplier.com\/wp-content\/uploads\/2025\/08\/bulk-stainless-steel-mixing-bowls-with-lids-5-100x100.webp 100w\" sizes=\"(max-width: 2829px) 100vw, 2829px\" \/><\/figure>\n<\/div>\n<\/div>","protected":false},"excerpt":{"rendered":"<p>Billion Day liefert lose Edelstahl-Mischsch\u00fcsseln mit Deckel, Hochglanzpolitur, rutschfester Boden, verschiedene Gr\u00f6\u00dfen und verschiedene Verwendungsm\u00f6glichkeiten, geeignet f\u00fcr den Gro\u00dfhandel in Restaurants, Hotels und K\u00fcchen. Wir bieten ODM\/OEM-Service und eine stabile Versorgung. Kontaktieren Sie uns und erfahren Sie mehr \u00fcber unseren ma\u00dfgeschneiderten Gro\u00dfhandelsservice aus einer Hand!<\/p>\n<h2>Edelstahl-R\u00fchrsch\u00fcsseln mit Deckeln Parameter\uff1a<\/h2>\n<table border=\"0\" width=\"404\" cellspacing=\"0\" cellpadding=\"0\">\n<tbody>\n<tr>\n<td style=\"text-align: left;\" width=\"148\" height=\"24\"><strong>Material<\/strong><\/td>\n<td style=\"text-align: left;\" width=\"256\">Rostfreier Stahl 201<\/td>\n<\/tr>\n<tr>\n<td style=\"text-align: left;\" height=\"69\"><strong>Farbe<\/strong><\/td>\n<td style=\"text-align: left;\" width=\"256\">Silber<\/td>\n<\/tr>\n<tr>\n<td style=\"text-align: left;\" height=\"69\"><strong>Anmeldung<\/strong><\/td>\n<td style=\"text-align: left;\" width=\"256\">Umr\u00fchren, Salat mischen, Teig kneten, So\u00dfen zubereiten, Zutaten servieren<\/td>\n<\/tr>\n<tr>\n<td style=\"text-align: left;\" height=\"69\"><strong>Occasin<\/strong><\/td>\n<td style=\"text-align: left;\" width=\"256\">Heimk\u00fcchen, Cafeterias, B\u00e4ckereien, Gro\u00dfk\u00fcchen, Buffets und Camping.<\/td>\n<\/tr>\n<tr>\n<td style=\"text-align: left;\" height=\"92\"><strong>Merkmal<\/strong><\/td>\n<td style=\"text-align: left;\" width=\"256\">1. Leicht zu reinigen<br \/>2. Dauerhaft<\/td>\n<\/tr>\n<tr>\n<td style=\"text-align: left;\" height=\"24\"><strong>Kundenspezifische Option<\/strong><\/td>\n<td style=\"text-align: left;\">Logo\/Deckel\/Verpackung\/Zubeh\u00f6r<\/td>\n<\/tr>\n<\/tbody>\n<\/table>","protected":false},"featured_media":1032,"comment_status":"closed","ping_status":"closed","template":"","meta":{"_acf_changed":false},"product_brand":[],"product_cat":[25],"product_tag":[],"class_list":{"0":"post-1031","1":"product","2":"type-product","3":"status-publish","4":"has-post-thumbnail","6":"product_cat-bulk-custom-mixing-bowls","8":"first","9":"instock","10":"shipping-taxable","11":"product-type-simple"},"acf":[],"_links":{"self":[{"href":"https:\/\/www.billiondaysupplier.com\/de\/wp-json\/wp\/v2\/product\/1031","targetHints":{"allow":["GET"]}}],"collection":[{"href":"https:\/\/www.billiondaysupplier.com\/de\/wp-json\/wp\/v2\/product"}],"about":[{"href":"https:\/\/www.billiondaysupplier.com\/de\/wp-json\/wp\/v2\/types\/product"}],"replies":[{"embeddable":true,"href":"https:\/\/www.billiondaysupplier.com\/de\/wp-json\/wp\/v2\/comments?post=1031"}],"wp:featuredmedia":[{"embeddable":true,"href":"https:\/\/www.billiondaysupplier.com\/de\/wp-json\/wp\/v2\/media\/1032"}],"wp:attachment":[{"href":"https:\/\/www.billiondaysupplier.com\/de\/wp-json\/wp\/v2\/media?parent=1031"}],"wp:term":[{"taxonomy":"product_brand","embeddable":true,"href":"https:\/\/www.billiondaysupplier.com\/de\/wp-json\/wp\/v2\/product_brand?post=1031"},{"taxonomy":"product_cat","embeddable":true,"href":"https:\/\/www.billiondaysupplier.com\/de\/wp-json\/wp\/v2\/product_cat?post=1031"},{"taxonomy":"product_tag","embeddable":true,"href":"https:\/\/www.billiondaysupplier.com\/de\/wp-json\/wp\/v2\/product_tag?post=1031"}],"curies":[{"name":"wp","href":"https:\/\/api.w.org\/{rel}","templated":true}]}}