{"id":1018,"date":"2025-08-28T03:04:03","date_gmt":"2025-08-28T03:04:03","guid":{"rendered":"https:\/\/www.billiondaysupplier.com\/?post_type=product&#038;p=1018"},"modified":"2025-10-18T12:10:46","modified_gmt":"2025-10-18T12:10:46","slug":"wholesale-food-tray-with-handles","status":"publish","type":"product","link":"https:\/\/www.billiondaysupplier.com\/de\/product\/wholesale-food-tray-with-handles\/","title":{"rendered":"Gro\u00dfhandel Lebensmittel-Tablett mit Griffen, Edelstahl-Backform-Sets in Bulk"},"content":{"rendered":"<div class=\"wp-block-columns is-layout-flex wp-container-core-columns-is-layout-9d6595d7 wp-block-columns-is-layout-flex\">\n<div class=\"wp-block-column is-layout-flow wp-block-column-is-layout-flow\">\n<h2 class=\"wp-block-heading\">Essenstablett mit Griffen Merkmale:<\/h2>\n\n\n\n<p><strong>Hochwertiger Edelstahl<\/strong>: Er ist aus lebensmittelechtem Edelstahl gefertigt, der hohen Temperaturen standh\u00e4lt und rost- und korrosionsbest\u00e4ndig ist, was ihn ideal f\u00fcr den wiederholten Einsatz beim Backen und in der Gastronomie macht.<\/p>\n\n\n\n<p><strong>Minimalistischer japanischer Stil<\/strong>: Mit seinen schlanken Linien und klaren Konturen pr\u00e4sentiert er die Speisen ordentlich und \u00fcbersichtlich und unterstreicht so die \u00c4sthetik Ihres Tisches.<\/p>\n\n\n\n<p><strong>Multifunktionaler Einsatz<\/strong>: Geeignet zum Backen, Marinieren von Zutaten, Servieren von Speisen und Ausstellen von Lebensmitteln. Vielseitig einsetzbar in Restaurants, Hotels, B\u00e4ckereien und mehr.<\/p>\n\n\n\n<p><strong>Verst\u00e4rkte Griffe:<\/strong> Stabile Griffe an beiden Seiten erleichtern den Transport von hei\u00dfen Speisen und gro\u00dfen Portionen von Zutaten und verbessern die Betriebseffizienz und Sicherheit.<\/p>\n\n\n\n<p><strong>Multi-Size-Set<\/strong>: Stapelbar zur platzsparenden Aufbewahrung, f\u00fcr verschiedene Koch- und Servieranforderungen.<\/p>\n\n\n\n<p><strong>Konstruktion mit flachem Boden<\/strong>: Gew\u00e4hrleistet eine gleichm\u00e4\u00dfige W\u00e4rmeverteilung f\u00fcr gleichbleibende Backergebnisse, auch f\u00fcr die K\u00fchlung oder Lagerung von Lebensmitteln geeignet.<\/p>\n\n\n\n<p><strong>OEM\/ODM-Anpassung<\/strong>: Unterst\u00fctzt Logoanpassungen, Gr\u00f6\u00dfenanpassungen und ma\u00dfgeschneiderte Verpackungsl\u00f6sungen, um den unterschiedlichen Anforderungen von Gro\u00dfhandel und Marken gerecht zu werden.<\/p>\n<\/div>\n\n\n\n<div class=\"wp-block-column is-layout-flow wp-block-column-is-layout-flow\">\n<figure class=\"wp-block-image size-full\"><img decoding=\"async\" width=\"720\" height=\"720\" src=\"https:\/\/www.billiondaysupplier.com\/wp-content\/uploads\/2025\/08\/wholesale-food-tray-with-handles-1.webp\" alt=\"Gro\u00dfhandel Lebensmittel Tablett mit Griffen Edelstahl(1)\" class=\"wp-image-1019\" srcset=\"https:\/\/www.billiondaysupplier.com\/wp-content\/uploads\/2025\/08\/wholesale-food-tray-with-handles-1.webp 720w, https:\/\/www.billiondaysupplier.com\/wp-content\/uploads\/2025\/08\/wholesale-food-tray-with-handles-1-300x300.webp 300w, https:\/\/www.billiondaysupplier.com\/wp-content\/uploads\/2025\/08\/wholesale-food-tray-with-handles-1-150x150.webp 150w, https:\/\/www.billiondaysupplier.com\/wp-content\/uploads\/2025\/08\/wholesale-food-tray-with-handles-1-12x12.webp 12w, https:\/\/www.billiondaysupplier.com\/wp-content\/uploads\/2025\/08\/wholesale-food-tray-with-handles-1-600x600.webp 600w, https:\/\/www.billiondaysupplier.com\/wp-content\/uploads\/2025\/08\/wholesale-food-tray-with-handles-1-100x100.webp 100w\" sizes=\"(max-width: 720px) 100vw, 720px\" \/><\/figure>\n<\/div>\n<\/div>\n\n\n\n<div class=\"wp-block-columns is-layout-flex wp-container-core-columns-is-layout-9d6595d7 wp-block-columns-is-layout-flex\">\n<div class=\"wp-block-column is-layout-flow wp-block-column-is-layout-flow\">\n<figure class=\"wp-block-image size-full\"><img decoding=\"async\" width=\"720\" height=\"720\" src=\"https:\/\/www.billiondaysupplier.com\/wp-content\/uploads\/2025\/08\/wholesale-food-tray-with-handles-6.webp\" alt=\"Gro\u00dfhandel Lebensmittel Tablett mit Griffen Edelstahl (6)\" class=\"wp-image-1024\" srcset=\"https:\/\/www.billiondaysupplier.com\/wp-content\/uploads\/2025\/08\/wholesale-food-tray-with-handles-6.webp 720w, https:\/\/www.billiondaysupplier.com\/wp-content\/uploads\/2025\/08\/wholesale-food-tray-with-handles-6-300x300.webp 300w, https:\/\/www.billiondaysupplier.com\/wp-content\/uploads\/2025\/08\/wholesale-food-tray-with-handles-6-150x150.webp 150w, https:\/\/www.billiondaysupplier.com\/wp-content\/uploads\/2025\/08\/wholesale-food-tray-with-handles-6-12x12.webp 12w, https:\/\/www.billiondaysupplier.com\/wp-content\/uploads\/2025\/08\/wholesale-food-tray-with-handles-6-600x600.webp 600w, https:\/\/www.billiondaysupplier.com\/wp-content\/uploads\/2025\/08\/wholesale-food-tray-with-handles-6-100x100.webp 100w\" sizes=\"(max-width: 720px) 100vw, 720px\" \/><\/figure>\n<\/div>\n\n\n\n<div class=\"wp-block-column is-layout-flow wp-block-column-is-layout-flow\">\n<figure class=\"wp-block-image size-full\"><img decoding=\"async\" width=\"720\" height=\"720\" src=\"https:\/\/www.billiondaysupplier.com\/wp-content\/uploads\/2025\/08\/wholesale-food-tray-with-handles-2.webp\" alt=\"Gro\u00dfhandel Lebensmittel Tablett mit Griffen Edelstahl(2)\" class=\"wp-image-1020\" srcset=\"https:\/\/www.billiondaysupplier.com\/wp-content\/uploads\/2025\/08\/wholesale-food-tray-with-handles-2.webp 720w, https:\/\/www.billiondaysupplier.com\/wp-content\/uploads\/2025\/08\/wholesale-food-tray-with-handles-2-300x300.webp 300w, https:\/\/www.billiondaysupplier.com\/wp-content\/uploads\/2025\/08\/wholesale-food-tray-with-handles-2-150x150.webp 150w, https:\/\/www.billiondaysupplier.com\/wp-content\/uploads\/2025\/08\/wholesale-food-tray-with-handles-2-12x12.webp 12w, https:\/\/www.billiondaysupplier.com\/wp-content\/uploads\/2025\/08\/wholesale-food-tray-with-handles-2-600x600.webp 600w, https:\/\/www.billiondaysupplier.com\/wp-content\/uploads\/2025\/08\/wholesale-food-tray-with-handles-2-100x100.webp 100w\" sizes=\"(max-width: 720px) 100vw, 720px\" \/><\/figure>\n<\/div>\n<\/div>","protected":false},"excerpt":{"rendered":"<p>Gro\u00dfhandel Lebensmittel-Tablett mit Griffen, aus rostfreiem Stahl, Backofen-sicher, Hitze gleichm\u00e4\u00dfig, und sind leicht zu reinigen. Perfekt f\u00fcr Restaurants, B\u00e4ckereien, und zu Hause. Wir bieten kundenspezifische Optionen in gro\u00dfen Mengen zu Fabrikpreisen. Kontaktieren Sie uns f\u00fcr ein Angebot!<\/p>\n<h2>Lebensmitteltablett mit Griffen Parameter\uff1a<\/h2>\n<table border=\"0\" width=\"404\" cellspacing=\"0\" cellpadding=\"0\">\n<tbody>\n<tr>\n<td style=\"text-align: left;\" width=\"148\" height=\"24\"><strong>Material<\/strong><\/td>\n<td style=\"text-align: left;\" width=\"256\">Rostfreier Stahl 201<\/td>\n<\/tr>\n<tr>\n<td style=\"text-align: left;\" height=\"92\"><strong>Merkmal<\/strong><\/td>\n<td style=\"text-align: left;\" width=\"256\">1. Anti-Verbr\u00fchungs-Griff<br \/>2. Langlebig und umweltfreundlich<br \/>3. Stapelbar<br \/>4. Backofenfest<\/td>\n<\/tr>\n<tr>\n<td style=\"text-align: left;\" height=\"24\"><strong>Kundenspezifische Option<\/strong><\/td>\n<td style=\"text-align: left;\">Logo\/Gr\u00f6\u00dfe\/Verpackung<\/td>\n<\/tr>\n<\/tbody>\n<\/table>","protected":false},"featured_media":1019,"comment_status":"closed","ping_status":"closed","template":"","meta":{"_acf_changed":true},"product_brand":[],"product_cat":[24],"product_tag":[],"class_list":{"0":"post-1018","1":"product","2":"type-product","3":"status-publish","4":"has-post-thumbnail","6":"product_cat-bulk-custom-food-tray","8":"first","9":"instock","10":"shipping-taxable","11":"product-type-simple"},"acf":[],"_links":{"self":[{"href":"https:\/\/www.billiondaysupplier.com\/de\/wp-json\/wp\/v2\/product\/1018","targetHints":{"allow":["GET"]}}],"collection":[{"href":"https:\/\/www.billiondaysupplier.com\/de\/wp-json\/wp\/v2\/product"}],"about":[{"href":"https:\/\/www.billiondaysupplier.com\/de\/wp-json\/wp\/v2\/types\/product"}],"replies":[{"embeddable":true,"href":"https:\/\/www.billiondaysupplier.com\/de\/wp-json\/wp\/v2\/comments?post=1018"}],"wp:featuredmedia":[{"embeddable":true,"href":"https:\/\/www.billiondaysupplier.com\/de\/wp-json\/wp\/v2\/media\/1019"}],"wp:attachment":[{"href":"https:\/\/www.billiondaysupplier.com\/de\/wp-json\/wp\/v2\/media?parent=1018"}],"wp:term":[{"taxonomy":"product_brand","embeddable":true,"href":"https:\/\/www.billiondaysupplier.com\/de\/wp-json\/wp\/v2\/product_brand?post=1018"},{"taxonomy":"product_cat","embeddable":true,"href":"https:\/\/www.billiondaysupplier.com\/de\/wp-json\/wp\/v2\/product_cat?post=1018"},{"taxonomy":"product_tag","embeddable":true,"href":"https:\/\/www.billiondaysupplier.com\/de\/wp-json\/wp\/v2\/product_tag?post=1018"}],"curies":[{"name":"wp","href":"https:\/\/api.w.org\/{rel}","templated":true}]}}