{"id":1004,"date":"2025-08-28T01:42:21","date_gmt":"2025-08-28T01:42:21","guid":{"rendered":"https:\/\/www.billiondaysupplier.com\/?post_type=product&#038;p=1004"},"modified":"2025-09-22T01:49:48","modified_gmt":"2025-09-22T01:49:48","slug":"wholesale-cstainless-steel-food-tray","status":"publish","type":"product","link":"https:\/\/www.billiondaysupplier.com\/de\/product\/wholesale-cstainless-steel-food-tray\/","title":{"rendered":"Gro\u00dfhandel Edelstahl Lebensmittel Tablett, 3-Kammer-Platte Kindergarten f\u00fcr Bulk Supply"},"content":{"rendered":"<div class=\"wp-block-columns is-layout-flex wp-container-core-columns-is-layout-9d6595d7 wp-block-columns-is-layout-flex\">\n<div class=\"wp-block-column is-layout-flow wp-block-column-is-layout-flow\">\n<h2 class=\"wp-block-heading\">Edelstahl-Lebensmitteltablett Merkmale:<\/h2>\n\n\n\n<p><strong>Praktisches Design<\/strong>: Die leichte Konstruktion erleichtert den zentralen Einsatz in Kinderg\u00e4rten und Schulen und ist f\u00fcr die Kinder leicht zu handhaben.<\/p>\n\n\n\n<p><strong>Flache Tablettstruktur<\/strong>Die H\u00f6he von 2 cm erm\u00f6glicht die Aufnahme von festen oder halbfl\u00fcssigen Mahlzeiten, was eine schnelle Verteilung der Mahlzeiten und eine zentrale Reinigung erm\u00f6glicht.<\/p>\n\n\n\n<p><strong>Effiziente Massenspeisung:<\/strong> Die Anordnung der drei F\u00e4cher erm\u00f6glicht eine schnelle Zusammenstellung von Hauptgerichten und Beilagen und steigert die Effizienz der Speisenverteilung.<\/p>\n\n\n\n<p><strong>Hochwertige Materialien<\/strong>: Edelstahl in Lebensmittelqualit\u00e4t garantiert Sicherheit, Ungiftigkeit und Langlebigkeit.<\/p>\n\n\n\n<p><strong>Kommerzielle Reinigung Kompatibilit\u00e4t<\/strong>: Sp\u00fclmaschinen- und sterilisiersicher, unterst\u00fctzt den h\u00e4ufigen Gebrauch und senkt die Betriebskosten.<\/p>\n\n\n\n<p><strong>Fabrikdirektlieferung<\/strong>: Bietet OEM\/ODM-Dienstleistungen mit stabilen Massenlieferungen an, um den zentralen Beschaffungsbedarf von Beh\u00f6rden, Bildungseinrichtungen und \u00e4hnlichen Organisationen zu decken.<\/p>\n<\/div>\n\n\n\n<div class=\"wp-block-column is-layout-flow wp-block-column-is-layout-flow\">\n<figure class=\"wp-block-image size-full\"><img decoding=\"async\" width=\"676\" height=\"677\" src=\"https:\/\/www.billiondaysupplier.com\/wp-content\/uploads\/2025\/08\/wholesale-stainless-steel-food-tray2.webp\" alt=\"Gro\u00dfhandel Edelstahl Lebensmittel Tablett(2)\" class=\"wp-image-1006\" srcset=\"https:\/\/www.billiondaysupplier.com\/wp-content\/uploads\/2025\/08\/wholesale-stainless-steel-food-tray2.webp 676w, https:\/\/www.billiondaysupplier.com\/wp-content\/uploads\/2025\/08\/wholesale-stainless-steel-food-tray2-300x300.webp 300w, https:\/\/www.billiondaysupplier.com\/wp-content\/uploads\/2025\/08\/wholesale-stainless-steel-food-tray2-150x150.webp 150w, https:\/\/www.billiondaysupplier.com\/wp-content\/uploads\/2025\/08\/wholesale-stainless-steel-food-tray2-12x12.webp 12w, https:\/\/www.billiondaysupplier.com\/wp-content\/uploads\/2025\/08\/wholesale-stainless-steel-food-tray2-600x601.webp 600w, https:\/\/www.billiondaysupplier.com\/wp-content\/uploads\/2025\/08\/wholesale-stainless-steel-food-tray2-100x100.webp 100w\" sizes=\"(max-width: 676px) 100vw, 676px\" \/><\/figure>\n<\/div>\n<\/div>\n\n\n\n<div class=\"wp-block-columns is-layout-flex wp-container-core-columns-is-layout-9d6595d7 wp-block-columns-is-layout-flex\">\n<div class=\"wp-block-column is-layout-flow wp-block-column-is-layout-flow\">\n<figure class=\"wp-block-image size-full\"><img decoding=\"async\" width=\"422\" height=\"339\" src=\"https:\/\/www.billiondaysupplier.com\/wp-content\/uploads\/2025\/08\/wholesale-stainless-steel-food-tray1.webp\" alt=\"Gro\u00dfhandel Edelstahl Lebensmittel Tablett(1)\" class=\"wp-image-1005\" srcset=\"https:\/\/www.billiondaysupplier.com\/wp-content\/uploads\/2025\/08\/wholesale-stainless-steel-food-tray1.webp 422w, https:\/\/www.billiondaysupplier.com\/wp-content\/uploads\/2025\/08\/wholesale-stainless-steel-food-tray1-300x241.webp 300w, https:\/\/www.billiondaysupplier.com\/wp-content\/uploads\/2025\/08\/wholesale-stainless-steel-food-tray1-15x12.webp 15w\" sizes=\"(max-width: 422px) 100vw, 422px\" \/><\/figure>\n<\/div>\n\n\n\n<div class=\"wp-block-column is-layout-flow wp-block-column-is-layout-flow\">\n<figure class=\"wp-block-image size-full\"><img decoding=\"async\" width=\"400\" height=\"400\" src=\"https:\/\/www.billiondaysupplier.com\/wp-content\/uploads\/2025\/08\/wholesale-stainless-steel-food-tray4.webp\" alt=\"Gro\u00dfhandel Edelstahl Lebensmittel Tablett(4)\" class=\"wp-image-1008\" style=\"aspect-ratio:1;object-fit:cover\" srcset=\"https:\/\/www.billiondaysupplier.com\/wp-content\/uploads\/2025\/08\/wholesale-stainless-steel-food-tray4.webp 400w, https:\/\/www.billiondaysupplier.com\/wp-content\/uploads\/2025\/08\/wholesale-stainless-steel-food-tray4-300x300.webp 300w, https:\/\/www.billiondaysupplier.com\/wp-content\/uploads\/2025\/08\/wholesale-stainless-steel-food-tray4-150x150.webp 150w, https:\/\/www.billiondaysupplier.com\/wp-content\/uploads\/2025\/08\/wholesale-stainless-steel-food-tray4-12x12.webp 12w, https:\/\/www.billiondaysupplier.com\/wp-content\/uploads\/2025\/08\/wholesale-stainless-steel-food-tray4-100x100.webp 100w\" sizes=\"(max-width: 400px) 100vw, 400px\" \/><\/figure>\n<\/div>\n<\/div>","protected":false},"excerpt":{"rendered":"<p>Willkommen im Gro\u00dfhandel Edelstahl Essenstablett mit 3 F\u00e4chern. Entworfen f\u00fcr Schulen, Kinderg\u00e4rten und Kantinen. Leicht, einfach zu reinigen, und eine vern\u00fcnftige Gr\u00f6\u00dfe f\u00fcr Gro\u00dfk\u00fcchen. OEM\/ODM-Anpassung m\u00f6glich. Kontaktieren Sie uns, um ein Angebot f\u00fcr Gro\u00dfhandel Auftr\u00e4ge jetzt!<\/p>\n<h2>Edelstahl-Lebensmitteltablett Parameter\uff1a<\/h2>\n<table border=\"0\" width=\"404\" cellspacing=\"0\" cellpadding=\"0\">\n<tbody>\n<tr>\n<td style=\"text-align: left;\" width=\"148\" height=\"24\"><strong>Material<\/strong><\/td>\n<td style=\"text-align: left;\" width=\"256\">Rostfreier Stahl 201\/304<\/td>\n<\/tr>\n<tr>\n<td style=\"text-align: left;\" width=\"148\" height=\"24\"><strong>Farbe<\/strong><\/td>\n<td style=\"text-align: left;\" width=\"256\">Silber<\/td>\n<\/tr>\n<tr>\n<td style=\"text-align: left;\" width=\"148\" height=\"24\"><strong>Deckel<\/strong><\/td>\n<td style=\"text-align: left;\" width=\"256\">PP\/Stahl<\/td>\n<\/tr>\n<tr>\n<td style=\"text-align: left;\" width=\"148\" height=\"24\"><strong>Gr\u00f6\u00dfe<\/strong><\/td>\n<td style=\"text-align: left;\" width=\"256\">25*21*2,5cm<\/td>\n<\/tr>\n<tr>\n<td style=\"text-align: left;\" width=\"148\" height=\"24\"><strong>Gewicht<\/strong><\/td>\n<td style=\"text-align: left;\" width=\"256\">180g<\/td>\n<\/tr>\n<tr>\n<td style=\"text-align: left;\" height=\"92\"><strong>Merkmal<\/strong><\/td>\n<td style=\"text-align: left;\" width=\"256\">1. Angemessene F\u00e4cher<br \/>2. Langlebig und umweltfreundlich<br \/>3. Stapelbar<\/td>\n<\/tr>\n<tr>\n<td style=\"text-align: left;\" height=\"24\"><strong>Kundenspezifische Option<\/strong><\/td>\n<td style=\"text-align: left;\">Logo\/Gr\u00f6\u00dfe\/Verpackung\/Zubeh\u00f6r<\/td>\n<\/tr>\n<\/tbody>\n<\/table>","protected":false},"featured_media":1165,"comment_status":"closed","ping_status":"closed","template":"","meta":{"_acf_changed":false},"product_brand":[],"product_cat":[24],"product_tag":[],"class_list":{"0":"post-1004","1":"product","2":"type-product","3":"status-publish","4":"has-post-thumbnail","6":"product_cat-bulk-custom-food-tray","8":"first","9":"instock","10":"shipping-taxable","11":"product-type-simple"},"acf":[],"_links":{"self":[{"href":"https:\/\/www.billiondaysupplier.com\/de\/wp-json\/wp\/v2\/product\/1004","targetHints":{"allow":["GET"]}}],"collection":[{"href":"https:\/\/www.billiondaysupplier.com\/de\/wp-json\/wp\/v2\/product"}],"about":[{"href":"https:\/\/www.billiondaysupplier.com\/de\/wp-json\/wp\/v2\/types\/product"}],"replies":[{"embeddable":true,"href":"https:\/\/www.billiondaysupplier.com\/de\/wp-json\/wp\/v2\/comments?post=1004"}],"wp:featuredmedia":[{"embeddable":true,"href":"https:\/\/www.billiondaysupplier.com\/de\/wp-json\/wp\/v2\/media\/1165"}],"wp:attachment":[{"href":"https:\/\/www.billiondaysupplier.com\/de\/wp-json\/wp\/v2\/media?parent=1004"}],"wp:term":[{"taxonomy":"product_brand","embeddable":true,"href":"https:\/\/www.billiondaysupplier.com\/de\/wp-json\/wp\/v2\/product_brand?post=1004"},{"taxonomy":"product_cat","embeddable":true,"href":"https:\/\/www.billiondaysupplier.com\/de\/wp-json\/wp\/v2\/product_cat?post=1004"},{"taxonomy":"product_tag","embeddable":true,"href":"https:\/\/www.billiondaysupplier.com\/de\/wp-json\/wp\/v2\/product_tag?post=1004"}],"curies":[{"name":"wp","href":"https:\/\/api.w.org\/{rel}","templated":true}]}}